{"id":43518,"date":"2019-06-15T11:30:30","date_gmt":"2019-06-15T09:30:30","guid":{"rendered":"https:\/\/gallant-agnesi.188-165-133-218.plesk.page\/palmares-2019\/"},"modified":"2020-06-20T00:10:00","modified_gmt":"2020-06-19T22:10:00","slug":"palmares-2019","status":"publish","type":"page","link":"https:\/\/gallant-agnesi.188-165-133-218.plesk.page\/en\/palmares-2019\/","title":{"rendered":"LIST OF WINNERS"},"content":{"rendered":"<div class=\"wpb-content-wrapper\"><p>[vc_row type=&#8221;vc_default&#8221; full_width=&#8221;stretch_row&#8221; bg_type=&#8221;bg_color&#8221; seperator_enable=&#8221;seperator_enable_value&#8221; seperator_type=&#8221;tilt_left_seperator&#8221; seperator_position=&#8221;bottom_seperator&#8221; seperator_svg_height=&#8221;80&#8243; seperator_shape_background=&#8221;#ffffff&#8221; bg_color_value=&#8221;#eeeeee&#8221; css=&#8221;.vc_custom_1544528840208{margin-top: -50px !important;background-color: #eeeeee !important;}&#8221;][vc_column width=&#8221;3\/4&#8243; css=&#8221;.vc_custom_1489149172677{padding-top: 50px !important;padding-bottom: 50px !important;}&#8221;][vc_custom_heading source=&#8221;post_title&#8221; font_container=&#8221;tag:h2|text_align:left|color:%23000000&#8243; use_theme_fonts=&#8221;yes&#8221;][vc_custom_heading text=&#8221;47TH HUESCA INTERNATIONAL FILM FEST&#8221; font_container=&#8221;tag:h4|text_align:left|line_height:150%25&#8243; use_theme_fonts=&#8221;yes&#8221;][vc_custom_heading text=&#8221;International Short Films Contest&#8221; font_container=&#8221;tag:h5|text_align:left|line_height:150%25&#8243; use_theme_fonts=&#8221;yes&#8221; css=&#8221;.vc_custom_1560540760805{padding-bottom: 20px !important;}&#8221;][\/vc_column][vc_column width=&#8221;1\/4&#8243; offset=&#8221;vc_hidden-sm vc_hidden-xs&#8221;]<style type=\"text\/css\" data-type=\"the7_shortcodes-inline-css\">.dt-breadcrumbs-id-690444a5ae1b9f0db5c05358495008b2 .breadcrumbs {\n  display: inline-block;\n  margin: 0;\n  padding: 2px 10px 2px 10px;\n  border: 0px solid ;\n  border-radius: 0px;\n}\n.dt-breadcrumbs-id-690444a5ae1b9f0db5c05358495008b2 .breadcrumbs * {\n  font-size: 12px;\n  text-transform: uppercase;\n}\n<\/style><div class=\"dt-breadcrumbs-shortcode dt-breadcrumbs-id-690444a5ae1b9f0db5c05358495008b2 align-right\"><div class=\"assistive-text\">You are here:<\/div><ol class=\"breadcrumbs text-small\" itemscope itemtype=\"https:\/\/schema.org\/BreadcrumbList\"><li itemprop=\"itemListElement\" itemscope itemtype=\"https:\/\/schema.org\/ListItem\"><a itemprop=\"item\" href=\"https:\/\/gallant-agnesi.188-165-133-218.plesk.page\/en\/\" title=\"Home\"><span itemprop=\"name\">Home<\/span><\/a><meta itemprop=\"position\" content=\"1\" \/><\/li><li class=\"current\" itemprop=\"itemListElement\" itemscope itemtype=\"https:\/\/schema.org\/ListItem\"><span itemprop=\"name\">Page<\/span><meta itemprop=\"position\" content=\"2\" \/><\/li><\/ol><\/div>[\/vc_column][\/vc_row][vc_row][vc_column width=&#8221;5\/6&#8243; offset=&#8221;vc_col-lg-offset-2&#8243;][vc_text_separator title=&#8221;IBEROAMERICAN AWARDS&#8221; title_align=&#8221;separator_align_left&#8221; align=&#8221;align_right&#8221; color=&#8221;custom&#8221; accent_color=&#8221;#51534a&#8221; css=&#8221;.vc_custom_1560599680247{padding-top: 35px !important;}&#8221;][vc_column_text]<strong>THE FIRST IBEROAMERICAN DANZANTE AWARD,<\/strong> of 5.000 \u20ac (five thousand euros) and a trophy goes to the short film <a href=\"https:\/\/gallant-agnesi.188-165-133-218.plesk.page\/en\/pelicula\/manspreading\/\"><strong><em>MANSPREADING\u00a0<\/em><\/strong><\/a>(Spain) by ABDELATIF HWIDAR because we are all in that wagon and it shows the world\u2019s photo of which we are all accomplices. A short film that teaches us that sometimes the correct answers can\u2019t be found if the right questions are not asked.<\/p>\n<ul>\n<li><small>directly classified to the pre-selection of the next Hollywood Academy of Motion Picture Arts and Sciences \u00a0short film award.<\/small><\/li>\n<\/ul>\n<hr \/>\n<p><strong>THE IBEROAMERICAN \u201cCACHO PALLERO\u201d DANZANTE AWARD <\/strong>of 2.000 \u20ac (two thousand euros) and a diploma, goes to the short film <a href=\"https:\/\/gallant-agnesi.188-165-133-218.plesk.page\/en\/pelicula\/fuego-olimpico\/\"><strong><em>FUEGO OL\u00cdMPICO<\/em><\/strong> <\/a>(Mexico) by RICARDO SOTO, because it tells us we mustn\u2019t forget that many times history repeats itself; a short film that reminds us that in order to move forward it is always good to look back.<\/p>\n<hr \/>\n<p><strong>THE ALBERTO SANCHEZ DEBUT IBEROAMERICAN DANZANTE AWARD,<\/strong> of 1.000 \u20ac (one thousand euros) and a diploma, goes to the short film <a href=\"https:\/\/gallant-agnesi.188-165-133-218.plesk.page\/en\/pelicula\/tahrib\/\"><strong><em>TAHRIB<\/em><\/strong><\/a> (Spain), \u00a0by GERARD CORT\u00c9S VIDAL for its approach to a current issue, teaching us what nobody sees about \u00a0this journey to \u00a0immigration. It tells us about despair and sacrifice, that in many occasions are hidden behind the word &#8220;immigrant&#8221;.<\/p>\n<hr \/>\n<p><strong>Special Mention <\/strong>to the short film <a href=\"https:\/\/gallant-agnesi.188-165-133-218.plesk.page\/en\/pelicula\/una-noche-con-juan-diego-botto\/\"><strong><em>UNA NOCHE CON JUAN DIEGO BOTTO<\/em><\/strong><\/a> (Spain) by TERESA BELL\u00d3N y C\u00c9SAR F. CALVILLO because there is no perfect date.[\/vc_column_text][vc_text_separator title=&#8221;INTERNATIONAL AWARDS&#8221; title_align=&#8221;separator_align_left&#8221; align=&#8221;align_right&#8221; color=&#8221;custom&#8221; accent_color=&#8221;#51534a&#8221; css=&#8221;.vc_custom_1592604565026{padding-top: 35px !important;}&#8221;][vc_column_text]<strong>THE FIRST INTERNATIONAL DANZANTE AWARD<\/strong> of 5.000 \u20ac (five thousand euros) and a trophy, goes to the short film <a href=\"https:\/\/gallant-agnesi.188-165-133-218.plesk.page\/en\/pelicula\/atlas\/\"><strong><em>ATLAS<\/em><\/strong><\/a> (Polonia) by MACIEJ KAWALSKI \u00a0because, it tells a fantastic story with great talent, from an imaginative and original script and using a range of metaphorical readings about society. The short film plays with a great staging that flows at an allegretto ma non troppo rhythm which leads you toward a great ending.<\/p>\n<ul>\n<li><small>directly classified to the pre-selection of the next Hollywood Academy of Motion Picture Arts and Sciences \u00a0short film award.<\/small><\/li>\n<\/ul>\n<hr \/>\n<p><strong>THE INTERNATIONAL \u201cJINETE IB\u00c9RICO\u201d ANIMACI\u00d3N AWARD <\/strong>given by the <em>Instituto de Estudios Altoaragoneses<\/em>, of 2.000 \u20ac (two thousand euros) and a trophy, \u00a0goes to the short film <a href=\"https:\/\/gallant-agnesi.188-165-133-218.plesk.page\/en\/pelicula\/best-friend\/\"><strong><em>BEST FRIEND<\/em><\/strong><\/a> (France) by NICHOLAS OLIVIERI, DAVID FELIU, JULIANA DE LUCCA, SHEN YI and VARUN NAIR, because it is a very comprehensive production where script, storyboard and color flow perfectly, and are framed in a technically spectacular animation about a very current issue, highlighting how disturbing new technologies can be.<\/p>\n<hr \/>\n<p><strong>THE INTERNATIONAL DEBUT DANZANTE <\/strong>given by the Anselmo Pi\u00e9 Sopena foundation, of 1.000 \u20ac (one thousand euros) and a diploma, to the short film <a href=\"https:\/\/gallant-agnesi.188-165-133-218.plesk.page\/en\/pelicula\/plus-minus-unu\/\"><strong><em>PLUS MINUS UNU<\/em><\/strong><\/a> (Moldavia) by ION BORSCH for featuring the injustices of the system to get them closer to the viewer. It describes in a perfect way what public and private institutions employees should never be: dispensable numbers.<\/p>\n<hr \/>\n<p><strong>THE \u201cFRANCISCO GARC\u00cdA DE PASO\u201d HUMAN VALUES MENTION<\/strong> to the short film which best highlights human values goes to the short film <a href=\"https:\/\/gallant-agnesi.188-165-133-218.plesk.page\/en\/pelicula\/ashmina\/\"><strong><em>ASHMINA<\/em><\/strong><\/a> (UK) by DEKEL BERENSON for a very well-made work based on a personal experience, and because it introduces a new perspective of human relationships between two very different worlds.<\/p>\n<hr \/>\n<p><strong>Special Mention <\/strong>to the cast of <a href=\"https:\/\/gallant-agnesi.188-165-133-218.plesk.page\/en\/pelicula\/yom-ragil\/\"><strong><em>YOM RAGIL<\/em><\/strong><\/a> (Israel) by LEE GILAT <em>for a top-level work<\/em>.[\/vc_column_text][vc_text_separator title=&#8221;DOCUMENTARY AWARDS&#8221; title_align=&#8221;separator_align_left&#8221; align=&#8221;align_right&#8221; color=&#8221;custom&#8221; accent_color=&#8221;#51534a&#8221; css=&#8221;.vc_custom_1592604577106{padding-top: 35px !important;}&#8221;][vc_column_text]<strong>THE FIRST DOCUMENTAL DANZANTE AWARD <\/strong>of 5.000 \u20ac (five thousand euros) and a trophy goes to the documental short film <a href=\"https:\/\/gallant-agnesi.188-165-133-218.plesk.page\/en\/pelicula\/people-of-the-wasteland-soukaan-al-ard-al-yabaab\/\"><strong><em>PEOPLE OF THE WASTE LAND<\/em><\/strong><\/a> (Germany) by HEBA KHALED.\u00a0 Not a fiction, nor a virtual war but a real one, a real world. It shows and talks about war in a powerful way, with an immersive approach to reality, \u00a0in times when everything is virtual.<\/p>\n<p><small>* directly classified to the pre-selection of the next Hollywood Academy of Motion Picture Arts and Sciences documental short film award.<\/small><\/p>\n<hr \/>\n<p><strong>THE \u201cJOS\u00c9 MANUEL PORQUET\u201d DOCUMENTAL IBEROAMERICAN DANZANTE AWARD, <\/strong>of\u00a0 2.000 \u20ac (two thousand euros) and diploma, goes to the documental short film <a href=\"https:\/\/gallant-agnesi.188-165-133-218.plesk.page\/en\/pelicula\/adios-adios-adios\/\"><strong><em>ADI\u00d3S, ADI\u00d3S, ADI\u00d3S<\/em><\/strong><\/a> (Mexico) by RICARDO CASTRO for considering the viewer as a travel companion of his intimate experiences.[\/vc_column_text][vc_text_separator title=&#8221;AUDIENCE AWARD&#8221; title_align=&#8221;separator_align_left&#8221; align=&#8221;align_right&#8221; color=&#8221;custom&#8221; accent_color=&#8221;#51534a&#8221; css=&#8221;.vc_custom_1592604592874{padding-top: 35px !important;}&#8221;][vc_column_text]<strong>THE ARAG\u00d3N TELEVISI\u00d3N PUBLIC PRIZE<\/strong> consisting of the purchase of the diffusion rights of the short film by Arag\u00f3n Televisi\u00f3n for an amount of 900\u20ac, including its promotion goes to the short film <a href=\"https:\/\/gallant-agnesi.188-165-133-218.plesk.page\/en\/pelicula\/cortito\/\"><strong><em>CORTITO<\/em><\/strong><\/a> (Mexico) by JES\u00daS OSVALDO P\u00c9REZ.[\/vc_column_text][vc_text_separator title=&#8221;BEST SCRIPT&#8221; title_align=&#8221;separator_align_left&#8221; align=&#8221;align_right&#8221; color=&#8221;custom&#8221; accent_color=&#8221;#51534a&#8221; css=&#8221;.vc_custom_1560600024870{padding-top: 35px !important;}&#8221;][vc_column_text]<strong>THE BEST SCRIP PRIZE<\/strong>, of 800 \u20ac (eight hundred euros) and a diploma goes to the short film <a href=\"https:\/\/gallant-agnesi.188-165-133-218.plesk.page\/en\/pelicula\/jiri-pes-uprchlik\/\"><strong><em>JI\u0158\u00cd PE\u0160 UPRCHL\u00cdK<\/em><\/strong><\/a> (Rep\u00fablica Checa), de TOMASZ WINSKI, (Cheque republic), by TOMASZ WINSKI, for building three comprehensive and nuanced characters, and showing the evolution of their relationship from a fun to a power and submission game.<\/p>\n<hr \/>\n<p><strong>Special mention <\/strong>to the short film <a href=\"https:\/\/gallant-agnesi.188-165-133-218.plesk.page\/en\/pelicula\/no-me-desperteis\/\"><strong><em>NO ME DESPERT\u00c9IS<\/em><\/strong><\/a> (Spain), by SARA FANTOVA, to give a true and credible voice to a teenager who is torn between loyalty to her family and the bond with her friends, within a tense and complex social reality.[\/vc_column_text][\/vc_column][\/vc_row]<\/p>\n<\/div>","protected":false},"excerpt":{"rendered":"<p>[vc_row type=&#8221;vc_default&#8221; full_width=&#8221;stretch_row&#8221; bg_type=&#8221;bg_color&#8221; seperator_enable=&#8221;seperator_enable_value&#8221; seperator_type=&#8221;tilt_left_seperator&#8221; seperator_position=&#8221;bottom_seperator&#8221; seperator_svg_height=&#8221;80&#8243; seperator_shape_background=&#8221;#ffffff&#8221; bg_color_value=&#8221;#eeeeee&#8221; css=&#8221;.vc_custom_1544528840208{margin-top: -50px !important;background-color: #eeeeee !important;}&#8221;][vc_column width=&#8221;3\/4&#8243; css=&#8221;.vc_custom_1489149172677{padding-top: 50px !important;padding-bottom: 50px !important;}&#8221;][vc_custom_heading source=&#8221;post_title&#8221; font_container=&#8221;tag:h2|text_align:left|color:%23000000&#8243; use_theme_fonts=&#8221;yes&#8221;][vc_custom_heading text=&#8221;47TH HUESCA INTERNATIONAL FILM FEST&#8221; font_container=&#8221;tag:h4|text_align:left|line_height:150%25&#8243; use_theme_fonts=&#8221;yes&#8221;][vc_custom_heading text=&#8221;International Short Films Contest&#8221; font_container=&#8221;tag:h5|text_align:left|line_height:150%25&#8243; use_theme_fonts=&#8221;yes&#8221; css=&#8221;.vc_custom_1560540760805{padding-bottom: 20px !important;}&#8221;][\/vc_column][vc_column width=&#8221;1\/4&#8243; offset=&#8221;vc_hidden-sm vc_hidden-xs&#8221;][\/vc_column][\/vc_row][vc_row][vc_column width=&#8221;5\/6&#8243; offset=&#8221;vc_col-lg-offset-2&#8243;][vc_text_separator title=&#8221;IBEROAMERICAN AWARDS&#8221; title_align=&#8221;separator_align_left&#8221; align=&#8221;align_right&#8221; color=&#8221;custom&#8221; accent_color=&#8221;#51534a&#8221; css=&#8221;.vc_custom_1560599680247{padding-top: 35px !important;}&#8221;][vc_column_text]THE FIRST&hellip;<\/p>\n","protected":false},"author":2,"featured_media":41575,"parent":0,"menu_order":0,"comment_status":"closed","ping_status":"closed","template":"","meta":{"footnotes":""},"yoast_head":"<!-- This site is optimized with the Yoast SEO plugin v22.8 - https:\/\/yoast.com\/wordpress\/plugins\/seo\/ -->\n<title>LIST OF WINNERS | Festival Internacional de Cine de Huesca<\/title>\n<meta name=\"robots\" content=\"index, follow, max-snippet:-1, max-image-preview:large, max-video-preview:-1\" \/>\n<link rel=\"canonical\" href=\"https:\/\/gallant-agnesi.188-165-133-218.plesk.page\/en\/palmares-2019\/\" \/>\n<meta property=\"og:locale\" content=\"en_US\" \/>\n<meta property=\"og:type\" content=\"article\" \/>\n<meta property=\"og:title\" content=\"LIST OF WINNERS | Festival Internacional de Cine de Huesca\" \/>\n<meta property=\"og:description\" content=\"[vc_row type=&#8221;vc_default&#8221; full_width=&#8221;stretch_row&#8221; bg_type=&#8221;bg_color&#8221; seperator_enable=&#8221;seperator_enable_value&#8221; seperator_type=&#8221;tilt_left_seperator&#8221; seperator_position=&#8221;bottom_seperator&#8221; seperator_svg_height=&#8221;80&#8243; seperator_shape_background=&#8221;#ffffff&#8221; bg_color_value=&#8221;#eeeeee&#8221; css=&#8221;.vc_custom_1544528840208{margin-top: -50px !important;background-color: #eeeeee !important;}&#8221;][vc_column width=&#8221;3\/4&#8243; css=&#8221;.vc_custom_1489149172677{padding-top: 50px !important;padding-bottom: 50px !important;}&#8221;][vc_custom_heading source=&#8221;post_title&#8221; font_container=&#8221;tag:h2|text_align:left|color:%23000000&#8243; use_theme_fonts=&#8221;yes&#8221;][vc_custom_heading text=&#8221;47TH HUESCA INTERNATIONAL FILM FEST&#8221; font_container=&#8221;tag:h4|text_align:left|line_height:150%25&#8243; use_theme_fonts=&#8221;yes&#8221;][vc_custom_heading text=&#8221;International Short Films Contest&#8221; font_container=&#8221;tag:h5|text_align:left|line_height:150%25&#8243; use_theme_fonts=&#8221;yes&#8221; css=&#8221;.vc_custom_1560540760805{padding-bottom: 20px !important;}&#8221;][\/vc_column][vc_column width=&#8221;1\/4&#8243; offset=&#8221;vc_hidden-sm vc_hidden-xs&#8221;][\/vc_column][\/vc_row][vc_row][vc_column width=&#8221;5\/6&#8243; offset=&#8221;vc_col-lg-offset-2&#8243;][vc_text_separator title=&#8221;IBEROAMERICAN AWARDS&#8221; title_align=&#8221;separator_align_left&#8221; align=&#8221;align_right&#8221; color=&#8221;custom&#8221; accent_color=&#8221;#51534a&#8221; css=&#8221;.vc_custom_1560599680247{padding-top: 35px !important;}&#8221;][vc_column_text]THE FIRST&hellip;\" \/>\n<meta property=\"og:url\" content=\"https:\/\/gallant-agnesi.188-165-133-218.plesk.page\/en\/palmares-2019\/\" \/>\n<meta property=\"og:site_name\" content=\"Festival Internacional de Cine de Huesca\" \/>\n<meta property=\"article:modified_time\" content=\"2020-06-19T22:10:00+00:00\" \/>\n<meta property=\"og:image\" content=\"https:\/\/gallant-agnesi.188-165-133-218.plesk.page\/wp-content\/uploads\/2019\/01\/slider-47HIFF-web.jpg\" \/>\n\t<meta property=\"og:image:width\" content=\"2000\" \/>\n\t<meta property=\"og:image:height\" content=\"1125\" \/>\n\t<meta property=\"og:image:type\" content=\"image\/jpeg\" \/>\n<meta name=\"twitter:card\" content=\"summary_large_image\" \/>\n<meta name=\"twitter:label1\" content=\"Est. reading time\" \/>\n\t<meta name=\"twitter:data1\" content=\"6 minutes\" \/>\n<script type=\"application\/ld+json\" class=\"yoast-schema-graph\">{\"@context\":\"https:\/\/schema.org\",\"@graph\":[{\"@type\":\"WebPage\",\"@id\":\"https:\/\/gallant-agnesi.188-165-133-218.plesk.page\/en\/palmares-2019\/\",\"url\":\"https:\/\/gallant-agnesi.188-165-133-218.plesk.page\/en\/palmares-2019\/\",\"name\":\"LIST OF WINNERS | Festival Internacional de Cine de Huesca\",\"isPartOf\":{\"@id\":\"https:\/\/gallant-agnesi.188-165-133-218.plesk.page\/en\/#website\"},\"primaryImageOfPage\":{\"@id\":\"https:\/\/gallant-agnesi.188-165-133-218.plesk.page\/en\/palmares-2019\/#primaryimage\"},\"image\":{\"@id\":\"https:\/\/gallant-agnesi.188-165-133-218.plesk.page\/en\/palmares-2019\/#primaryimage\"},\"thumbnailUrl\":\"https:\/\/gallant-agnesi.188-165-133-218.plesk.page\/wp-content\/uploads\/2019\/01\/slider-47HIFF-web.jpg\",\"datePublished\":\"2019-06-15T09:30:30+00:00\",\"dateModified\":\"2020-06-19T22:10:00+00:00\",\"breadcrumb\":{\"@id\":\"https:\/\/gallant-agnesi.188-165-133-218.plesk.page\/en\/palmares-2019\/#breadcrumb\"},\"inLanguage\":\"en-US\",\"potentialAction\":[{\"@type\":\"ReadAction\",\"target\":[\"https:\/\/gallant-agnesi.188-165-133-218.plesk.page\/en\/palmares-2019\/\"]}]},{\"@type\":\"ImageObject\",\"inLanguage\":\"en-US\",\"@id\":\"https:\/\/gallant-agnesi.188-165-133-218.plesk.page\/en\/palmares-2019\/#primaryimage\",\"url\":\"https:\/\/gallant-agnesi.188-165-133-218.plesk.page\/wp-content\/uploads\/2019\/01\/slider-47HIFF-web.jpg\",\"contentUrl\":\"https:\/\/gallant-agnesi.188-165-133-218.plesk.page\/wp-content\/uploads\/2019\/01\/slider-47HIFF-web.jpg\",\"width\":2000,\"height\":1125},{\"@type\":\"BreadcrumbList\",\"@id\":\"https:\/\/gallant-agnesi.188-165-133-218.plesk.page\/en\/palmares-2019\/#breadcrumb\",\"itemListElement\":[{\"@type\":\"ListItem\",\"position\":1,\"name\":\"Inicio\",\"item\":\"https:\/\/gallant-agnesi.188-165-133-218.plesk.page\/en\/\"},{\"@type\":\"ListItem\",\"position\":2,\"name\":\"LIST OF WINNERS\"}]},{\"@type\":\"WebSite\",\"@id\":\"https:\/\/gallant-agnesi.188-165-133-218.plesk.page\/en\/#website\",\"url\":\"https:\/\/gallant-agnesi.188-165-133-218.plesk.page\/en\/\",\"name\":\"Festival Internacional de Cine de Huesca\",\"description\":\"From 11 to 19 june 2021\",\"publisher\":{\"@id\":\"https:\/\/gallant-agnesi.188-165-133-218.plesk.page\/en\/#organization\"},\"potentialAction\":[{\"@type\":\"SearchAction\",\"target\":{\"@type\":\"EntryPoint\",\"urlTemplate\":\"https:\/\/gallant-agnesi.188-165-133-218.plesk.page\/en\/?s={search_term_string}\"},\"query-input\":\"required name=search_term_string\"}],\"inLanguage\":\"en-US\"},{\"@type\":\"Organization\",\"@id\":\"https:\/\/gallant-agnesi.188-165-133-218.plesk.page\/en\/#organization\",\"name\":\"Festival Internacional de Cine de Huesca\",\"url\":\"https:\/\/gallant-agnesi.188-165-133-218.plesk.page\/en\/\",\"logo\":{\"@type\":\"ImageObject\",\"inLanguage\":\"en-US\",\"@id\":\"https:\/\/gallant-agnesi.188-165-133-218.plesk.page\/en\/#\/schema\/logo\/image\/\",\"url\":\"https:\/\/gallant-agnesi.188-165-133-218.plesk.page\/wp-content\/uploads\/2025\/01\/movil_teaser.jpg\",\"contentUrl\":\"https:\/\/gallant-agnesi.188-165-133-218.plesk.page\/wp-content\/uploads\/2025\/01\/movil_teaser.jpg\",\"width\":779,\"height\":286,\"caption\":\"Festival Internacional de Cine de Huesca\"},\"image\":{\"@id\":\"https:\/\/gallant-agnesi.188-165-133-218.plesk.page\/en\/#\/schema\/logo\/image\/\"}}]}<\/script>\n<!-- \/ Yoast SEO plugin. -->","yoast_head_json":{"title":"LIST OF WINNERS | Festival Internacional de Cine de Huesca","robots":{"index":"index","follow":"follow","max-snippet":"max-snippet:-1","max-image-preview":"max-image-preview:large","max-video-preview":"max-video-preview:-1"},"canonical":"https:\/\/gallant-agnesi.188-165-133-218.plesk.page\/en\/palmares-2019\/","og_locale":"en_US","og_type":"article","og_title":"LIST OF WINNERS | Festival Internacional de Cine de Huesca","og_description":"[vc_row type=&#8221;vc_default&#8221; full_width=&#8221;stretch_row&#8221; bg_type=&#8221;bg_color&#8221; seperator_enable=&#8221;seperator_enable_value&#8221; seperator_type=&#8221;tilt_left_seperator&#8221; seperator_position=&#8221;bottom_seperator&#8221; seperator_svg_height=&#8221;80&#8243; seperator_shape_background=&#8221;#ffffff&#8221; bg_color_value=&#8221;#eeeeee&#8221; css=&#8221;.vc_custom_1544528840208{margin-top: -50px !important;background-color: #eeeeee !important;}&#8221;][vc_column width=&#8221;3\/4&#8243; css=&#8221;.vc_custom_1489149172677{padding-top: 50px !important;padding-bottom: 50px !important;}&#8221;][vc_custom_heading source=&#8221;post_title&#8221; font_container=&#8221;tag:h2|text_align:left|color:%23000000&#8243; use_theme_fonts=&#8221;yes&#8221;][vc_custom_heading text=&#8221;47TH HUESCA INTERNATIONAL FILM FEST&#8221; font_container=&#8221;tag:h4|text_align:left|line_height:150%25&#8243; use_theme_fonts=&#8221;yes&#8221;][vc_custom_heading text=&#8221;International Short Films Contest&#8221; font_container=&#8221;tag:h5|text_align:left|line_height:150%25&#8243; use_theme_fonts=&#8221;yes&#8221; css=&#8221;.vc_custom_1560540760805{padding-bottom: 20px !important;}&#8221;][\/vc_column][vc_column width=&#8221;1\/4&#8243; offset=&#8221;vc_hidden-sm vc_hidden-xs&#8221;][\/vc_column][\/vc_row][vc_row][vc_column width=&#8221;5\/6&#8243; offset=&#8221;vc_col-lg-offset-2&#8243;][vc_text_separator title=&#8221;IBEROAMERICAN AWARDS&#8221; title_align=&#8221;separator_align_left&#8221; align=&#8221;align_right&#8221; color=&#8221;custom&#8221; accent_color=&#8221;#51534a&#8221; css=&#8221;.vc_custom_1560599680247{padding-top: 35px !important;}&#8221;][vc_column_text]THE FIRST&hellip;","og_url":"https:\/\/gallant-agnesi.188-165-133-218.plesk.page\/en\/palmares-2019\/","og_site_name":"Festival Internacional de Cine de Huesca","article_modified_time":"2020-06-19T22:10:00+00:00","og_image":[{"width":2000,"height":1125,"url":"https:\/\/gallant-agnesi.188-165-133-218.plesk.page\/wp-content\/uploads\/2019\/01\/slider-47HIFF-web.jpg","type":"image\/jpeg"}],"twitter_card":"summary_large_image","twitter_misc":{"Est. reading time":"6 minutes"},"schema":{"@context":"https:\/\/schema.org","@graph":[{"@type":"WebPage","@id":"https:\/\/gallant-agnesi.188-165-133-218.plesk.page\/en\/palmares-2019\/","url":"https:\/\/gallant-agnesi.188-165-133-218.plesk.page\/en\/palmares-2019\/","name":"LIST OF WINNERS | Festival Internacional de Cine de Huesca","isPartOf":{"@id":"https:\/\/gallant-agnesi.188-165-133-218.plesk.page\/en\/#website"},"primaryImageOfPage":{"@id":"https:\/\/gallant-agnesi.188-165-133-218.plesk.page\/en\/palmares-2019\/#primaryimage"},"image":{"@id":"https:\/\/gallant-agnesi.188-165-133-218.plesk.page\/en\/palmares-2019\/#primaryimage"},"thumbnailUrl":"https:\/\/gallant-agnesi.188-165-133-218.plesk.page\/wp-content\/uploads\/2019\/01\/slider-47HIFF-web.jpg","datePublished":"2019-06-15T09:30:30+00:00","dateModified":"2020-06-19T22:10:00+00:00","breadcrumb":{"@id":"https:\/\/gallant-agnesi.188-165-133-218.plesk.page\/en\/palmares-2019\/#breadcrumb"},"inLanguage":"en-US","potentialAction":[{"@type":"ReadAction","target":["https:\/\/gallant-agnesi.188-165-133-218.plesk.page\/en\/palmares-2019\/"]}]},{"@type":"ImageObject","inLanguage":"en-US","@id":"https:\/\/gallant-agnesi.188-165-133-218.plesk.page\/en\/palmares-2019\/#primaryimage","url":"https:\/\/gallant-agnesi.188-165-133-218.plesk.page\/wp-content\/uploads\/2019\/01\/slider-47HIFF-web.jpg","contentUrl":"https:\/\/gallant-agnesi.188-165-133-218.plesk.page\/wp-content\/uploads\/2019\/01\/slider-47HIFF-web.jpg","width":2000,"height":1125},{"@type":"BreadcrumbList","@id":"https:\/\/gallant-agnesi.188-165-133-218.plesk.page\/en\/palmares-2019\/#breadcrumb","itemListElement":[{"@type":"ListItem","position":1,"name":"Inicio","item":"https:\/\/gallant-agnesi.188-165-133-218.plesk.page\/en\/"},{"@type":"ListItem","position":2,"name":"LIST OF WINNERS"}]},{"@type":"WebSite","@id":"https:\/\/gallant-agnesi.188-165-133-218.plesk.page\/en\/#website","url":"https:\/\/gallant-agnesi.188-165-133-218.plesk.page\/en\/","name":"Festival Internacional de Cine de Huesca","description":"From 11 to 19 june 2021","publisher":{"@id":"https:\/\/gallant-agnesi.188-165-133-218.plesk.page\/en\/#organization"},"potentialAction":[{"@type":"SearchAction","target":{"@type":"EntryPoint","urlTemplate":"https:\/\/gallant-agnesi.188-165-133-218.plesk.page\/en\/?s={search_term_string}"},"query-input":"required name=search_term_string"}],"inLanguage":"en-US"},{"@type":"Organization","@id":"https:\/\/gallant-agnesi.188-165-133-218.plesk.page\/en\/#organization","name":"Festival Internacional de Cine de Huesca","url":"https:\/\/gallant-agnesi.188-165-133-218.plesk.page\/en\/","logo":{"@type":"ImageObject","inLanguage":"en-US","@id":"https:\/\/gallant-agnesi.188-165-133-218.plesk.page\/en\/#\/schema\/logo\/image\/","url":"https:\/\/gallant-agnesi.188-165-133-218.plesk.page\/wp-content\/uploads\/2025\/01\/movil_teaser.jpg","contentUrl":"https:\/\/gallant-agnesi.188-165-133-218.plesk.page\/wp-content\/uploads\/2025\/01\/movil_teaser.jpg","width":779,"height":286,"caption":"Festival Internacional de Cine de Huesca"},"image":{"@id":"https:\/\/gallant-agnesi.188-165-133-218.plesk.page\/en\/#\/schema\/logo\/image\/"}}]}},"_links":{"self":[{"href":"https:\/\/gallant-agnesi.188-165-133-218.plesk.page\/en\/wp-json\/wp\/v2\/pages\/43518"}],"collection":[{"href":"https:\/\/gallant-agnesi.188-165-133-218.plesk.page\/en\/wp-json\/wp\/v2\/pages"}],"about":[{"href":"https:\/\/gallant-agnesi.188-165-133-218.plesk.page\/en\/wp-json\/wp\/v2\/types\/page"}],"author":[{"embeddable":true,"href":"https:\/\/gallant-agnesi.188-165-133-218.plesk.page\/en\/wp-json\/wp\/v2\/users\/2"}],"replies":[{"embeddable":true,"href":"https:\/\/gallant-agnesi.188-165-133-218.plesk.page\/en\/wp-json\/wp\/v2\/comments?post=43518"}],"version-history":[{"count":5,"href":"https:\/\/gallant-agnesi.188-165-133-218.plesk.page\/en\/wp-json\/wp\/v2\/pages\/43518\/revisions"}],"predecessor-version":[{"id":45559,"href":"https:\/\/gallant-agnesi.188-165-133-218.plesk.page\/en\/wp-json\/wp\/v2\/pages\/43518\/revisions\/45559"}],"wp:featuredmedia":[{"embeddable":true,"href":"https:\/\/gallant-agnesi.188-165-133-218.plesk.page\/en\/wp-json\/wp\/v2\/media\/41575"}],"wp:attachment":[{"href":"https:\/\/gallant-agnesi.188-165-133-218.plesk.page\/en\/wp-json\/wp\/v2\/media?parent=43518"}],"curies":[{"name":"wp","href":"https:\/\/api.w.org\/{rel}","templated":true}]}}