{"id":41391,"date":"2017-05-04T17:43:09","date_gmt":"2017-05-04T15:43:09","guid":{"rendered":"https:\/\/gallant-agnesi.188-165-133-218.plesk.page\/?page_id=41391"},"modified":"2022-11-08T11:17:09","modified_gmt":"2022-11-08T10:17:09","slug":"pepe-escriche-award","status":"publish","type":"page","link":"https:\/\/gallant-agnesi.188-165-133-218.plesk.page\/en\/history\/pepe-escriche-award\/","title":{"rendered":"PEPE ESCRICHE AWARD"},"content":{"rendered":"<div class=\"wpb-content-wrapper\"><p>[vc_row type=&#8221;vc_default&#8221; full_width=&#8221;stretch_row&#8221; bg_type=&#8221;bg_color&#8221; seperator_enable=&#8221;seperator_enable_value&#8221; seperator_type=&#8221;tilt_left_seperator&#8221; seperator_position=&#8221;bottom_seperator&#8221; seperator_svg_height=&#8221;80&#8243; seperator_shape_background=&#8221;#ffffff&#8221; bg_color_value=&#8221;#000000&#8243; css=&#8221;.vc_custom_1608050132793{margin-top: -50px !important;background-color: #000000 !important;}&#8221;][vc_column width=&#8221;3\/4&#8243; css=&#8221;.vc_custom_1488278993139{padding-top: 50px !important;padding-bottom: 50px !important;}&#8221;][vc_custom_heading source=&#8221;post_title&#8221; font_container=&#8221;tag:h2|text_align:left|color:%23ffffff&#8221; use_theme_fonts=&#8221;yes&#8221;][vc_custom_heading text=&#8221;TRIBUTES&#8221; font_container=&#8221;tag:h4|text_align:left|color:%23ffffff|line_height:150%25&#8243; use_theme_fonts=&#8221;yes&#8221;][\/vc_column][vc_column width=&#8221;1\/4&#8243; offset=&#8221;vc_hidden-sm vc_hidden-xs&#8221;]<style type=\"text\/css\" data-type=\"the7_shortcodes-inline-css\">.dt-breadcrumbs-id-18e1a6531b37468b1cb44de3dc05b919 .breadcrumbs {\n  display: inline-block;\n  margin: 0;\n  padding: 2px 10px 2px 10px;\n  border: 0px solid ;\n  border-radius: 0px;\n}\n.dt-breadcrumbs-id-18e1a6531b37468b1cb44de3dc05b919 .breadcrumbs * {\n  text-transform: uppercase;\n}\n<\/style><div class=\"dt-breadcrumbs-shortcode dt-breadcrumbs-id-18e1a6531b37468b1cb44de3dc05b919 align-right\"><div class=\"assistive-text\">You are here:<\/div><ol class=\"breadcrumbs text-small\" itemscope itemtype=\"https:\/\/schema.org\/BreadcrumbList\"><li itemprop=\"itemListElement\" itemscope itemtype=\"https:\/\/schema.org\/ListItem\"><a itemprop=\"item\" href=\"https:\/\/gallant-agnesi.188-165-133-218.plesk.page\/en\/\" title=\"Home\"><span itemprop=\"name\">Home<\/span><\/a><meta itemprop=\"position\" content=\"1\" \/><\/li><li class=\"current\" itemprop=\"itemListElement\" itemscope itemtype=\"https:\/\/schema.org\/ListItem\"><span itemprop=\"name\">Page<\/span><meta itemprop=\"position\" content=\"2\" \/><\/li><\/ol><\/div>[\/vc_column][\/vc_row][vc_row type=&#8221;vc_default&#8221; full_width=&#8221;stretch_row&#8221; bg_type=&#8221;bg_color&#8221; css=&#8221;.vc_custom_1551172608561{margin-bottom: 0px !important;padding-top: 35px !important;padding-bottom: 35px !important;}&#8221;][vc_column width=&#8221;5\/6&#8243; offset=&#8221;vc_col-lg-offset-2&#8243;][vc_row_inner][vc_column_inner width=&#8221;3\/4&#8243;][vc_column_text]<\/p>\n<p class=\"p1\">The <strong>Pepe Escriche Award<\/strong> was established in 2009, as a tribute to one of the forerunners of the festival, who also led it for over thirty years. Jos\u00e9 Mar\u00eda Escriche passed away in 2008. The Huesca Film Festival Foundation decided to celebrate this homage to honour the understanding between different cultures through cinema. This prize is awarded to organizations, institutions, personal or collective initiatives related to cinema and audio visual arts and is authored by sculptor Isidro Ferrer.<\/p>\n<p class=\"p1\">People and institutions awarded from the first edition are those as follows: La Escuela de San Antonio de los Ba\u00f1os (2009), World Cinema Fund (2010), Mar\u00eda Lourdes Cort\u00e9s (2011), Morelia International Film Festival (2012), Spanish Film Archive (2014), Cine en construcci\u00f3n (2015), Pilar Mart\u00ednez-Vasseaur (2016), Ibermedia (2017), the Spanish Academy of Cinematographic Arts and Sciences (2018), Egeda (2019), Bergman Chair (2020), CIMA, Association of Women Filmmakers and Audiovisual Media (2021) and Instituto Cervantes (2022).<\/p>\n<p><!--En recuerdo de <strong>Edgardo Cacho Pallero. Argentina (1935-1992). Productor y director de documentales. Historiador.\n\nPerteneci\u00f3 al grupo fundador del Instituto de Cinematograf\u00eda de la Universidad Nacional del Litoral (Santa Fe) en el a\u00f1o 1956, colaborando con Birri en la organizaci\u00f3n y estructuraci\u00f3n de la mencionada escuela que se convierte en la primera escuela de cine de Am\u00e9rica Latina. Fue cofundador de la Escuela Internacional de Cine y Televisi\u00f3n de San Antonio de los Ba\u00f1os (EICTV) en 1976.\n\nMiembro Fundador por Argentina, del Comit\u00e9 de Cineastas del Nuevo Cine Latinoamericano, dirigida por Gabriel Garc\u00eda M\u00e1rquez.\n\nJefe General de Taller Experimental y Encargado del Departamento de Producci\u00f3n del Instituto de Cinematograf\u00eda de la\u00a0 U.N.L. supervis\u00f3 desde 1959 hasta 1962 su producci\u00f3n de documentales. Colabor\u00f3 con Fernando Birri en algunos de sus documentales.\n\nEn diciembre de 1963 viaja a Brasil, invitado por la Cinemateca de Sao Paulo. Se integr\u00f3 en el movimiento CINEMA NOVO colaborando en varios documentales como productor ejecutivo.\n\nEn enero de 1967 es designado Delegado Coordinador del 5\u00ba Festival de Cine de Vi\u00f1a del Mar, que en este a\u00f1o se plantea como el Primer Encuentro de Cineastas Latinoamericanos. Se le nombr\u00f3 Secretario General del Centro latinoamericano del Nuevo Cine, organismo creado en ese Festival de Vi\u00f1a del mar.\n\nDurante el gobierno de Isabel Mart\u00ednez de Per\u00f3n, la Triple A, amenaza\u00a0 su vida y\u00a0 la de su familia. Llegada la democracia, establece contacto con P\u00e9rez Estremera. A partir de esta vinculaci\u00f3n, Cacho trabaja para conseguir co-producciones entre Espa\u00f1a y Am\u00e9rica Latina. Se establecen relaciones muy productivas entre los dos pa\u00edses. Cacho apoy\u00f3 y contribuy\u00f3 de manera activa al cine latinoamericano, viajando a festivales internacionales promovi\u00e9ndolo tanto el\u00a0 corto como el largometraje.\n\nUn gran hombre y entra\u00f1able amigo del Festival desde su contacto con nosotros y se afianz\u00f3 a trav\u00e9s de su intervenci\u00f3n como Jurado Internacional en la 19\u00aa edici\u00f3n de 1991. Lo sinti\u00f3 como suyo y as\u00ed lo hizo patente en cuantos Festivales o Convenciones cinematogr\u00e1ficas asist\u00eda.-->[\/vc_column_text][\/vc_column_inner][vc_column_inner width=&#8221;1\/4&#8243;][vc_single_image image=&#8221;3226&#8243; img_size=&#8221;full&#8221; alignment=&#8221;center&#8221; onclick=&#8221;link_image&#8221;][\/vc_column_inner][\/vc_row_inner][\/vc_column][\/vc_row]<\/strong><\/p>\n<\/div>","protected":false},"excerpt":{"rendered":"<p>[vc_row type=&#8221;vc_default&#8221; full_width=&#8221;stretch_row&#8221; bg_type=&#8221;bg_color&#8221; seperator_enable=&#8221;seperator_enable_value&#8221; seperator_type=&#8221;tilt_left_seperator&#8221; seperator_position=&#8221;bottom_seperator&#8221; seperator_svg_height=&#8221;80&#8243; seperator_shape_background=&#8221;#ffffff&#8221; bg_color_value=&#8221;#000000&#8243; css=&#8221;.vc_custom_1608050132793{margin-top: -50px !important;background-color: #000000 !important;}&#8221;][vc_column width=&#8221;3\/4&#8243; css=&#8221;.vc_custom_1488278993139{padding-top: 50px !important;padding-bottom: 50px !important;}&#8221;][vc_custom_heading source=&#8221;post_title&#8221; font_container=&#8221;tag:h2|text_align:left|color:%23ffffff&#8221; use_theme_fonts=&#8221;yes&#8221;][vc_custom_heading text=&#8221;TRIBUTES&#8221; font_container=&#8221;tag:h4|text_align:left|color:%23ffffff|line_height:150%25&#8243; use_theme_fonts=&#8221;yes&#8221;][\/vc_column][vc_column width=&#8221;1\/4&#8243; offset=&#8221;vc_hidden-sm vc_hidden-xs&#8221;][\/vc_column][\/vc_row][vc_row type=&#8221;vc_default&#8221; full_width=&#8221;stretch_row&#8221; bg_type=&#8221;bg_color&#8221; css=&#8221;.vc_custom_1551172608561{margin-bottom: 0px !important;padding-top: 35px !important;padding-bottom: 35px !important;}&#8221;][vc_column width=&#8221;5\/6&#8243; offset=&#8221;vc_col-lg-offset-2&#8243;][vc_row_inner][vc_column_inner width=&#8221;3\/4&#8243;][vc_column_text] The Pepe Escriche Award was established in 2009, as a tribute to&hellip;<\/p>\n","protected":false},"author":2,"featured_media":3227,"parent":36779,"menu_order":0,"comment_status":"closed","ping_status":"closed","template":"","meta":{"footnotes":""},"yoast_head":"<!-- This site is optimized with the Yoast SEO plugin v22.8 - https:\/\/yoast.com\/wordpress\/plugins\/seo\/ -->\n<title>PEPE ESCRICHE AWARD | Festival Internacional de Cine de Huesca<\/title>\n<meta name=\"robots\" content=\"index, follow, max-snippet:-1, max-image-preview:large, max-video-preview:-1\" \/>\n<link rel=\"canonical\" href=\"https:\/\/gallant-agnesi.188-165-133-218.plesk.page\/en\/history\/pepe-escriche-award\/\" \/>\n<meta property=\"og:locale\" content=\"en_US\" \/>\n<meta property=\"og:type\" content=\"article\" \/>\n<meta property=\"og:title\" content=\"PEPE ESCRICHE AWARD | Festival Internacional de Cine de Huesca\" \/>\n<meta property=\"og:description\" content=\"[vc_row type=&#8221;vc_default&#8221; full_width=&#8221;stretch_row&#8221; bg_type=&#8221;bg_color&#8221; seperator_enable=&#8221;seperator_enable_value&#8221; seperator_type=&#8221;tilt_left_seperator&#8221; seperator_position=&#8221;bottom_seperator&#8221; seperator_svg_height=&#8221;80&#8243; seperator_shape_background=&#8221;#ffffff&#8221; bg_color_value=&#8221;#000000&#8243; css=&#8221;.vc_custom_1608050132793{margin-top: -50px !important;background-color: #000000 !important;}&#8221;][vc_column width=&#8221;3\/4&#8243; css=&#8221;.vc_custom_1488278993139{padding-top: 50px !important;padding-bottom: 50px !important;}&#8221;][vc_custom_heading source=&#8221;post_title&#8221; font_container=&#8221;tag:h2|text_align:left|color:%23ffffff&#8221; use_theme_fonts=&#8221;yes&#8221;][vc_custom_heading text=&#8221;TRIBUTES&#8221; font_container=&#8221;tag:h4|text_align:left|color:%23ffffff|line_height:150%25&#8243; use_theme_fonts=&#8221;yes&#8221;][\/vc_column][vc_column width=&#8221;1\/4&#8243; offset=&#8221;vc_hidden-sm vc_hidden-xs&#8221;][\/vc_column][\/vc_row][vc_row type=&#8221;vc_default&#8221; full_width=&#8221;stretch_row&#8221; bg_type=&#8221;bg_color&#8221; css=&#8221;.vc_custom_1551172608561{margin-bottom: 0px !important;padding-top: 35px !important;padding-bottom: 35px !important;}&#8221;][vc_column width=&#8221;5\/6&#8243; offset=&#8221;vc_col-lg-offset-2&#8243;][vc_row_inner][vc_column_inner width=&#8221;3\/4&#8243;][vc_column_text] The Pepe Escriche Award was established in 2009, as a tribute to&hellip;\" \/>\n<meta property=\"og:url\" content=\"https:\/\/gallant-agnesi.188-165-133-218.plesk.page\/en\/history\/pepe-escriche-award\/\" \/>\n<meta property=\"og:site_name\" content=\"Festival Internacional de Cine de Huesca\" \/>\n<meta property=\"article:modified_time\" content=\"2022-11-08T10:17:09+00:00\" \/>\n<meta property=\"og:image\" content=\"https:\/\/gallant-agnesi.188-165-133-218.plesk.page\/wp-content\/uploads\/2014\/03\/Premio-Pepe-Escriche-web.jpg\" \/>\n\t<meta property=\"og:image:width\" content=\"878\" \/>\n\t<meta property=\"og:image:height\" content=\"600\" \/>\n\t<meta property=\"og:image:type\" content=\"image\/jpeg\" \/>\n<meta name=\"twitter:card\" content=\"summary_large_image\" \/>\n<meta name=\"twitter:label1\" content=\"Est. reading time\" \/>\n\t<meta name=\"twitter:data1\" content=\"3 minutes\" \/>\n<script type=\"application\/ld+json\" class=\"yoast-schema-graph\">{\"@context\":\"https:\/\/schema.org\",\"@graph\":[{\"@type\":\"WebPage\",\"@id\":\"https:\/\/gallant-agnesi.188-165-133-218.plesk.page\/en\/history\/pepe-escriche-award\/\",\"url\":\"https:\/\/gallant-agnesi.188-165-133-218.plesk.page\/en\/history\/pepe-escriche-award\/\",\"name\":\"PEPE ESCRICHE AWARD | Festival Internacional de Cine de Huesca\",\"isPartOf\":{\"@id\":\"https:\/\/gallant-agnesi.188-165-133-218.plesk.page\/en\/#website\"},\"primaryImageOfPage\":{\"@id\":\"https:\/\/gallant-agnesi.188-165-133-218.plesk.page\/en\/history\/pepe-escriche-award\/#primaryimage\"},\"image\":{\"@id\":\"https:\/\/gallant-agnesi.188-165-133-218.plesk.page\/en\/history\/pepe-escriche-award\/#primaryimage\"},\"thumbnailUrl\":\"https:\/\/gallant-agnesi.188-165-133-218.plesk.page\/wp-content\/uploads\/2014\/03\/Premio-Pepe-Escriche-web.jpg\",\"datePublished\":\"2017-05-04T15:43:09+00:00\",\"dateModified\":\"2022-11-08T10:17:09+00:00\",\"breadcrumb\":{\"@id\":\"https:\/\/gallant-agnesi.188-165-133-218.plesk.page\/en\/history\/pepe-escriche-award\/#breadcrumb\"},\"inLanguage\":\"en-US\",\"potentialAction\":[{\"@type\":\"ReadAction\",\"target\":[\"https:\/\/gallant-agnesi.188-165-133-218.plesk.page\/en\/history\/pepe-escriche-award\/\"]}]},{\"@type\":\"ImageObject\",\"inLanguage\":\"en-US\",\"@id\":\"https:\/\/gallant-agnesi.188-165-133-218.plesk.page\/en\/history\/pepe-escriche-award\/#primaryimage\",\"url\":\"https:\/\/gallant-agnesi.188-165-133-218.plesk.page\/wp-content\/uploads\/2014\/03\/Premio-Pepe-Escriche-web.jpg\",\"contentUrl\":\"https:\/\/gallant-agnesi.188-165-133-218.plesk.page\/wp-content\/uploads\/2014\/03\/Premio-Pepe-Escriche-web.jpg\",\"width\":878,\"height\":600},{\"@type\":\"BreadcrumbList\",\"@id\":\"https:\/\/gallant-agnesi.188-165-133-218.plesk.page\/en\/history\/pepe-escriche-award\/#breadcrumb\",\"itemListElement\":[{\"@type\":\"ListItem\",\"position\":1,\"name\":\"Inicio\",\"item\":\"https:\/\/gallant-agnesi.188-165-133-218.plesk.page\/en\/\"},{\"@type\":\"ListItem\",\"position\":2,\"name\":\"Festival History\",\"item\":\"https:\/\/gallant-agnesi.188-165-133-218.plesk.page\/en\/history\/\"},{\"@type\":\"ListItem\",\"position\":3,\"name\":\"PEPE ESCRICHE AWARD\"}]},{\"@type\":\"WebSite\",\"@id\":\"https:\/\/gallant-agnesi.188-165-133-218.plesk.page\/en\/#website\",\"url\":\"https:\/\/gallant-agnesi.188-165-133-218.plesk.page\/en\/\",\"name\":\"Festival Internacional de Cine de Huesca\",\"description\":\"From 11 to 19 june 2021\",\"publisher\":{\"@id\":\"https:\/\/gallant-agnesi.188-165-133-218.plesk.page\/en\/#organization\"},\"potentialAction\":[{\"@type\":\"SearchAction\",\"target\":{\"@type\":\"EntryPoint\",\"urlTemplate\":\"https:\/\/gallant-agnesi.188-165-133-218.plesk.page\/en\/?s={search_term_string}\"},\"query-input\":\"required name=search_term_string\"}],\"inLanguage\":\"en-US\"},{\"@type\":\"Organization\",\"@id\":\"https:\/\/gallant-agnesi.188-165-133-218.plesk.page\/en\/#organization\",\"name\":\"Festival Internacional de Cine de Huesca\",\"url\":\"https:\/\/gallant-agnesi.188-165-133-218.plesk.page\/en\/\",\"logo\":{\"@type\":\"ImageObject\",\"inLanguage\":\"en-US\",\"@id\":\"https:\/\/gallant-agnesi.188-165-133-218.plesk.page\/en\/#\/schema\/logo\/image\/\",\"url\":\"https:\/\/gallant-agnesi.188-165-133-218.plesk.page\/wp-content\/uploads\/2025\/01\/movil_teaser.jpg\",\"contentUrl\":\"https:\/\/gallant-agnesi.188-165-133-218.plesk.page\/wp-content\/uploads\/2025\/01\/movil_teaser.jpg\",\"width\":779,\"height\":286,\"caption\":\"Festival Internacional de Cine de Huesca\"},\"image\":{\"@id\":\"https:\/\/gallant-agnesi.188-165-133-218.plesk.page\/en\/#\/schema\/logo\/image\/\"}}]}<\/script>\n<!-- \/ Yoast SEO plugin. -->","yoast_head_json":{"title":"PEPE ESCRICHE AWARD | Festival Internacional de Cine de Huesca","robots":{"index":"index","follow":"follow","max-snippet":"max-snippet:-1","max-image-preview":"max-image-preview:large","max-video-preview":"max-video-preview:-1"},"canonical":"https:\/\/gallant-agnesi.188-165-133-218.plesk.page\/en\/history\/pepe-escriche-award\/","og_locale":"en_US","og_type":"article","og_title":"PEPE ESCRICHE AWARD | Festival Internacional de Cine de Huesca","og_description":"[vc_row type=&#8221;vc_default&#8221; full_width=&#8221;stretch_row&#8221; bg_type=&#8221;bg_color&#8221; seperator_enable=&#8221;seperator_enable_value&#8221; seperator_type=&#8221;tilt_left_seperator&#8221; seperator_position=&#8221;bottom_seperator&#8221; seperator_svg_height=&#8221;80&#8243; seperator_shape_background=&#8221;#ffffff&#8221; bg_color_value=&#8221;#000000&#8243; css=&#8221;.vc_custom_1608050132793{margin-top: -50px !important;background-color: #000000 !important;}&#8221;][vc_column width=&#8221;3\/4&#8243; css=&#8221;.vc_custom_1488278993139{padding-top: 50px !important;padding-bottom: 50px !important;}&#8221;][vc_custom_heading source=&#8221;post_title&#8221; font_container=&#8221;tag:h2|text_align:left|color:%23ffffff&#8221; use_theme_fonts=&#8221;yes&#8221;][vc_custom_heading text=&#8221;TRIBUTES&#8221; font_container=&#8221;tag:h4|text_align:left|color:%23ffffff|line_height:150%25&#8243; use_theme_fonts=&#8221;yes&#8221;][\/vc_column][vc_column width=&#8221;1\/4&#8243; offset=&#8221;vc_hidden-sm vc_hidden-xs&#8221;][\/vc_column][\/vc_row][vc_row type=&#8221;vc_default&#8221; full_width=&#8221;stretch_row&#8221; bg_type=&#8221;bg_color&#8221; css=&#8221;.vc_custom_1551172608561{margin-bottom: 0px !important;padding-top: 35px !important;padding-bottom: 35px !important;}&#8221;][vc_column width=&#8221;5\/6&#8243; offset=&#8221;vc_col-lg-offset-2&#8243;][vc_row_inner][vc_column_inner width=&#8221;3\/4&#8243;][vc_column_text] The Pepe Escriche Award was established in 2009, as a tribute to&hellip;","og_url":"https:\/\/gallant-agnesi.188-165-133-218.plesk.page\/en\/history\/pepe-escriche-award\/","og_site_name":"Festival Internacional de Cine de Huesca","article_modified_time":"2022-11-08T10:17:09+00:00","og_image":[{"width":878,"height":600,"url":"https:\/\/gallant-agnesi.188-165-133-218.plesk.page\/wp-content\/uploads\/2014\/03\/Premio-Pepe-Escriche-web.jpg","type":"image\/jpeg"}],"twitter_card":"summary_large_image","twitter_misc":{"Est. reading time":"3 minutes"},"schema":{"@context":"https:\/\/schema.org","@graph":[{"@type":"WebPage","@id":"https:\/\/gallant-agnesi.188-165-133-218.plesk.page\/en\/history\/pepe-escriche-award\/","url":"https:\/\/gallant-agnesi.188-165-133-218.plesk.page\/en\/history\/pepe-escriche-award\/","name":"PEPE ESCRICHE AWARD | Festival Internacional de Cine de Huesca","isPartOf":{"@id":"https:\/\/gallant-agnesi.188-165-133-218.plesk.page\/en\/#website"},"primaryImageOfPage":{"@id":"https:\/\/gallant-agnesi.188-165-133-218.plesk.page\/en\/history\/pepe-escriche-award\/#primaryimage"},"image":{"@id":"https:\/\/gallant-agnesi.188-165-133-218.plesk.page\/en\/history\/pepe-escriche-award\/#primaryimage"},"thumbnailUrl":"https:\/\/gallant-agnesi.188-165-133-218.plesk.page\/wp-content\/uploads\/2014\/03\/Premio-Pepe-Escriche-web.jpg","datePublished":"2017-05-04T15:43:09+00:00","dateModified":"2022-11-08T10:17:09+00:00","breadcrumb":{"@id":"https:\/\/gallant-agnesi.188-165-133-218.plesk.page\/en\/history\/pepe-escriche-award\/#breadcrumb"},"inLanguage":"en-US","potentialAction":[{"@type":"ReadAction","target":["https:\/\/gallant-agnesi.188-165-133-218.plesk.page\/en\/history\/pepe-escriche-award\/"]}]},{"@type":"ImageObject","inLanguage":"en-US","@id":"https:\/\/gallant-agnesi.188-165-133-218.plesk.page\/en\/history\/pepe-escriche-award\/#primaryimage","url":"https:\/\/gallant-agnesi.188-165-133-218.plesk.page\/wp-content\/uploads\/2014\/03\/Premio-Pepe-Escriche-web.jpg","contentUrl":"https:\/\/gallant-agnesi.188-165-133-218.plesk.page\/wp-content\/uploads\/2014\/03\/Premio-Pepe-Escriche-web.jpg","width":878,"height":600},{"@type":"BreadcrumbList","@id":"https:\/\/gallant-agnesi.188-165-133-218.plesk.page\/en\/history\/pepe-escriche-award\/#breadcrumb","itemListElement":[{"@type":"ListItem","position":1,"name":"Inicio","item":"https:\/\/gallant-agnesi.188-165-133-218.plesk.page\/en\/"},{"@type":"ListItem","position":2,"name":"Festival History","item":"https:\/\/gallant-agnesi.188-165-133-218.plesk.page\/en\/history\/"},{"@type":"ListItem","position":3,"name":"PEPE ESCRICHE AWARD"}]},{"@type":"WebSite","@id":"https:\/\/gallant-agnesi.188-165-133-218.plesk.page\/en\/#website","url":"https:\/\/gallant-agnesi.188-165-133-218.plesk.page\/en\/","name":"Festival Internacional de Cine de Huesca","description":"From 11 to 19 june 2021","publisher":{"@id":"https:\/\/gallant-agnesi.188-165-133-218.plesk.page\/en\/#organization"},"potentialAction":[{"@type":"SearchAction","target":{"@type":"EntryPoint","urlTemplate":"https:\/\/gallant-agnesi.188-165-133-218.plesk.page\/en\/?s={search_term_string}"},"query-input":"required name=search_term_string"}],"inLanguage":"en-US"},{"@type":"Organization","@id":"https:\/\/gallant-agnesi.188-165-133-218.plesk.page\/en\/#organization","name":"Festival Internacional de Cine de Huesca","url":"https:\/\/gallant-agnesi.188-165-133-218.plesk.page\/en\/","logo":{"@type":"ImageObject","inLanguage":"en-US","@id":"https:\/\/gallant-agnesi.188-165-133-218.plesk.page\/en\/#\/schema\/logo\/image\/","url":"https:\/\/gallant-agnesi.188-165-133-218.plesk.page\/wp-content\/uploads\/2025\/01\/movil_teaser.jpg","contentUrl":"https:\/\/gallant-agnesi.188-165-133-218.plesk.page\/wp-content\/uploads\/2025\/01\/movil_teaser.jpg","width":779,"height":286,"caption":"Festival Internacional de Cine de Huesca"},"image":{"@id":"https:\/\/gallant-agnesi.188-165-133-218.plesk.page\/en\/#\/schema\/logo\/image\/"}}]}},"_links":{"self":[{"href":"https:\/\/gallant-agnesi.188-165-133-218.plesk.page\/en\/wp-json\/wp\/v2\/pages\/41391"}],"collection":[{"href":"https:\/\/gallant-agnesi.188-165-133-218.plesk.page\/en\/wp-json\/wp\/v2\/pages"}],"about":[{"href":"https:\/\/gallant-agnesi.188-165-133-218.plesk.page\/en\/wp-json\/wp\/v2\/types\/page"}],"author":[{"embeddable":true,"href":"https:\/\/gallant-agnesi.188-165-133-218.plesk.page\/en\/wp-json\/wp\/v2\/users\/2"}],"replies":[{"embeddable":true,"href":"https:\/\/gallant-agnesi.188-165-133-218.plesk.page\/en\/wp-json\/wp\/v2\/comments?post=41391"}],"version-history":[{"count":9,"href":"https:\/\/gallant-agnesi.188-165-133-218.plesk.page\/en\/wp-json\/wp\/v2\/pages\/41391\/revisions"}],"predecessor-version":[{"id":41655,"href":"https:\/\/gallant-agnesi.188-165-133-218.plesk.page\/en\/wp-json\/wp\/v2\/pages\/41391\/revisions\/41655"}],"up":[{"embeddable":true,"href":"https:\/\/gallant-agnesi.188-165-133-218.plesk.page\/en\/wp-json\/wp\/v2\/pages\/36779"}],"wp:featuredmedia":[{"embeddable":true,"href":"https:\/\/gallant-agnesi.188-165-133-218.plesk.page\/en\/wp-json\/wp\/v2\/media\/3227"}],"wp:attachment":[{"href":"https:\/\/gallant-agnesi.188-165-133-218.plesk.page\/en\/wp-json\/wp\/v2\/media?parent=41391"}],"curies":[{"name":"wp","href":"https:\/\/api.w.org\/{rel}","templated":true}]}}