{"id":41384,"date":"2017-05-04T17:38:57","date_gmt":"2017-05-04T15:38:57","guid":{"rendered":"https:\/\/gallant-agnesi.188-165-133-218.plesk.page\/?page_id=41384"},"modified":"2022-11-08T11:14:27","modified_gmt":"2022-11-08T10:14:27","slug":"city-of-huesca-award","status":"publish","type":"page","link":"https:\/\/gallant-agnesi.188-165-133-218.plesk.page\/en\/history\/city-of-huesca-award\/","title":{"rendered":"CARLOS SAURA CITY OF HUESCA AWARD"},"content":{"rendered":"<div class=\"wpb-content-wrapper\"><p>[vc_row type=&#8221;vc_default&#8221; full_width=&#8221;stretch_row&#8221; bg_type=&#8221;bg_color&#8221; seperator_enable=&#8221;seperator_enable_value&#8221; seperator_type=&#8221;tilt_left_seperator&#8221; seperator_position=&#8221;bottom_seperator&#8221; seperator_svg_height=&#8221;80&#8243; seperator_shape_background=&#8221;#ffffff&#8221; bg_color_value=&#8221;#000000&#8243; css=&#8221;.vc_custom_1608050320156{margin-top: -50px !important;background-color: #000000 !important;}&#8221;][vc_column width=&#8221;3\/4&#8243; css=&#8221;.vc_custom_1488278993139{padding-top: 50px !important;padding-bottom: 50px !important;}&#8221;][vc_custom_heading source=&#8221;post_title&#8221; font_container=&#8221;tag:h2|text_align:left|color:%23ffffff&#8221; use_theme_fonts=&#8221;yes&#8221;][vc_custom_heading text=&#8221;TRIBUTES&#8221; font_container=&#8221;tag:h4|text_align:left|color:%23ffffff|line_height:150%25&#8243; use_theme_fonts=&#8221;yes&#8221;][\/vc_column][vc_column width=&#8221;1\/4&#8243; offset=&#8221;vc_hidden-sm vc_hidden-xs&#8221;]<style type=\"text\/css\" data-type=\"the7_shortcodes-inline-css\">.dt-breadcrumbs-id-18e1a6531b37468b1cb44de3dc05b919 .breadcrumbs {\n  display: inline-block;\n  margin: 0;\n  padding: 2px 10px 2px 10px;\n  border: 0px solid ;\n  border-radius: 0px;\n}\n.dt-breadcrumbs-id-18e1a6531b37468b1cb44de3dc05b919 .breadcrumbs * {\n  text-transform: uppercase;\n}\n<\/style><div class=\"dt-breadcrumbs-shortcode dt-breadcrumbs-id-18e1a6531b37468b1cb44de3dc05b919 align-right\"><div class=\"assistive-text\">You are here:<\/div><ol class=\"breadcrumbs text-small\" itemscope itemtype=\"https:\/\/schema.org\/BreadcrumbList\"><li itemprop=\"itemListElement\" itemscope itemtype=\"https:\/\/schema.org\/ListItem\"><a itemprop=\"item\" href=\"https:\/\/gallant-agnesi.188-165-133-218.plesk.page\/en\/\" title=\"Home\"><span itemprop=\"name\">Home<\/span><\/a><meta itemprop=\"position\" content=\"1\" \/><\/li><li class=\"current\" itemprop=\"itemListElement\" itemscope itemtype=\"https:\/\/schema.org\/ListItem\"><span itemprop=\"name\">Page<\/span><meta itemprop=\"position\" content=\"2\" \/><\/li><\/ol><\/div>[\/vc_column][\/vc_row][vc_row margin_top=&#8221;35&#8243;][vc_column width=&#8221;5\/6&#8243; offset=&#8221;vc_col-lg-offset-2&#8243;][vc_column_text]With the <strong>City of Huesca Award<\/strong>, Huesca International Film Festival recognizes the bright professional career of young figures of the world cinema which, in addition, have a promising professional future. It has been awarded since 1991, and in 2018 the Huesca Film Festival Foundation, along with the Festival\u2019s management team and the filmmaker <strong>Carlos Saura<\/strong>, decide to change the nomenclature of the prize to denominate <strong>Carlos Saura City of Huesca<\/strong>, with the approval of the director. <strong>Carlos Saura<\/strong>, born in Huesca, has one of the most awarded international filmographies, one of the names with capital letters in the history of the seventh art and thus intends to pay a sincere tribute to the city festival that saw him born.<\/p>\n<p>The <strong>Carlos Saura City of Huesca Award<\/strong> has honoured the career of figures such as Carlos Saura (1991), Jos\u00e9 Mar\u00eda Forqu\u00e9 (1992), Fernando Trueba (1993), Imanol Uribe (1994), Arturo Ripstein (1995), Gerardo Herrero (1996), Francisco J. Lombardi (1997), Manuel Gutierrez Arag\u00f3n (1998), Bigas Luna (1999), Ventura Pons (2000), Juanjo Puigcorb\u00e9 (2001), Vicente Aranda (2002), Zelimir Kilnik (2003), Mercedes Sampietro (2004), Julio Medem (2005), Gracia Querejeta (2006), Marc Recha (2007), Jos\u00e9 Mar\u00eda Escriche (2008), Basilio Mart\u00edn Patino (2009), Montxo Armend\u00e1riz (2010), Jos\u00e9 Luis Guerin (2011), Ic\u00edar Bolla\u00edn (2012), Adriana Ugarte (2014), Silvia Abascal (2015), Paula Ortiz (2016), Leticia Dolera (2017), Aura Garrido (2018), Rodrigo Sorogoyen &amp; Isabel Pe\u00f1a (2019), Anna Castillo (2020), Michel Franco (2021) and Diego Luna (2022).<br \/>\n<!--<a href=\"https:\/\/gallant-agnesi.188-165-133-218.plesk.page\/wp-content\/uploads\/2014\/02\/luisbunuel.jpg\"><img loading=\"lazy\" decoding=\"async\" class=\"alignright size-full wp-image-1837\" src=\"https:\/\/gallant-agnesi.188-165-133-218.plesk.page\/wp-content\/uploads\/2014\/02\/luisbunuel.jpg\" alt=\"luisbunuel\" width=\"300\" height=\"225\" \/>Se instaur\u00f3 en 1998 recogiendo el sentir del Comit\u00e9 de Direcci\u00f3n, tras los homenajes que el Festival le dedic\u00f3 en diversas ediciones y tras la aprobaci\u00f3n de sus hijos Juan Luis y Rafael.\n\nEl trofeo inicial fue una creaci\u00f3n del reconocido artista oscense Eduardo Cajal, realizado en bronce y desmontable. Representaba el dintel de una puerta y seg\u00fan el autor, se inspir\u00f3 en su largometraje El \u00c1ngel Exterminador.\n\nNueve a\u00f1os despu\u00e9s se cambi\u00f3 de imagen el trofeo, concretamente en la 34 edici\u00f3n. La actual escultura es obra del artista zaragozano Fernando Sinaga.\n\nSe trata de un abanico desplegado que est\u00e1 cargado de un amplio significado.\n\nSeg\u00fan su autor durante varias ocasiones le vino a la mente el abanico, sobre el que fue reflexionando y al final se convirti\u00f3 en su fetiche. Este objeto, destaca Sinaga, representa al mismo tiempo la \"seducci\u00f3n\" y la idea de \"lo secreto y lo oculto\". Por otra parte, al tratarse de un galard\u00f3n que se entrega y se porta en la mano, este artista quer\u00eda huir de la iconograf\u00eda seudoart\u00edstica que habitualmente tienen los premios de cine, que finalmente no son objetos art\u00edsticos\". Ten\u00eda que ser algo unido a la mano y que no pudiera ser entendido sin vincularse a ella. Como tampoco quiere que este premio que pesa unos dos kilos y est\u00e1 elaborado en bronce acabe en cualquier rinc\u00f3n perdido y oculto ha pensado en \"una pieza que se aleja de la idea de considerarse trofeos que se ponen en un aparador\".-->[\/vc_column_text][\/vc_column][\/vc_row]<\/a><\/p>\n<\/div>","protected":false},"excerpt":{"rendered":"<p>[vc_row type=&#8221;vc_default&#8221; full_width=&#8221;stretch_row&#8221; bg_type=&#8221;bg_color&#8221; seperator_enable=&#8221;seperator_enable_value&#8221; seperator_type=&#8221;tilt_left_seperator&#8221; seperator_position=&#8221;bottom_seperator&#8221; seperator_svg_height=&#8221;80&#8243; seperator_shape_background=&#8221;#ffffff&#8221; bg_color_value=&#8221;#000000&#8243; css=&#8221;.vc_custom_1608050320156{margin-top: -50px !important;background-color: #000000 !important;}&#8221;][vc_column width=&#8221;3\/4&#8243; css=&#8221;.vc_custom_1488278993139{padding-top: 50px !important;padding-bottom: 50px !important;}&#8221;][vc_custom_heading source=&#8221;post_title&#8221; font_container=&#8221;tag:h2|text_align:left|color:%23ffffff&#8221; use_theme_fonts=&#8221;yes&#8221;][vc_custom_heading text=&#8221;TRIBUTES&#8221; font_container=&#8221;tag:h4|text_align:left|color:%23ffffff|line_height:150%25&#8243; use_theme_fonts=&#8221;yes&#8221;][\/vc_column][vc_column width=&#8221;1\/4&#8243; offset=&#8221;vc_hidden-sm vc_hidden-xs&#8221;][\/vc_column][\/vc_row][vc_row margin_top=&#8221;35&#8243;][vc_column width=&#8221;5\/6&#8243; offset=&#8221;vc_col-lg-offset-2&#8243;][vc_column_text]With the City of Huesca Award, Huesca International Film Festival recognizes the bright professional career of young figures of the world cinema which,&hellip;<\/p>\n","protected":false},"author":2,"featured_media":0,"parent":36779,"menu_order":0,"comment_status":"closed","ping_status":"closed","template":"","meta":{"footnotes":""},"yoast_head":"<!-- This site is optimized with the Yoast SEO plugin v22.8 - https:\/\/yoast.com\/wordpress\/plugins\/seo\/ -->\n<title>CARLOS SAURA CITY OF HUESCA AWARD | Festival Internacional de Cine de Huesca<\/title>\n<meta name=\"robots\" content=\"index, follow, max-snippet:-1, max-image-preview:large, max-video-preview:-1\" \/>\n<link rel=\"canonical\" href=\"https:\/\/gallant-agnesi.188-165-133-218.plesk.page\/en\/history\/city-of-huesca-award\/\" \/>\n<meta property=\"og:locale\" content=\"en_US\" \/>\n<meta property=\"og:type\" content=\"article\" \/>\n<meta property=\"og:title\" content=\"CARLOS SAURA CITY OF HUESCA AWARD | Festival Internacional de Cine de Huesca\" \/>\n<meta property=\"og:description\" content=\"[vc_row type=&#8221;vc_default&#8221; full_width=&#8221;stretch_row&#8221; bg_type=&#8221;bg_color&#8221; seperator_enable=&#8221;seperator_enable_value&#8221; seperator_type=&#8221;tilt_left_seperator&#8221; seperator_position=&#8221;bottom_seperator&#8221; seperator_svg_height=&#8221;80&#8243; seperator_shape_background=&#8221;#ffffff&#8221; bg_color_value=&#8221;#000000&#8243; css=&#8221;.vc_custom_1608050320156{margin-top: -50px !important;background-color: #000000 !important;}&#8221;][vc_column width=&#8221;3\/4&#8243; css=&#8221;.vc_custom_1488278993139{padding-top: 50px !important;padding-bottom: 50px !important;}&#8221;][vc_custom_heading source=&#8221;post_title&#8221; font_container=&#8221;tag:h2|text_align:left|color:%23ffffff&#8221; use_theme_fonts=&#8221;yes&#8221;][vc_custom_heading text=&#8221;TRIBUTES&#8221; font_container=&#8221;tag:h4|text_align:left|color:%23ffffff|line_height:150%25&#8243; use_theme_fonts=&#8221;yes&#8221;][\/vc_column][vc_column width=&#8221;1\/4&#8243; offset=&#8221;vc_hidden-sm vc_hidden-xs&#8221;][\/vc_column][\/vc_row][vc_row margin_top=&#8221;35&#8243;][vc_column width=&#8221;5\/6&#8243; offset=&#8221;vc_col-lg-offset-2&#8243;][vc_column_text]With the City of Huesca Award, Huesca International Film Festival recognizes the bright professional career of young figures of the world cinema which,&hellip;\" \/>\n<meta property=\"og:url\" content=\"https:\/\/gallant-agnesi.188-165-133-218.plesk.page\/en\/history\/city-of-huesca-award\/\" \/>\n<meta property=\"og:site_name\" content=\"Festival Internacional de Cine de Huesca\" \/>\n<meta property=\"article:modified_time\" content=\"2022-11-08T10:14:27+00:00\" \/>\n<meta property=\"og:image\" content=\"https:\/\/gallant-agnesi.188-165-133-218.plesk.page\/wp-content\/uploads\/2014\/02\/luisbunuel.jpg\" \/>\n<meta name=\"twitter:card\" content=\"summary_large_image\" \/>\n<meta name=\"twitter:label1\" content=\"Est. reading time\" \/>\n\t<meta name=\"twitter:data1\" content=\"3 minutes\" \/>\n<script type=\"application\/ld+json\" class=\"yoast-schema-graph\">{\"@context\":\"https:\/\/schema.org\",\"@graph\":[{\"@type\":\"WebPage\",\"@id\":\"https:\/\/gallant-agnesi.188-165-133-218.plesk.page\/en\/history\/city-of-huesca-award\/\",\"url\":\"https:\/\/gallant-agnesi.188-165-133-218.plesk.page\/en\/history\/city-of-huesca-award\/\",\"name\":\"CARLOS SAURA CITY OF HUESCA AWARD | Festival Internacional de Cine de Huesca\",\"isPartOf\":{\"@id\":\"https:\/\/gallant-agnesi.188-165-133-218.plesk.page\/en\/#website\"},\"primaryImageOfPage\":{\"@id\":\"https:\/\/gallant-agnesi.188-165-133-218.plesk.page\/en\/history\/city-of-huesca-award\/#primaryimage\"},\"image\":{\"@id\":\"https:\/\/gallant-agnesi.188-165-133-218.plesk.page\/en\/history\/city-of-huesca-award\/#primaryimage\"},\"thumbnailUrl\":\"https:\/\/gallant-agnesi.188-165-133-218.plesk.page\/wp-content\/uploads\/2014\/02\/luisbunuel.jpg\",\"datePublished\":\"2017-05-04T15:38:57+00:00\",\"dateModified\":\"2022-11-08T10:14:27+00:00\",\"breadcrumb\":{\"@id\":\"https:\/\/gallant-agnesi.188-165-133-218.plesk.page\/en\/history\/city-of-huesca-award\/#breadcrumb\"},\"inLanguage\":\"en-US\",\"potentialAction\":[{\"@type\":\"ReadAction\",\"target\":[\"https:\/\/gallant-agnesi.188-165-133-218.plesk.page\/en\/history\/city-of-huesca-award\/\"]}]},{\"@type\":\"ImageObject\",\"inLanguage\":\"en-US\",\"@id\":\"https:\/\/gallant-agnesi.188-165-133-218.plesk.page\/en\/history\/city-of-huesca-award\/#primaryimage\",\"url\":\"https:\/\/gallant-agnesi.188-165-133-218.plesk.page\/wp-content\/uploads\/2014\/02\/luisbunuel.jpg\",\"contentUrl\":\"https:\/\/gallant-agnesi.188-165-133-218.plesk.page\/wp-content\/uploads\/2014\/02\/luisbunuel.jpg\"},{\"@type\":\"BreadcrumbList\",\"@id\":\"https:\/\/gallant-agnesi.188-165-133-218.plesk.page\/en\/history\/city-of-huesca-award\/#breadcrumb\",\"itemListElement\":[{\"@type\":\"ListItem\",\"position\":1,\"name\":\"Inicio\",\"item\":\"https:\/\/gallant-agnesi.188-165-133-218.plesk.page\/en\/\"},{\"@type\":\"ListItem\",\"position\":2,\"name\":\"Festival History\",\"item\":\"https:\/\/gallant-agnesi.188-165-133-218.plesk.page\/en\/history\/\"},{\"@type\":\"ListItem\",\"position\":3,\"name\":\"CARLOS SAURA CITY OF HUESCA AWARD\"}]},{\"@type\":\"WebSite\",\"@id\":\"https:\/\/gallant-agnesi.188-165-133-218.plesk.page\/en\/#website\",\"url\":\"https:\/\/gallant-agnesi.188-165-133-218.plesk.page\/en\/\",\"name\":\"Festival Internacional de Cine de Huesca\",\"description\":\"From 11 to 19 june 2021\",\"publisher\":{\"@id\":\"https:\/\/gallant-agnesi.188-165-133-218.plesk.page\/en\/#organization\"},\"potentialAction\":[{\"@type\":\"SearchAction\",\"target\":{\"@type\":\"EntryPoint\",\"urlTemplate\":\"https:\/\/gallant-agnesi.188-165-133-218.plesk.page\/en\/?s={search_term_string}\"},\"query-input\":\"required name=search_term_string\"}],\"inLanguage\":\"en-US\"},{\"@type\":\"Organization\",\"@id\":\"https:\/\/gallant-agnesi.188-165-133-218.plesk.page\/en\/#organization\",\"name\":\"Festival Internacional de Cine de Huesca\",\"url\":\"https:\/\/gallant-agnesi.188-165-133-218.plesk.page\/en\/\",\"logo\":{\"@type\":\"ImageObject\",\"inLanguage\":\"en-US\",\"@id\":\"https:\/\/gallant-agnesi.188-165-133-218.plesk.page\/en\/#\/schema\/logo\/image\/\",\"url\":\"https:\/\/gallant-agnesi.188-165-133-218.plesk.page\/wp-content\/uploads\/2025\/01\/movil_teaser.jpg\",\"contentUrl\":\"https:\/\/gallant-agnesi.188-165-133-218.plesk.page\/wp-content\/uploads\/2025\/01\/movil_teaser.jpg\",\"width\":779,\"height\":286,\"caption\":\"Festival Internacional de Cine de Huesca\"},\"image\":{\"@id\":\"https:\/\/gallant-agnesi.188-165-133-218.plesk.page\/en\/#\/schema\/logo\/image\/\"}}]}<\/script>\n<!-- \/ Yoast SEO plugin. -->","yoast_head_json":{"title":"CARLOS SAURA CITY OF HUESCA AWARD | Festival Internacional de Cine de Huesca","robots":{"index":"index","follow":"follow","max-snippet":"max-snippet:-1","max-image-preview":"max-image-preview:large","max-video-preview":"max-video-preview:-1"},"canonical":"https:\/\/gallant-agnesi.188-165-133-218.plesk.page\/en\/history\/city-of-huesca-award\/","og_locale":"en_US","og_type":"article","og_title":"CARLOS SAURA CITY OF HUESCA AWARD | Festival Internacional de Cine de Huesca","og_description":"[vc_row type=&#8221;vc_default&#8221; full_width=&#8221;stretch_row&#8221; bg_type=&#8221;bg_color&#8221; seperator_enable=&#8221;seperator_enable_value&#8221; seperator_type=&#8221;tilt_left_seperator&#8221; seperator_position=&#8221;bottom_seperator&#8221; seperator_svg_height=&#8221;80&#8243; seperator_shape_background=&#8221;#ffffff&#8221; bg_color_value=&#8221;#000000&#8243; css=&#8221;.vc_custom_1608050320156{margin-top: -50px !important;background-color: #000000 !important;}&#8221;][vc_column width=&#8221;3\/4&#8243; css=&#8221;.vc_custom_1488278993139{padding-top: 50px !important;padding-bottom: 50px !important;}&#8221;][vc_custom_heading source=&#8221;post_title&#8221; font_container=&#8221;tag:h2|text_align:left|color:%23ffffff&#8221; use_theme_fonts=&#8221;yes&#8221;][vc_custom_heading text=&#8221;TRIBUTES&#8221; font_container=&#8221;tag:h4|text_align:left|color:%23ffffff|line_height:150%25&#8243; use_theme_fonts=&#8221;yes&#8221;][\/vc_column][vc_column width=&#8221;1\/4&#8243; offset=&#8221;vc_hidden-sm vc_hidden-xs&#8221;][\/vc_column][\/vc_row][vc_row margin_top=&#8221;35&#8243;][vc_column width=&#8221;5\/6&#8243; offset=&#8221;vc_col-lg-offset-2&#8243;][vc_column_text]With the City of Huesca Award, Huesca International Film Festival recognizes the bright professional career of young figures of the world cinema which,&hellip;","og_url":"https:\/\/gallant-agnesi.188-165-133-218.plesk.page\/en\/history\/city-of-huesca-award\/","og_site_name":"Festival Internacional de Cine de Huesca","article_modified_time":"2022-11-08T10:14:27+00:00","og_image":[{"url":"https:\/\/gallant-agnesi.188-165-133-218.plesk.page\/wp-content\/uploads\/2014\/02\/luisbunuel.jpg"}],"twitter_card":"summary_large_image","twitter_misc":{"Est. reading time":"3 minutes"},"schema":{"@context":"https:\/\/schema.org","@graph":[{"@type":"WebPage","@id":"https:\/\/gallant-agnesi.188-165-133-218.plesk.page\/en\/history\/city-of-huesca-award\/","url":"https:\/\/gallant-agnesi.188-165-133-218.plesk.page\/en\/history\/city-of-huesca-award\/","name":"CARLOS SAURA CITY OF HUESCA AWARD | Festival Internacional de Cine de Huesca","isPartOf":{"@id":"https:\/\/gallant-agnesi.188-165-133-218.plesk.page\/en\/#website"},"primaryImageOfPage":{"@id":"https:\/\/gallant-agnesi.188-165-133-218.plesk.page\/en\/history\/city-of-huesca-award\/#primaryimage"},"image":{"@id":"https:\/\/gallant-agnesi.188-165-133-218.plesk.page\/en\/history\/city-of-huesca-award\/#primaryimage"},"thumbnailUrl":"https:\/\/gallant-agnesi.188-165-133-218.plesk.page\/wp-content\/uploads\/2014\/02\/luisbunuel.jpg","datePublished":"2017-05-04T15:38:57+00:00","dateModified":"2022-11-08T10:14:27+00:00","breadcrumb":{"@id":"https:\/\/gallant-agnesi.188-165-133-218.plesk.page\/en\/history\/city-of-huesca-award\/#breadcrumb"},"inLanguage":"en-US","potentialAction":[{"@type":"ReadAction","target":["https:\/\/gallant-agnesi.188-165-133-218.plesk.page\/en\/history\/city-of-huesca-award\/"]}]},{"@type":"ImageObject","inLanguage":"en-US","@id":"https:\/\/gallant-agnesi.188-165-133-218.plesk.page\/en\/history\/city-of-huesca-award\/#primaryimage","url":"https:\/\/gallant-agnesi.188-165-133-218.plesk.page\/wp-content\/uploads\/2014\/02\/luisbunuel.jpg","contentUrl":"https:\/\/gallant-agnesi.188-165-133-218.plesk.page\/wp-content\/uploads\/2014\/02\/luisbunuel.jpg"},{"@type":"BreadcrumbList","@id":"https:\/\/gallant-agnesi.188-165-133-218.plesk.page\/en\/history\/city-of-huesca-award\/#breadcrumb","itemListElement":[{"@type":"ListItem","position":1,"name":"Inicio","item":"https:\/\/gallant-agnesi.188-165-133-218.plesk.page\/en\/"},{"@type":"ListItem","position":2,"name":"Festival History","item":"https:\/\/gallant-agnesi.188-165-133-218.plesk.page\/en\/history\/"},{"@type":"ListItem","position":3,"name":"CARLOS SAURA CITY OF HUESCA AWARD"}]},{"@type":"WebSite","@id":"https:\/\/gallant-agnesi.188-165-133-218.plesk.page\/en\/#website","url":"https:\/\/gallant-agnesi.188-165-133-218.plesk.page\/en\/","name":"Festival Internacional de Cine de Huesca","description":"From 11 to 19 june 2021","publisher":{"@id":"https:\/\/gallant-agnesi.188-165-133-218.plesk.page\/en\/#organization"},"potentialAction":[{"@type":"SearchAction","target":{"@type":"EntryPoint","urlTemplate":"https:\/\/gallant-agnesi.188-165-133-218.plesk.page\/en\/?s={search_term_string}"},"query-input":"required name=search_term_string"}],"inLanguage":"en-US"},{"@type":"Organization","@id":"https:\/\/gallant-agnesi.188-165-133-218.plesk.page\/en\/#organization","name":"Festival Internacional de Cine de Huesca","url":"https:\/\/gallant-agnesi.188-165-133-218.plesk.page\/en\/","logo":{"@type":"ImageObject","inLanguage":"en-US","@id":"https:\/\/gallant-agnesi.188-165-133-218.plesk.page\/en\/#\/schema\/logo\/image\/","url":"https:\/\/gallant-agnesi.188-165-133-218.plesk.page\/wp-content\/uploads\/2025\/01\/movil_teaser.jpg","contentUrl":"https:\/\/gallant-agnesi.188-165-133-218.plesk.page\/wp-content\/uploads\/2025\/01\/movil_teaser.jpg","width":779,"height":286,"caption":"Festival Internacional de Cine de Huesca"},"image":{"@id":"https:\/\/gallant-agnesi.188-165-133-218.plesk.page\/en\/#\/schema\/logo\/image\/"}}]}},"_links":{"self":[{"href":"https:\/\/gallant-agnesi.188-165-133-218.plesk.page\/en\/wp-json\/wp\/v2\/pages\/41384"}],"collection":[{"href":"https:\/\/gallant-agnesi.188-165-133-218.plesk.page\/en\/wp-json\/wp\/v2\/pages"}],"about":[{"href":"https:\/\/gallant-agnesi.188-165-133-218.plesk.page\/en\/wp-json\/wp\/v2\/types\/page"}],"author":[{"embeddable":true,"href":"https:\/\/gallant-agnesi.188-165-133-218.plesk.page\/en\/wp-json\/wp\/v2\/users\/2"}],"replies":[{"embeddable":true,"href":"https:\/\/gallant-agnesi.188-165-133-218.plesk.page\/en\/wp-json\/wp\/v2\/comments?post=41384"}],"version-history":[{"count":10,"href":"https:\/\/gallant-agnesi.188-165-133-218.plesk.page\/en\/wp-json\/wp\/v2\/pages\/41384\/revisions"}],"predecessor-version":[{"id":41387,"href":"https:\/\/gallant-agnesi.188-165-133-218.plesk.page\/en\/wp-json\/wp\/v2\/pages\/41384\/revisions\/41387"}],"up":[{"embeddable":true,"href":"https:\/\/gallant-agnesi.188-165-133-218.plesk.page\/en\/wp-json\/wp\/v2\/pages\/36779"}],"wp:attachment":[{"href":"https:\/\/gallant-agnesi.188-165-133-218.plesk.page\/en\/wp-json\/wp\/v2\/media?parent=41384"}],"curies":[{"name":"wp","href":"https:\/\/api.w.org\/{rel}","templated":true}]}}