{"id":25414,"date":"2015-05-04T12:14:10","date_gmt":"2015-05-04T10:14:10","guid":{"rendered":"https:\/\/gallant-agnesi.188-165-133-218.plesk.page\/?page_id=25414"},"modified":"2015-06-10T11:36:45","modified_gmt":"2015-06-10T09:36:45","slug":"43-concurso-internacional-cortometrajes","status":"publish","type":"page","link":"https:\/\/gallant-agnesi.188-165-133-218.plesk.page\/en\/competition-2016\/43-concurso-internacional-cortometrajes\/","title":{"rendered":"Concurso Internacional de Cortometrajes"},"content":{"rendered":"<p>[custom_table style=&#8221;1&#8243;]<\/p>\n<table width=\"100%\">\n<tbody>\n<tr>\n<td width=\"35%\"><em><strong><a href=\"https:\/\/gallant-agnesi.188-165-133-218.plesk.page\/pelicula\/bamboule\/\">Bamboule<\/a><\/strong><\/em><\/td>\n<td width=\"40%\">Simon Ostermann<\/td>\n<td width=\"25%\">Alemania<\/td>\n<\/tr>\n<tr>\n<td width=\"35%\"><em><strong><a href=\"https:\/\/gallant-agnesi.188-165-133-218.plesk.page\/pelicula\/bar-2\/\">B\u00c4R<\/a> (Bear)<\/strong><\/em><\/td>\n<td width=\"40%\">Pascal Fl\u00f6rks<\/td>\n<td width=\"25%\">Alemania<\/td>\n<\/tr>\n<tr>\n<td width=\"35%\"><a href=\"https:\/\/gallant-agnesi.188-165-133-218.plesk.page\/pelicula\/in-the-distance\/\"><em><strong>In The Distance<\/strong><\/em><\/a><\/td>\n<td width=\"40%\">Florian Grolig<\/td>\n<td width=\"25%\">Alemania<\/td>\n<\/tr>\n<tr>\n<td width=\"35%\"><a href=\"https:\/\/gallant-agnesi.188-165-133-218.plesk.page\/pelicula\/revolution\/\"><em><strong>Revolution<\/strong><\/em><\/a><\/td>\n<td width=\"40%\">Markus Erhart<\/td>\n<td width=\"25%\">Alemania<\/td>\n<\/tr>\n<tr>\n<td width=\"35%\"><a href=\"https:\/\/gallant-agnesi.188-165-133-218.plesk.page\/pelicula\/the-present\/\"><em><strong>The Present<\/strong><\/em><\/a><\/td>\n<td width=\"40%\">Jacob Frey<\/td>\n<td width=\"25%\">Alemania<\/td>\n<\/tr>\n<tr>\n<td width=\"35%\"><a href=\"https:\/\/gallant-agnesi.188-165-133-218.plesk.page\/pelicula\/vakuum\/\"><em><strong>Vakuum<\/strong><\/em><\/a><\/td>\n<td width=\"40%\">Felix Ahrens<\/td>\n<td width=\"25%\">Alemania<\/td>\n<\/tr>\n<tr>\n<td width=\"35%\"><a href=\"https:\/\/gallant-agnesi.188-165-133-218.plesk.page\/pelicula\/alles-wird-gut\/\"><em><strong>Alles wird gut<\/strong><\/em><\/a><\/td>\n<td width=\"40%\">Patrick Vollrath<\/td>\n<td width=\"25%\">Austria<\/td>\n<\/tr>\n<tr>\n<td width=\"35%\"><a href=\"https:\/\/gallant-agnesi.188-165-133-218.plesk.page\/pelicula\/bystander-effect\/\"><em><strong>Bystander Effect<\/strong><\/em><\/a><\/td>\n<td width=\"40%\">Matthias Neumayer<\/td>\n<td width=\"25%\">Austria<\/td>\n<\/tr>\n<tr>\n<td style=\"text-align: left;\" width=\"35%\"><a href=\"https:\/\/gallant-agnesi.188-165-133-218.plesk.page\/pelicula\/lucha-libre\/\"><em><strong>Lucha Libre<\/strong><\/em><\/a><\/td>\n<td width=\"40%\">Rapha\u00ebl Balboni, Ann Sirot<\/td>\n<td width=\"25%\">B\u00e9lgica<\/td>\n<\/tr>\n<tr>\n<td width=\"35%\"><a href=\"https:\/\/gallant-agnesi.188-165-133-218.plesk.page\/pelicula\/plein-soleil\/\"><em><strong>Plein Soleil<\/strong><\/em><\/a><\/td>\n<td width=\"40%\">Fred Castadot<\/td>\n<td width=\"25%\">B\u00e9lgica<\/td>\n<\/tr>\n<tr>\n<td width=\"35%\"><em><strong><a href=\"https:\/\/gallant-agnesi.188-165-133-218.plesk.page\/pelicula\/getting-fat-in-a-healthy-way\/\">\u041a\u0410\u041a \u0414\u0410 \u041d\u0410\u0414\u0415\u0411\u0415\u041b\u0415\u0415\u041c \u0417\u0414\u0420\u0410\u0412\u041e\u0421\u041b\u041e\u0412\u041d\u041e<\/a> (Getting fat in a healthy way)<\/strong><\/em><\/td>\n<td width=\"40%\">Kevork Aslanyan<\/td>\n<td width=\"25%\">Bulgaria<\/td>\n<\/tr>\n<tr>\n<td width=\"35%\"><em><strong><a href=\"https:\/\/gallant-agnesi.188-165-133-218.plesk.page\/pelicula\/hole\/\">Hole<\/a><\/strong><\/em><\/td>\n<td width=\"40%\">Martin Edralin<\/td>\n<td width=\"25%\">Canada<\/td>\n<\/tr>\n<tr>\n<td width=\"35%\"><a href=\"https:\/\/gallant-agnesi.188-165-133-218.plesk.page\/pelicula\/prends-moi\/\"><em><strong>Prends-moi<\/strong><\/em><\/a><\/td>\n<td width=\"40%\">Andr\u00e9 Turpin, Ana\u00efs Barbeau-Lavalette<\/td>\n<td width=\"25%\">Canada<\/td>\n<\/tr>\n<tr>\n<td width=\"35%\"><a href=\"https:\/\/gallant-agnesi.188-165-133-218.plesk.page\/pelicula\/piknik\/\"><em><strong>Piknik<\/strong><\/em><\/a><\/td>\n<td width=\"40%\">Jure Pavlovic<\/td>\n<td width=\"25%\">Croacia<\/td>\n<\/tr>\n<tr>\n<td width=\"35%\"><em><strong><a href=\"https:\/\/gallant-agnesi.188-165-133-218.plesk.page\/pelicula\/simulacra\/\">Simulacra<\/a><\/strong><\/em><\/td>\n<td width=\"40%\">Thomas Johnson, Ivana Bosnjak<\/td>\n<td width=\"25%\">Croacia<\/td>\n<\/tr>\n<tr>\n<td width=\"35%\"><em><strong><a href=\"https:\/\/gallant-agnesi.188-165-133-218.plesk.page\/pelicula\/rabie-chetwy\/\">Rabie Chetwy<\/a><\/strong><\/em><\/td>\n<td width=\"40%\">Mohamed Kamel<\/td>\n<td width=\"25%\">Egipto<\/td>\n<\/tr>\n<tr>\n<td width=\"35%\"><a href=\"https:\/\/gallant-agnesi.188-165-133-218.plesk.page\/pelicula\/before-the-bomb\/\"><em><strong>Before The Bomb<\/strong><\/em><\/a><\/td>\n<td width=\"40%\">Tannaz Hazemi<\/td>\n<td width=\"25%\">Estados Unidos<\/td>\n<\/tr>\n<tr>\n<td width=\"35%\"><a href=\"https:\/\/gallant-agnesi.188-165-133-218.plesk.page\/pelicula\/im-not-done\/\"><em><strong>I&#8217;m not done<\/strong><\/em><\/a><\/td>\n<td width=\"40%\">Ronny Dorfler<\/td>\n<td width=\"25%\">Estados Unidos<\/td>\n<\/tr>\n<tr>\n<td width=\"35%\"><a href=\"https:\/\/gallant-agnesi.188-165-133-218.plesk.page\/pelicula\/a-ciambra-2\/\"><em><strong>A Ciambra<\/strong><\/em><\/a><\/td>\n<td width=\"40%\">Jonas Carpignano<\/td>\n<td width=\"25%\">Francia<\/td>\n<\/tr>\n<tr>\n<td width=\"35%\"><a href=\"https:\/\/gallant-agnesi.188-165-133-218.plesk.page\/pelicula\/bang-bang\/\"><em><strong>BANG BANG!<\/strong><\/em><\/a><\/td>\n<td width=\"40%\">Julien Bisaro<\/td>\n<td width=\"25%\">Francia<\/td>\n<\/tr>\n<tr>\n<td width=\"35%\"><a href=\"https:\/\/gallant-agnesi.188-165-133-218.plesk.page\/pelicula\/eliott-nagual\/\"><em><strong>Eliott Nagual<\/strong><\/em><\/a><\/td>\n<td width=\"40%\">Simon Maignan<\/td>\n<td width=\"25%\">Francia<\/td>\n<\/tr>\n<tr>\n<td width=\"35%\"><a href=\"https:\/\/gallant-agnesi.188-165-133-218.plesk.page\/pelicula\/errance\/\"><em><strong>Errance<\/strong><\/em><\/a><\/td>\n<td width=\"40%\">Peter Dourountzis<\/td>\n<td width=\"25%\">Francia<\/td>\n<\/tr>\n<tr>\n<td width=\"35%\"><a href=\"https:\/\/gallant-agnesi.188-165-133-218.plesk.page\/pelicula\/essaie-de-mourir-jeune\/\"><em><strong>Essaie de mourir jeune<\/strong><\/em><\/a><\/td>\n<td width=\"40%\">Morgan Simon<\/td>\n<td width=\"25%\">Francia<\/td>\n<\/tr>\n<tr>\n<td width=\"35%\"><a href=\"https:\/\/gallant-agnesi.188-165-133-218.plesk.page\/pelicula\/tarim-le-brave-contre-les-mille-et-un-effets\/\"><em><strong>Tarim Le Brave Contre les Mille et Un Effets<\/strong><\/em><\/a><\/td>\n<td width=\"40%\">Guillaume Rieu<\/td>\n<td width=\"25%\">Francia<\/td>\n<\/tr>\n<tr>\n<td width=\"35%\"><a href=\"https:\/\/gallant-agnesi.188-165-133-218.plesk.page\/pelicula\/koshki-merulekan\/\"><em><strong>Koshki Merulekan<\/strong><\/em><\/a><\/td>\n<td width=\"40%\">Tofigh Amani<\/td>\n<td width=\"25%\">Iraq<\/td>\n<\/tr>\n<tr>\n<td width=\"35%\"><em><strong><a href=\"https:\/\/gallant-agnesi.188-165-133-218.plesk.page\/pelicula\/microphone\/\">Microphone<\/a><\/strong><\/em><\/td>\n<td width=\"40%\">Kareem Ghafur<\/td>\n<td width=\"25%\">Iraq<\/td>\n<\/tr>\n<tr>\n<td width=\"35%\"><a href=\"https:\/\/gallant-agnesi.188-165-133-218.plesk.page\/pelicula\/waves-98\/\"><em><strong>Waves &#8217;98<\/strong><\/em><\/a><\/td>\n<td width=\"40%\">Ely Dagher<\/td>\n<td width=\"25%\">L\u00edbano<\/td>\n<\/tr>\n<tr>\n<td width=\"35%\"><a href=\"https:\/\/gallant-agnesi.188-165-133-218.plesk.page\/pelicula\/de-smet\/\"><em><strong>De Smet<\/strong><\/em><\/a><\/td>\n<td width=\"40%\">Wim Geudens, Thomas Baerten<\/td>\n<td width=\"25%\">Pa\u00edses Bajos<\/td>\n<\/tr>\n<tr>\n<td width=\"35%\"><a href=\"https:\/\/gallant-agnesi.188-165-133-218.plesk.page\/pelicula\/las-cieni\/\"><em><strong>Las Cieni<\/strong><\/em><\/a><\/td>\n<td width=\"40%\">Andrzej Cichocki<\/td>\n<td width=\"25%\">Polonia<\/td>\n<\/tr>\n<tr>\n<td width=\"35%\"><a href=\"https:\/\/gallant-agnesi.188-165-133-218.plesk.page\/en\/pelicula\/cervimen\/\"><em><strong>\u00c7evirmen<\/strong><\/em><\/a><\/td>\n<td width=\"40%\">Emre Kayis<\/td>\n<td width=\"25%\">Reino Unido<\/td>\n<\/tr>\n<tr>\n<td width=\"35%\"><em><strong><a href=\"https:\/\/gallant-agnesi.188-165-133-218.plesk.page\/pelicula\/mend-and-make-do\/\">Mend and make do<\/a><\/strong><\/em><\/td>\n<td width=\"40%\">Bexie Bush<\/td>\n<td width=\"25%\">Reino Unido<\/td>\n<\/tr>\n<tr>\n<td width=\"35%\"><a href=\"https:\/\/gallant-agnesi.188-165-133-218.plesk.page\/pelicula\/swallows\/\"><em><strong>Swallows<\/strong><\/em><\/a><\/td>\n<td width=\"40%\">Sofia Bost<\/td>\n<td width=\"25%\">Reino Unido<\/td>\n<\/tr>\n<\/tbody>\n<\/table>\n<p>[\/custom_table]<\/p>\n","protected":false},"excerpt":{"rendered":"<p>[custom_table style=&#8221;1&#8243;] Bamboule Simon Ostermann Alemania B\u00c4R (Bear) Pascal Fl\u00f6rks Alemania In The Distance Florian Grolig Alemania Revolution Markus Erhart Alemania The Present Jacob Frey Alemania Vakuum Felix Ahrens Alemania Alles wird gut Patrick Vollrath Austria Bystander Effect Matthias Neumayer Austria Lucha Libre Rapha\u00ebl Balboni, Ann Sirot B\u00e9lgica Plein Soleil Fred Castadot B\u00e9lgica \u041a\u0410\u041a \u0414\u0410&hellip;<\/p>\n","protected":false},"author":1,"featured_media":17781,"parent":1762,"menu_order":0,"comment_status":"open","ping_status":"closed","template":"","meta":{"footnotes":""},"yoast_head":"<!-- This site is optimized with the Yoast SEO plugin v22.8 - https:\/\/yoast.com\/wordpress\/plugins\/seo\/ -->\n<title>Concurso Internacional de Cortometrajes | Festival Internacional de Cine de Huesca<\/title>\n<meta name=\"robots\" content=\"index, follow, max-snippet:-1, max-image-preview:large, max-video-preview:-1\" \/>\n<link rel=\"canonical\" href=\"https:\/\/gallant-agnesi.188-165-133-218.plesk.page\/en\/competition-2016\/43-concurso-internacional-cortometrajes\/\" \/>\n<meta property=\"og:locale\" content=\"en_US\" \/>\n<meta property=\"og:type\" content=\"article\" \/>\n<meta property=\"og:title\" content=\"Concurso Internacional de Cortometrajes | Festival Internacional de Cine de Huesca\" \/>\n<meta property=\"og:description\" content=\"[custom_table style=&#8221;1&#8243;] Bamboule Simon Ostermann Alemania B\u00c4R (Bear) Pascal Fl\u00f6rks Alemania In The Distance Florian Grolig Alemania Revolution Markus Erhart Alemania The Present Jacob Frey Alemania Vakuum Felix Ahrens Alemania Alles wird gut Patrick Vollrath Austria Bystander Effect Matthias Neumayer Austria Lucha Libre Rapha\u00ebl Balboni, Ann Sirot B\u00e9lgica Plein Soleil Fred Castadot B\u00e9lgica \u041a\u0410\u041a \u0414\u0410&hellip;\" \/>\n<meta property=\"og:url\" content=\"https:\/\/gallant-agnesi.188-165-133-218.plesk.page\/en\/competition-2016\/43-concurso-internacional-cortometrajes\/\" \/>\n<meta property=\"og:site_name\" content=\"Festival Internacional de Cine de Huesca\" \/>\n<meta property=\"article:modified_time\" content=\"2015-06-10T09:36:45+00:00\" \/>\n<meta property=\"og:image\" content=\"https:\/\/gallant-agnesi.188-165-133-218.plesk.page\/wp-content\/uploads\/2015\/02\/43edicion.jpg\" \/>\n\t<meta property=\"og:image:width\" content=\"328\" \/>\n\t<meta property=\"og:image:height\" content=\"328\" \/>\n\t<meta property=\"og:image:type\" content=\"image\/jpeg\" \/>\n<meta name=\"twitter:card\" content=\"summary_large_image\" \/>\n<meta name=\"twitter:label1\" content=\"Est. reading time\" \/>\n\t<meta name=\"twitter:data1\" content=\"1 minute\" \/>\n<script type=\"application\/ld+json\" class=\"yoast-schema-graph\">{\"@context\":\"https:\/\/schema.org\",\"@graph\":[{\"@type\":\"WebPage\",\"@id\":\"https:\/\/gallant-agnesi.188-165-133-218.plesk.page\/en\/competition-2016\/43-concurso-internacional-cortometrajes\/\",\"url\":\"https:\/\/gallant-agnesi.188-165-133-218.plesk.page\/en\/competition-2016\/43-concurso-internacional-cortometrajes\/\",\"name\":\"Concurso Internacional de Cortometrajes | Festival Internacional de Cine de Huesca\",\"isPartOf\":{\"@id\":\"https:\/\/gallant-agnesi.188-165-133-218.plesk.page\/en\/#website\"},\"primaryImageOfPage\":{\"@id\":\"https:\/\/gallant-agnesi.188-165-133-218.plesk.page\/en\/competition-2016\/43-concurso-internacional-cortometrajes\/#primaryimage\"},\"image\":{\"@id\":\"https:\/\/gallant-agnesi.188-165-133-218.plesk.page\/en\/competition-2016\/43-concurso-internacional-cortometrajes\/#primaryimage\"},\"thumbnailUrl\":\"https:\/\/gallant-agnesi.188-165-133-218.plesk.page\/wp-content\/uploads\/2015\/02\/43edicion.jpg\",\"datePublished\":\"2015-05-04T10:14:10+00:00\",\"dateModified\":\"2015-06-10T09:36:45+00:00\",\"breadcrumb\":{\"@id\":\"https:\/\/gallant-agnesi.188-165-133-218.plesk.page\/en\/competition-2016\/43-concurso-internacional-cortometrajes\/#breadcrumb\"},\"inLanguage\":\"en-US\",\"potentialAction\":[{\"@type\":\"ReadAction\",\"target\":[\"https:\/\/gallant-agnesi.188-165-133-218.plesk.page\/en\/competition-2016\/43-concurso-internacional-cortometrajes\/\"]}]},{\"@type\":\"ImageObject\",\"inLanguage\":\"en-US\",\"@id\":\"https:\/\/gallant-agnesi.188-165-133-218.plesk.page\/en\/competition-2016\/43-concurso-internacional-cortometrajes\/#primaryimage\",\"url\":\"https:\/\/gallant-agnesi.188-165-133-218.plesk.page\/wp-content\/uploads\/2015\/02\/43edicion.jpg\",\"contentUrl\":\"https:\/\/gallant-agnesi.188-165-133-218.plesk.page\/wp-content\/uploads\/2015\/02\/43edicion.jpg\",\"width\":328,\"height\":328},{\"@type\":\"BreadcrumbList\",\"@id\":\"https:\/\/gallant-agnesi.188-165-133-218.plesk.page\/en\/competition-2016\/43-concurso-internacional-cortometrajes\/#breadcrumb\",\"itemListElement\":[{\"@type\":\"ListItem\",\"position\":1,\"name\":\"Inicio\",\"item\":\"https:\/\/gallant-agnesi.188-165-133-218.plesk.page\/en\/\"},{\"@type\":\"ListItem\",\"position\":2,\"name\":\"Official Section (2016)\",\"item\":\"https:\/\/gallant-agnesi.188-165-133-218.plesk.page\/en\/?page_id=1762\"},{\"@type\":\"ListItem\",\"position\":3,\"name\":\"Concurso Internacional de Cortometrajes\"}]},{\"@type\":\"WebSite\",\"@id\":\"https:\/\/gallant-agnesi.188-165-133-218.plesk.page\/en\/#website\",\"url\":\"https:\/\/gallant-agnesi.188-165-133-218.plesk.page\/en\/\",\"name\":\"Festival Internacional de Cine de Huesca\",\"description\":\"From 11 to 19 june 2021\",\"publisher\":{\"@id\":\"https:\/\/gallant-agnesi.188-165-133-218.plesk.page\/en\/#organization\"},\"potentialAction\":[{\"@type\":\"SearchAction\",\"target\":{\"@type\":\"EntryPoint\",\"urlTemplate\":\"https:\/\/gallant-agnesi.188-165-133-218.plesk.page\/en\/?s={search_term_string}\"},\"query-input\":\"required name=search_term_string\"}],\"inLanguage\":\"en-US\"},{\"@type\":\"Organization\",\"@id\":\"https:\/\/gallant-agnesi.188-165-133-218.plesk.page\/en\/#organization\",\"name\":\"Festival Internacional de Cine de Huesca\",\"url\":\"https:\/\/gallant-agnesi.188-165-133-218.plesk.page\/en\/\",\"logo\":{\"@type\":\"ImageObject\",\"inLanguage\":\"en-US\",\"@id\":\"https:\/\/gallant-agnesi.188-165-133-218.plesk.page\/en\/#\/schema\/logo\/image\/\",\"url\":\"https:\/\/gallant-agnesi.188-165-133-218.plesk.page\/wp-content\/uploads\/2025\/01\/movil_teaser.jpg\",\"contentUrl\":\"https:\/\/gallant-agnesi.188-165-133-218.plesk.page\/wp-content\/uploads\/2025\/01\/movil_teaser.jpg\",\"width\":779,\"height\":286,\"caption\":\"Festival Internacional de Cine de Huesca\"},\"image\":{\"@id\":\"https:\/\/gallant-agnesi.188-165-133-218.plesk.page\/en\/#\/schema\/logo\/image\/\"}}]}<\/script>\n<!-- \/ Yoast SEO plugin. -->","yoast_head_json":{"title":"Concurso Internacional de Cortometrajes | Festival Internacional de Cine de Huesca","robots":{"index":"index","follow":"follow","max-snippet":"max-snippet:-1","max-image-preview":"max-image-preview:large","max-video-preview":"max-video-preview:-1"},"canonical":"https:\/\/gallant-agnesi.188-165-133-218.plesk.page\/en\/competition-2016\/43-concurso-internacional-cortometrajes\/","og_locale":"en_US","og_type":"article","og_title":"Concurso Internacional de Cortometrajes | Festival Internacional de Cine de Huesca","og_description":"[custom_table style=&#8221;1&#8243;] Bamboule Simon Ostermann Alemania B\u00c4R (Bear) Pascal Fl\u00f6rks Alemania In The Distance Florian Grolig Alemania Revolution Markus Erhart Alemania The Present Jacob Frey Alemania Vakuum Felix Ahrens Alemania Alles wird gut Patrick Vollrath Austria Bystander Effect Matthias Neumayer Austria Lucha Libre Rapha\u00ebl Balboni, Ann Sirot B\u00e9lgica Plein Soleil Fred Castadot B\u00e9lgica \u041a\u0410\u041a \u0414\u0410&hellip;","og_url":"https:\/\/gallant-agnesi.188-165-133-218.plesk.page\/en\/competition-2016\/43-concurso-internacional-cortometrajes\/","og_site_name":"Festival Internacional de Cine de Huesca","article_modified_time":"2015-06-10T09:36:45+00:00","og_image":[{"width":328,"height":328,"url":"https:\/\/gallant-agnesi.188-165-133-218.plesk.page\/wp-content\/uploads\/2015\/02\/43edicion.jpg","type":"image\/jpeg"}],"twitter_card":"summary_large_image","twitter_misc":{"Est. reading time":"1 minute"},"schema":{"@context":"https:\/\/schema.org","@graph":[{"@type":"WebPage","@id":"https:\/\/gallant-agnesi.188-165-133-218.plesk.page\/en\/competition-2016\/43-concurso-internacional-cortometrajes\/","url":"https:\/\/gallant-agnesi.188-165-133-218.plesk.page\/en\/competition-2016\/43-concurso-internacional-cortometrajes\/","name":"Concurso Internacional de Cortometrajes | Festival Internacional de Cine de Huesca","isPartOf":{"@id":"https:\/\/gallant-agnesi.188-165-133-218.plesk.page\/en\/#website"},"primaryImageOfPage":{"@id":"https:\/\/gallant-agnesi.188-165-133-218.plesk.page\/en\/competition-2016\/43-concurso-internacional-cortometrajes\/#primaryimage"},"image":{"@id":"https:\/\/gallant-agnesi.188-165-133-218.plesk.page\/en\/competition-2016\/43-concurso-internacional-cortometrajes\/#primaryimage"},"thumbnailUrl":"https:\/\/gallant-agnesi.188-165-133-218.plesk.page\/wp-content\/uploads\/2015\/02\/43edicion.jpg","datePublished":"2015-05-04T10:14:10+00:00","dateModified":"2015-06-10T09:36:45+00:00","breadcrumb":{"@id":"https:\/\/gallant-agnesi.188-165-133-218.plesk.page\/en\/competition-2016\/43-concurso-internacional-cortometrajes\/#breadcrumb"},"inLanguage":"en-US","potentialAction":[{"@type":"ReadAction","target":["https:\/\/gallant-agnesi.188-165-133-218.plesk.page\/en\/competition-2016\/43-concurso-internacional-cortometrajes\/"]}]},{"@type":"ImageObject","inLanguage":"en-US","@id":"https:\/\/gallant-agnesi.188-165-133-218.plesk.page\/en\/competition-2016\/43-concurso-internacional-cortometrajes\/#primaryimage","url":"https:\/\/gallant-agnesi.188-165-133-218.plesk.page\/wp-content\/uploads\/2015\/02\/43edicion.jpg","contentUrl":"https:\/\/gallant-agnesi.188-165-133-218.plesk.page\/wp-content\/uploads\/2015\/02\/43edicion.jpg","width":328,"height":328},{"@type":"BreadcrumbList","@id":"https:\/\/gallant-agnesi.188-165-133-218.plesk.page\/en\/competition-2016\/43-concurso-internacional-cortometrajes\/#breadcrumb","itemListElement":[{"@type":"ListItem","position":1,"name":"Inicio","item":"https:\/\/gallant-agnesi.188-165-133-218.plesk.page\/en\/"},{"@type":"ListItem","position":2,"name":"Official Section (2016)","item":"https:\/\/gallant-agnesi.188-165-133-218.plesk.page\/en\/?page_id=1762"},{"@type":"ListItem","position":3,"name":"Concurso Internacional de Cortometrajes"}]},{"@type":"WebSite","@id":"https:\/\/gallant-agnesi.188-165-133-218.plesk.page\/en\/#website","url":"https:\/\/gallant-agnesi.188-165-133-218.plesk.page\/en\/","name":"Festival Internacional de Cine de Huesca","description":"From 11 to 19 june 2021","publisher":{"@id":"https:\/\/gallant-agnesi.188-165-133-218.plesk.page\/en\/#organization"},"potentialAction":[{"@type":"SearchAction","target":{"@type":"EntryPoint","urlTemplate":"https:\/\/gallant-agnesi.188-165-133-218.plesk.page\/en\/?s={search_term_string}"},"query-input":"required name=search_term_string"}],"inLanguage":"en-US"},{"@type":"Organization","@id":"https:\/\/gallant-agnesi.188-165-133-218.plesk.page\/en\/#organization","name":"Festival Internacional de Cine de Huesca","url":"https:\/\/gallant-agnesi.188-165-133-218.plesk.page\/en\/","logo":{"@type":"ImageObject","inLanguage":"en-US","@id":"https:\/\/gallant-agnesi.188-165-133-218.plesk.page\/en\/#\/schema\/logo\/image\/","url":"https:\/\/gallant-agnesi.188-165-133-218.plesk.page\/wp-content\/uploads\/2025\/01\/movil_teaser.jpg","contentUrl":"https:\/\/gallant-agnesi.188-165-133-218.plesk.page\/wp-content\/uploads\/2025\/01\/movil_teaser.jpg","width":779,"height":286,"caption":"Festival Internacional de Cine de Huesca"},"image":{"@id":"https:\/\/gallant-agnesi.188-165-133-218.plesk.page\/en\/#\/schema\/logo\/image\/"}}]}},"_links":{"self":[{"href":"https:\/\/gallant-agnesi.188-165-133-218.plesk.page\/en\/wp-json\/wp\/v2\/pages\/25414"}],"collection":[{"href":"https:\/\/gallant-agnesi.188-165-133-218.plesk.page\/en\/wp-json\/wp\/v2\/pages"}],"about":[{"href":"https:\/\/gallant-agnesi.188-165-133-218.plesk.page\/en\/wp-json\/wp\/v2\/types\/page"}],"author":[{"embeddable":true,"href":"https:\/\/gallant-agnesi.188-165-133-218.plesk.page\/en\/wp-json\/wp\/v2\/users\/1"}],"replies":[{"embeddable":true,"href":"https:\/\/gallant-agnesi.188-165-133-218.plesk.page\/en\/wp-json\/wp\/v2\/comments?post=25414"}],"version-history":[{"count":8,"href":"https:\/\/gallant-agnesi.188-165-133-218.plesk.page\/en\/wp-json\/wp\/v2\/pages\/25414\/revisions"}],"predecessor-version":[{"id":33948,"href":"https:\/\/gallant-agnesi.188-165-133-218.plesk.page\/en\/wp-json\/wp\/v2\/pages\/25414\/revisions\/33948"}],"up":[{"embeddable":true,"href":"https:\/\/gallant-agnesi.188-165-133-218.plesk.page\/en\/wp-json\/wp\/v2\/pages\/1762"}],"wp:featuredmedia":[{"embeddable":true,"href":"https:\/\/gallant-agnesi.188-165-133-218.plesk.page\/en\/wp-json\/wp\/v2\/media\/17781"}],"wp:attachment":[{"href":"https:\/\/gallant-agnesi.188-165-133-218.plesk.page\/en\/wp-json\/wp\/v2\/media?parent=25414"}],"curies":[{"name":"wp","href":"https:\/\/api.w.org\/{rel}","templated":true}]}}