{"id":2086,"date":"2014-02-10T16:52:24","date_gmt":"2014-02-10T15:52:24","guid":{"rendered":"https:\/\/gallant-agnesi.188-165-133-218.plesk.page\/?page_id=2086"},"modified":"2017-03-14T14:05:24","modified_gmt":"2017-03-14T13:05:24","slug":"jose-manuel-porquet-de-la-critica-award","status":"publish","type":"page","link":"https:\/\/gallant-agnesi.188-165-133-218.plesk.page\/en\/history\/jose-manuel-porquet-de-la-critica-award\/","title":{"rendered":"Jos\u00e9 Manuel Porquet de la Cr\u00edtica Award"},"content":{"rendered":"<p><strong><a href=\"https:\/\/gallant-agnesi.188-165-133-218.plesk.page\/wp-content\/uploads\/2014\/02\/jose-manuel-porquet.jpg\"><img loading=\"lazy\" decoding=\"async\" class=\"alignright size-medium wp-image-1842\" src=\"https:\/\/gallant-agnesi.188-165-133-218.plesk.page\/wp-content\/uploads\/2014\/02\/jose-manuel-porquet-300x234.jpg\" alt=\"jose-manuel-porquet\" width=\"300\" height=\"234\" srcset=\"https:\/\/gallant-agnesi.188-165-133-218.plesk.page\/wp-content\/uploads\/2014\/02\/jose-manuel-porquet-300x234.jpg 300w, https:\/\/gallant-agnesi.188-165-133-218.plesk.page\/wp-content\/uploads\/2014\/02\/jose-manuel-porquet.jpg 435w\" sizes=\"(max-width: 300px) 100vw, 300px\" \/><\/a><span id=\"result_box\" class=\"\" lang=\"en\"><span title=\"Jos\u00e9 Manuel Porquet Gomb\u00e1u.\">Jos\u00e9 Manuel Porquet Gomb\u00e1u<\/span><\/span><\/strong><span id=\"result_box\" class=\"\" lang=\"en\"><span title=\"Jos\u00e9 Manuel Porquet Gomb\u00e1u.\">. <\/span><\/span><span id=\"result_box\" class=\"\" lang=\"en\"><span title=\"Huesca (Espa\u00f1a).\">Huesca (Spain). <\/span><span title=\"(1950-2000) Periodista.\">(1950-2000) Journalist. <\/span><span title=\"Historiador.\">Historian. <\/span><span title=\"Escritor.\">Writer. <\/span><span title=\"Se licenci\u00f3 en Derecho en la Universidad de Barcelona, Mas tarde obtuvo el t\u00edtulo de periodista en la Escuela Oficial de Periodismo de la ciudad condal.\">He graduated in Law at the University of Barcelona, \u200b\u200blater obtained the title of journalist in the Official School of Journalism in the city of Barcelona. <\/span><span title=\"Se inici\u00f3 en Huesca en Andal\u00e1n, pasando despu\u00e9s al Heraldo de Arag\u00f3n.\">It began in Huesca in Andalan, passing later to the Heraldo de Arag\u00f3n. <\/span><span title=\"En 1989 es nombrado Director del Diario del Altoarag\u00f3n llegando en 1993 a Presidente de su Consejo de Administraci\u00f3n. \">In 1989, he was appointed Director of the newspaper of the Altoaragon, and in 1993 he became Chairman of its Board of Directors.<\/span><\/span><\/p>\n<p><span title=\"Un excelente gourmet, escribi\u00f3 muchos art\u00edculos sobre gastronom\u00eda y fue coautor del libro Cocina Aragonesa y autor de Comer en Huesca (1989), la cocina de las amas y de los amos de la casa, etc. \">An excellent gourmet, he wrote many articles on gastronomy and was co-author of the book <em>Aragonese Cuisine<\/em> and author of <em>Comer in Huesca<\/em> (1989), <em>The kitchen of the housewives and masters<\/em>, etc.<\/span><\/p>\n<p><span title=\"Con respecto a su posici\u00f3n con nuestro Festival, de siempre lo apoy\u00f3 a trav\u00e9s de art\u00edculos, entrevistas, etc.\">With regard to his position with our Festival, he always supported him through articles, interviews, etc. <\/span><span title=\"con su caracter\u00edstico estilo preciso, punzante e ir\u00f3nico.\">With its characteristic precise style, sharp and ironic. <\/span><span title=\"Colabor\u00f3 muy positivamente como ponente, hizo entrevistas, fue presentador de ruedas de prensa y moderador de mesas redondas. \">He collaborated very positively as rapporteur, did interviews, was presenter of press conferences and moderator of round tables.<\/span><\/p>\n<p><span title=\"Nos escribi\u00f3 dos libros monogr\u00e1ficos, uno de dedicado al director Imanol Uribe, compartiendo autor\u00eda con Bego\u00f1a Gutierrez (1994) y el otro al actor Francisco Rabal, una gloria vitalista, (1995), ambos editados por el Festival. \">He wrote us two monographic books, one dedicated to the director <em>Imanol Uribe<\/em>, sharing author with Bego\u00f1a Gutierrez (1994) and the other to actor <em>Francisco Rabal, a vitalist glory<\/em>, (1995), both edited by the Festival.<\/span><\/p>\n<p><span title=\"El premio que anualmente se entrega tras la liberaci\u00f3n del Jurado de la Cr\u00edtica Especializada corresponde a una pieza de bronce creada especialmente para este galard\u00f3n por el artista oscense Eduardo Cajal;\">The prize that is given annually after the release of the <em>Jury of the Specialized Critic<\/em> corresponds to a piece of bronze created especially for this award by the artist oscense Eduardo Cajal. <\/span><span title=\"no tiene renumeraci\u00f3n econ\u00f3mica y est\u00e1 patrocinado por el Diario del Alto Arag\u00f3n.\">Has no economic renumbering and is sponsored by the Diario del Alto Arag\u00f3n.<\/span><\/p>\n","protected":false},"excerpt":{"rendered":"<p>Jos\u00e9 Manuel Porquet Gomb\u00e1u. Huesca (Spain). (1950-2000) Journalist. Historian. Writer. He graduated in Law at the University of Barcelona, \u200b\u200blater obtained the title of journalist in the Official School of Journalism in the city of Barcelona. It began in Huesca in Andalan, passing later to the Heraldo de Arag\u00f3n. In 1989, he was appointed Director&hellip;<\/p>\n","protected":false},"author":1,"featured_media":1843,"parent":36779,"menu_order":3,"comment_status":"closed","ping_status":"open","template":"","meta":{"footnotes":""},"yoast_head":"<!-- This site is optimized with the Yoast SEO plugin v22.8 - https:\/\/yoast.com\/wordpress\/plugins\/seo\/ -->\n<title>Jos\u00e9 Manuel Porquet de la Cr\u00edtica Award | Festival Internacional de Cine de Huesca<\/title>\n<meta name=\"robots\" content=\"index, follow, max-snippet:-1, max-image-preview:large, max-video-preview:-1\" \/>\n<link rel=\"canonical\" href=\"https:\/\/gallant-agnesi.188-165-133-218.plesk.page\/en\/history\/jose-manuel-porquet-de-la-critica-award\/\" \/>\n<meta property=\"og:locale\" content=\"en_US\" \/>\n<meta property=\"og:type\" content=\"article\" \/>\n<meta property=\"og:title\" content=\"Jos\u00e9 Manuel Porquet de la Cr\u00edtica Award | Festival Internacional de Cine de Huesca\" \/>\n<meta property=\"og:description\" content=\"Jos\u00e9 Manuel Porquet Gomb\u00e1u. Huesca (Spain). (1950-2000) Journalist. Historian. Writer. He graduated in Law at the University of Barcelona, \u200b\u200blater obtained the title of journalist in the Official School of Journalism in the city of Barcelona. It began in Huesca in Andalan, passing later to the Heraldo de Arag\u00f3n. In 1989, he was appointed Director&hellip;\" \/>\n<meta property=\"og:url\" content=\"https:\/\/gallant-agnesi.188-165-133-218.plesk.page\/en\/history\/jose-manuel-porquet-de-la-critica-award\/\" \/>\n<meta property=\"og:site_name\" content=\"Festival Internacional de Cine de Huesca\" \/>\n<meta property=\"article:modified_time\" content=\"2017-03-14T13:05:24+00:00\" \/>\n<meta property=\"og:image\" content=\"https:\/\/gallant-agnesi.188-165-133-218.plesk.page\/wp-content\/uploads\/2014\/02\/jose-manuel-porquet.jpg\" \/>\n\t<meta property=\"og:image:width\" content=\"435\" \/>\n\t<meta property=\"og:image:height\" content=\"340\" \/>\n\t<meta property=\"og:image:type\" content=\"image\/jpeg\" \/>\n<meta name=\"twitter:card\" content=\"summary_large_image\" \/>\n<meta name=\"twitter:label1\" content=\"Est. reading time\" \/>\n\t<meta name=\"twitter:data1\" content=\"1 minute\" \/>\n<script type=\"application\/ld+json\" class=\"yoast-schema-graph\">{\"@context\":\"https:\/\/schema.org\",\"@graph\":[{\"@type\":\"WebPage\",\"@id\":\"https:\/\/gallant-agnesi.188-165-133-218.plesk.page\/en\/history\/jose-manuel-porquet-de-la-critica-award\/\",\"url\":\"https:\/\/gallant-agnesi.188-165-133-218.plesk.page\/en\/history\/jose-manuel-porquet-de-la-critica-award\/\",\"name\":\"Jos\u00e9 Manuel Porquet de la Cr\u00edtica Award | Festival Internacional de Cine de Huesca\",\"isPartOf\":{\"@id\":\"https:\/\/gallant-agnesi.188-165-133-218.plesk.page\/en\/#website\"},\"primaryImageOfPage\":{\"@id\":\"https:\/\/gallant-agnesi.188-165-133-218.plesk.page\/en\/history\/jose-manuel-porquet-de-la-critica-award\/#primaryimage\"},\"image\":{\"@id\":\"https:\/\/gallant-agnesi.188-165-133-218.plesk.page\/en\/history\/jose-manuel-porquet-de-la-critica-award\/#primaryimage\"},\"thumbnailUrl\":\"https:\/\/gallant-agnesi.188-165-133-218.plesk.page\/wp-content\/uploads\/2014\/02\/jose-manuel-porquet.jpg\",\"datePublished\":\"2014-02-10T15:52:24+00:00\",\"dateModified\":\"2017-03-14T13:05:24+00:00\",\"breadcrumb\":{\"@id\":\"https:\/\/gallant-agnesi.188-165-133-218.plesk.page\/en\/history\/jose-manuel-porquet-de-la-critica-award\/#breadcrumb\"},\"inLanguage\":\"en-US\",\"potentialAction\":[{\"@type\":\"ReadAction\",\"target\":[\"https:\/\/gallant-agnesi.188-165-133-218.plesk.page\/en\/history\/jose-manuel-porquet-de-la-critica-award\/\"]}]},{\"@type\":\"ImageObject\",\"inLanguage\":\"en-US\",\"@id\":\"https:\/\/gallant-agnesi.188-165-133-218.plesk.page\/en\/history\/jose-manuel-porquet-de-la-critica-award\/#primaryimage\",\"url\":\"https:\/\/gallant-agnesi.188-165-133-218.plesk.page\/wp-content\/uploads\/2014\/02\/jose-manuel-porquet.jpg\",\"contentUrl\":\"https:\/\/gallant-agnesi.188-165-133-218.plesk.page\/wp-content\/uploads\/2014\/02\/jose-manuel-porquet.jpg\",\"width\":435,\"height\":340},{\"@type\":\"BreadcrumbList\",\"@id\":\"https:\/\/gallant-agnesi.188-165-133-218.plesk.page\/en\/history\/jose-manuel-porquet-de-la-critica-award\/#breadcrumb\",\"itemListElement\":[{\"@type\":\"ListItem\",\"position\":1,\"name\":\"Inicio\",\"item\":\"https:\/\/gallant-agnesi.188-165-133-218.plesk.page\/en\/\"},{\"@type\":\"ListItem\",\"position\":2,\"name\":\"Festival History\",\"item\":\"https:\/\/gallant-agnesi.188-165-133-218.plesk.page\/en\/history\/\"},{\"@type\":\"ListItem\",\"position\":3,\"name\":\"Jos\u00e9 Manuel Porquet de la Cr\u00edtica Award\"}]},{\"@type\":\"WebSite\",\"@id\":\"https:\/\/gallant-agnesi.188-165-133-218.plesk.page\/en\/#website\",\"url\":\"https:\/\/gallant-agnesi.188-165-133-218.plesk.page\/en\/\",\"name\":\"Festival Internacional de Cine de Huesca\",\"description\":\"From 11 to 19 june 2021\",\"publisher\":{\"@id\":\"https:\/\/gallant-agnesi.188-165-133-218.plesk.page\/en\/#organization\"},\"potentialAction\":[{\"@type\":\"SearchAction\",\"target\":{\"@type\":\"EntryPoint\",\"urlTemplate\":\"https:\/\/gallant-agnesi.188-165-133-218.plesk.page\/en\/?s={search_term_string}\"},\"query-input\":\"required name=search_term_string\"}],\"inLanguage\":\"en-US\"},{\"@type\":\"Organization\",\"@id\":\"https:\/\/gallant-agnesi.188-165-133-218.plesk.page\/en\/#organization\",\"name\":\"Festival Internacional de Cine de Huesca\",\"url\":\"https:\/\/gallant-agnesi.188-165-133-218.plesk.page\/en\/\",\"logo\":{\"@type\":\"ImageObject\",\"inLanguage\":\"en-US\",\"@id\":\"https:\/\/gallant-agnesi.188-165-133-218.plesk.page\/en\/#\/schema\/logo\/image\/\",\"url\":\"https:\/\/gallant-agnesi.188-165-133-218.plesk.page\/wp-content\/uploads\/2025\/01\/movil_teaser.jpg\",\"contentUrl\":\"https:\/\/gallant-agnesi.188-165-133-218.plesk.page\/wp-content\/uploads\/2025\/01\/movil_teaser.jpg\",\"width\":779,\"height\":286,\"caption\":\"Festival Internacional de Cine de Huesca\"},\"image\":{\"@id\":\"https:\/\/gallant-agnesi.188-165-133-218.plesk.page\/en\/#\/schema\/logo\/image\/\"}}]}<\/script>\n<!-- \/ Yoast SEO plugin. -->","yoast_head_json":{"title":"Jos\u00e9 Manuel Porquet de la Cr\u00edtica Award | Festival Internacional de Cine de Huesca","robots":{"index":"index","follow":"follow","max-snippet":"max-snippet:-1","max-image-preview":"max-image-preview:large","max-video-preview":"max-video-preview:-1"},"canonical":"https:\/\/gallant-agnesi.188-165-133-218.plesk.page\/en\/history\/jose-manuel-porquet-de-la-critica-award\/","og_locale":"en_US","og_type":"article","og_title":"Jos\u00e9 Manuel Porquet de la Cr\u00edtica Award | Festival Internacional de Cine de Huesca","og_description":"Jos\u00e9 Manuel Porquet Gomb\u00e1u. Huesca (Spain). (1950-2000) Journalist. Historian. Writer. He graduated in Law at the University of Barcelona, \u200b\u200blater obtained the title of journalist in the Official School of Journalism in the city of Barcelona. It began in Huesca in Andalan, passing later to the Heraldo de Arag\u00f3n. In 1989, he was appointed Director&hellip;","og_url":"https:\/\/gallant-agnesi.188-165-133-218.plesk.page\/en\/history\/jose-manuel-porquet-de-la-critica-award\/","og_site_name":"Festival Internacional de Cine de Huesca","article_modified_time":"2017-03-14T13:05:24+00:00","og_image":[{"width":435,"height":340,"url":"https:\/\/gallant-agnesi.188-165-133-218.plesk.page\/wp-content\/uploads\/2014\/02\/jose-manuel-porquet.jpg","type":"image\/jpeg"}],"twitter_card":"summary_large_image","twitter_misc":{"Est. reading time":"1 minute"},"schema":{"@context":"https:\/\/schema.org","@graph":[{"@type":"WebPage","@id":"https:\/\/gallant-agnesi.188-165-133-218.plesk.page\/en\/history\/jose-manuel-porquet-de-la-critica-award\/","url":"https:\/\/gallant-agnesi.188-165-133-218.plesk.page\/en\/history\/jose-manuel-porquet-de-la-critica-award\/","name":"Jos\u00e9 Manuel Porquet de la Cr\u00edtica Award | Festival Internacional de Cine de Huesca","isPartOf":{"@id":"https:\/\/gallant-agnesi.188-165-133-218.plesk.page\/en\/#website"},"primaryImageOfPage":{"@id":"https:\/\/gallant-agnesi.188-165-133-218.plesk.page\/en\/history\/jose-manuel-porquet-de-la-critica-award\/#primaryimage"},"image":{"@id":"https:\/\/gallant-agnesi.188-165-133-218.plesk.page\/en\/history\/jose-manuel-porquet-de-la-critica-award\/#primaryimage"},"thumbnailUrl":"https:\/\/gallant-agnesi.188-165-133-218.plesk.page\/wp-content\/uploads\/2014\/02\/jose-manuel-porquet.jpg","datePublished":"2014-02-10T15:52:24+00:00","dateModified":"2017-03-14T13:05:24+00:00","breadcrumb":{"@id":"https:\/\/gallant-agnesi.188-165-133-218.plesk.page\/en\/history\/jose-manuel-porquet-de-la-critica-award\/#breadcrumb"},"inLanguage":"en-US","potentialAction":[{"@type":"ReadAction","target":["https:\/\/gallant-agnesi.188-165-133-218.plesk.page\/en\/history\/jose-manuel-porquet-de-la-critica-award\/"]}]},{"@type":"ImageObject","inLanguage":"en-US","@id":"https:\/\/gallant-agnesi.188-165-133-218.plesk.page\/en\/history\/jose-manuel-porquet-de-la-critica-award\/#primaryimage","url":"https:\/\/gallant-agnesi.188-165-133-218.plesk.page\/wp-content\/uploads\/2014\/02\/jose-manuel-porquet.jpg","contentUrl":"https:\/\/gallant-agnesi.188-165-133-218.plesk.page\/wp-content\/uploads\/2014\/02\/jose-manuel-porquet.jpg","width":435,"height":340},{"@type":"BreadcrumbList","@id":"https:\/\/gallant-agnesi.188-165-133-218.plesk.page\/en\/history\/jose-manuel-porquet-de-la-critica-award\/#breadcrumb","itemListElement":[{"@type":"ListItem","position":1,"name":"Inicio","item":"https:\/\/gallant-agnesi.188-165-133-218.plesk.page\/en\/"},{"@type":"ListItem","position":2,"name":"Festival History","item":"https:\/\/gallant-agnesi.188-165-133-218.plesk.page\/en\/history\/"},{"@type":"ListItem","position":3,"name":"Jos\u00e9 Manuel Porquet de la Cr\u00edtica Award"}]},{"@type":"WebSite","@id":"https:\/\/gallant-agnesi.188-165-133-218.plesk.page\/en\/#website","url":"https:\/\/gallant-agnesi.188-165-133-218.plesk.page\/en\/","name":"Festival Internacional de Cine de Huesca","description":"From 11 to 19 june 2021","publisher":{"@id":"https:\/\/gallant-agnesi.188-165-133-218.plesk.page\/en\/#organization"},"potentialAction":[{"@type":"SearchAction","target":{"@type":"EntryPoint","urlTemplate":"https:\/\/gallant-agnesi.188-165-133-218.plesk.page\/en\/?s={search_term_string}"},"query-input":"required name=search_term_string"}],"inLanguage":"en-US"},{"@type":"Organization","@id":"https:\/\/gallant-agnesi.188-165-133-218.plesk.page\/en\/#organization","name":"Festival Internacional de Cine de Huesca","url":"https:\/\/gallant-agnesi.188-165-133-218.plesk.page\/en\/","logo":{"@type":"ImageObject","inLanguage":"en-US","@id":"https:\/\/gallant-agnesi.188-165-133-218.plesk.page\/en\/#\/schema\/logo\/image\/","url":"https:\/\/gallant-agnesi.188-165-133-218.plesk.page\/wp-content\/uploads\/2025\/01\/movil_teaser.jpg","contentUrl":"https:\/\/gallant-agnesi.188-165-133-218.plesk.page\/wp-content\/uploads\/2025\/01\/movil_teaser.jpg","width":779,"height":286,"caption":"Festival Internacional de Cine de Huesca"},"image":{"@id":"https:\/\/gallant-agnesi.188-165-133-218.plesk.page\/en\/#\/schema\/logo\/image\/"}}]}},"_links":{"self":[{"href":"https:\/\/gallant-agnesi.188-165-133-218.plesk.page\/en\/wp-json\/wp\/v2\/pages\/2086"}],"collection":[{"href":"https:\/\/gallant-agnesi.188-165-133-218.plesk.page\/en\/wp-json\/wp\/v2\/pages"}],"about":[{"href":"https:\/\/gallant-agnesi.188-165-133-218.plesk.page\/en\/wp-json\/wp\/v2\/types\/page"}],"author":[{"embeddable":true,"href":"https:\/\/gallant-agnesi.188-165-133-218.plesk.page\/en\/wp-json\/wp\/v2\/users\/1"}],"replies":[{"embeddable":true,"href":"https:\/\/gallant-agnesi.188-165-133-218.plesk.page\/en\/wp-json\/wp\/v2\/comments?post=2086"}],"version-history":[{"count":5,"href":"https:\/\/gallant-agnesi.188-165-133-218.plesk.page\/en\/wp-json\/wp\/v2\/pages\/2086\/revisions"}],"predecessor-version":[{"id":37173,"href":"https:\/\/gallant-agnesi.188-165-133-218.plesk.page\/en\/wp-json\/wp\/v2\/pages\/2086\/revisions\/37173"}],"up":[{"embeddable":true,"href":"https:\/\/gallant-agnesi.188-165-133-218.plesk.page\/en\/wp-json\/wp\/v2\/pages\/36779"}],"wp:featuredmedia":[{"embeddable":true,"href":"https:\/\/gallant-agnesi.188-165-133-218.plesk.page\/en\/wp-json\/wp\/v2\/media\/1843"}],"wp:attachment":[{"href":"https:\/\/gallant-agnesi.188-165-133-218.plesk.page\/en\/wp-json\/wp\/v2\/media?parent=2086"}],"curies":[{"name":"wp","href":"https:\/\/api.w.org\/{rel}","templated":true}]}}