{"id":2082,"date":"2014-02-10T16:38:56","date_gmt":"2014-02-10T15:38:56","guid":{"rendered":"https:\/\/gallant-agnesi.188-165-133-218.plesk.page\/?page_id=2082"},"modified":"2014-02-11T18:56:12","modified_gmt":"2014-02-11T18:56:12","slug":"jinete-iberico-award","status":"publish","type":"page","link":"https:\/\/gallant-agnesi.188-165-133-218.plesk.page\/en\/history\/jinete-iberico-award\/","title":{"rendered":"Jinete Ib\u00e9rico Award"},"content":{"rendered":"<p><a href=\"https:\/\/gallant-agnesi.188-165-133-218.plesk.page\/wp-content\/uploads\/2014\/02\/jinete-iberico.jpg\"><img loading=\"lazy\" decoding=\"async\" class=\"alignright size-full wp-image-1821\" alt=\"Premio Jinete Ib\u00e9rico\" src=\"https:\/\/gallant-agnesi.188-165-133-218.plesk.page\/wp-content\/uploads\/2014\/02\/jinete-iberico.jpg\" width=\"300\" height=\"200\" \/><\/a>Este premio creado en 1979 por el IEA, supuso su vinculaci\u00f3n a nuestro Festival apostando por el arte cinematogr\u00e1fico, para premiar al mejor cortometraje espa\u00f1ol de cada edici\u00f3n. Posteriormente premian a la mejor \u00f3pera prima espa\u00f1ola presentada.<\/p>\n<p>El <a href=\"http:\/\/www.iea.es\/\" target=\"_blank\">Instituto de Estudios Altoaragoneses<\/a> fundado en el a\u00f1o 1949 como Instituto de Estudios Oscenses, es un organismo aut\u00f3nomo de la <a href=\"http:\/\/www.dphuesca.es\/\" target=\"_blank\">Diputaci\u00f3n Provincial de Huesca<\/a> desde el a\u00f1o 1977 y est\u00e1 vinculado al <a href=\"http:\/\/www.csic.es\/\" target=\"_blank\">Consejo Superior de Investigaciones Cient\u00edficas<\/a>.<\/p>\n<p>Su finalidad es la defensa, estudio, investigaci\u00f3n y divulgaci\u00f3n de la cultura y recursos de la provincia de Huesca. Para la consecuci\u00f3n de estos fines, el IEA dirige su actuaci\u00f3n al cumplimiento de las siguientes tareas:<\/p>\n<ul>\n<li>Defensa del patrimonio cultural altoaragon\u00e9s.<\/li>\n<li>Estudio e investigaci\u00f3n de la cultura y recursos del Alto Arag\u00f3n.<\/li>\n<li>Divulgaci\u00f3n de la cultura altoaragonesa.<\/li>\n<li>Coordinaci\u00f3n con otras entidades de car\u00e1cter an\u00e1logo.<\/li>\n<\/ul>\n<p>Actualmente cuenta con un \u00c1rea de trabajo de Comunicaci\u00f3n Audiovisual.<\/p>\n<p>Su premio JINETE IB\u00c9RICO es un trofeo en bronce pulido y corresponde a su logotipo.<\/p>\n","protected":false},"excerpt":{"rendered":"<p>Este premio creado en 1979 por el IEA, supuso su vinculaci\u00f3n a nuestro Festival apostando por el arte cinematogr\u00e1fico, para premiar al mejor cortometraje espa\u00f1ol de cada edici\u00f3n. Posteriormente premian a la mejor \u00f3pera prima espa\u00f1ola presentada. El Instituto de Estudios Altoaragoneses fundado en el a\u00f1o 1949 como Instituto de Estudios Oscenses, es un organismo&hellip;<\/p>\n","protected":false},"author":1,"featured_media":1822,"parent":36779,"menu_order":0,"comment_status":"closed","ping_status":"open","template":"","meta":{"footnotes":""},"yoast_head":"<!-- This site is optimized with the Yoast SEO plugin v22.8 - https:\/\/yoast.com\/wordpress\/plugins\/seo\/ -->\n<title>Jinete Ib\u00e9rico Award | Festival Internacional de Cine de Huesca<\/title>\n<meta name=\"robots\" content=\"index, follow, max-snippet:-1, max-image-preview:large, max-video-preview:-1\" \/>\n<link rel=\"canonical\" href=\"https:\/\/gallant-agnesi.188-165-133-218.plesk.page\/en\/history\/jinete-iberico-award\/\" \/>\n<meta property=\"og:locale\" content=\"en_US\" \/>\n<meta property=\"og:type\" content=\"article\" \/>\n<meta property=\"og:title\" content=\"Jinete Ib\u00e9rico Award | Festival Internacional de Cine de Huesca\" \/>\n<meta property=\"og:description\" content=\"Este premio creado en 1979 por el IEA, supuso su vinculaci\u00f3n a nuestro Festival apostando por el arte cinematogr\u00e1fico, para premiar al mejor cortometraje espa\u00f1ol de cada edici\u00f3n. Posteriormente premian a la mejor \u00f3pera prima espa\u00f1ola presentada. El Instituto de Estudios Altoaragoneses fundado en el a\u00f1o 1949 como Instituto de Estudios Oscenses, es un organismo&hellip;\" \/>\n<meta property=\"og:url\" content=\"https:\/\/gallant-agnesi.188-165-133-218.plesk.page\/en\/history\/jinete-iberico-award\/\" \/>\n<meta property=\"og:site_name\" content=\"Festival Internacional de Cine de Huesca\" \/>\n<meta property=\"article:modified_time\" content=\"2014-02-11T18:56:12+00:00\" \/>\n<meta property=\"og:image\" content=\"https:\/\/gallant-agnesi.188-165-133-218.plesk.page\/wp-content\/uploads\/2014\/02\/jinete-iberico.jpg\" \/>\n\t<meta property=\"og:image:width\" content=\"300\" \/>\n\t<meta property=\"og:image:height\" content=\"200\" \/>\n\t<meta property=\"og:image:type\" content=\"image\/jpeg\" \/>\n<meta name=\"twitter:card\" content=\"summary_large_image\" \/>\n<meta name=\"twitter:label1\" content=\"Est. reading time\" \/>\n\t<meta name=\"twitter:data1\" content=\"1 minute\" \/>\n<script type=\"application\/ld+json\" class=\"yoast-schema-graph\">{\"@context\":\"https:\/\/schema.org\",\"@graph\":[{\"@type\":\"WebPage\",\"@id\":\"https:\/\/gallant-agnesi.188-165-133-218.plesk.page\/en\/history\/jinete-iberico-award\/\",\"url\":\"https:\/\/gallant-agnesi.188-165-133-218.plesk.page\/en\/history\/jinete-iberico-award\/\",\"name\":\"Jinete Ib\u00e9rico Award | Festival Internacional de Cine de Huesca\",\"isPartOf\":{\"@id\":\"https:\/\/gallant-agnesi.188-165-133-218.plesk.page\/en\/#website\"},\"primaryImageOfPage\":{\"@id\":\"https:\/\/gallant-agnesi.188-165-133-218.plesk.page\/en\/history\/jinete-iberico-award\/#primaryimage\"},\"image\":{\"@id\":\"https:\/\/gallant-agnesi.188-165-133-218.plesk.page\/en\/history\/jinete-iberico-award\/#primaryimage\"},\"thumbnailUrl\":\"https:\/\/gallant-agnesi.188-165-133-218.plesk.page\/wp-content\/uploads\/2014\/02\/jinete-iberico.jpg\",\"datePublished\":\"2014-02-10T15:38:56+00:00\",\"dateModified\":\"2014-02-11T18:56:12+00:00\",\"breadcrumb\":{\"@id\":\"https:\/\/gallant-agnesi.188-165-133-218.plesk.page\/en\/history\/jinete-iberico-award\/#breadcrumb\"},\"inLanguage\":\"en-US\",\"potentialAction\":[{\"@type\":\"ReadAction\",\"target\":[\"https:\/\/gallant-agnesi.188-165-133-218.plesk.page\/en\/history\/jinete-iberico-award\/\"]}]},{\"@type\":\"ImageObject\",\"inLanguage\":\"en-US\",\"@id\":\"https:\/\/gallant-agnesi.188-165-133-218.plesk.page\/en\/history\/jinete-iberico-award\/#primaryimage\",\"url\":\"https:\/\/gallant-agnesi.188-165-133-218.plesk.page\/wp-content\/uploads\/2014\/02\/jinete-iberico.jpg\",\"contentUrl\":\"https:\/\/gallant-agnesi.188-165-133-218.plesk.page\/wp-content\/uploads\/2014\/02\/jinete-iberico.jpg\",\"width\":300,\"height\":200},{\"@type\":\"BreadcrumbList\",\"@id\":\"https:\/\/gallant-agnesi.188-165-133-218.plesk.page\/en\/history\/jinete-iberico-award\/#breadcrumb\",\"itemListElement\":[{\"@type\":\"ListItem\",\"position\":1,\"name\":\"Inicio\",\"item\":\"https:\/\/gallant-agnesi.188-165-133-218.plesk.page\/en\/\"},{\"@type\":\"ListItem\",\"position\":2,\"name\":\"Festival History\",\"item\":\"https:\/\/gallant-agnesi.188-165-133-218.plesk.page\/en\/history\/\"},{\"@type\":\"ListItem\",\"position\":3,\"name\":\"Jinete Ib\u00e9rico Award\"}]},{\"@type\":\"WebSite\",\"@id\":\"https:\/\/gallant-agnesi.188-165-133-218.plesk.page\/en\/#website\",\"url\":\"https:\/\/gallant-agnesi.188-165-133-218.plesk.page\/en\/\",\"name\":\"Festival Internacional de Cine de Huesca\",\"description\":\"From 11 to 19 june 2021\",\"publisher\":{\"@id\":\"https:\/\/gallant-agnesi.188-165-133-218.plesk.page\/en\/#organization\"},\"potentialAction\":[{\"@type\":\"SearchAction\",\"target\":{\"@type\":\"EntryPoint\",\"urlTemplate\":\"https:\/\/gallant-agnesi.188-165-133-218.plesk.page\/en\/?s={search_term_string}\"},\"query-input\":\"required name=search_term_string\"}],\"inLanguage\":\"en-US\"},{\"@type\":\"Organization\",\"@id\":\"https:\/\/gallant-agnesi.188-165-133-218.plesk.page\/en\/#organization\",\"name\":\"Festival Internacional de Cine de Huesca\",\"url\":\"https:\/\/gallant-agnesi.188-165-133-218.plesk.page\/en\/\",\"logo\":{\"@type\":\"ImageObject\",\"inLanguage\":\"en-US\",\"@id\":\"https:\/\/gallant-agnesi.188-165-133-218.plesk.page\/en\/#\/schema\/logo\/image\/\",\"url\":\"https:\/\/gallant-agnesi.188-165-133-218.plesk.page\/wp-content\/uploads\/2025\/01\/movil_teaser.jpg\",\"contentUrl\":\"https:\/\/gallant-agnesi.188-165-133-218.plesk.page\/wp-content\/uploads\/2025\/01\/movil_teaser.jpg\",\"width\":779,\"height\":286,\"caption\":\"Festival Internacional de Cine de Huesca\"},\"image\":{\"@id\":\"https:\/\/gallant-agnesi.188-165-133-218.plesk.page\/en\/#\/schema\/logo\/image\/\"}}]}<\/script>\n<!-- \/ Yoast SEO plugin. -->","yoast_head_json":{"title":"Jinete Ib\u00e9rico Award | Festival Internacional de Cine de Huesca","robots":{"index":"index","follow":"follow","max-snippet":"max-snippet:-1","max-image-preview":"max-image-preview:large","max-video-preview":"max-video-preview:-1"},"canonical":"https:\/\/gallant-agnesi.188-165-133-218.plesk.page\/en\/history\/jinete-iberico-award\/","og_locale":"en_US","og_type":"article","og_title":"Jinete Ib\u00e9rico Award | Festival Internacional de Cine de Huesca","og_description":"Este premio creado en 1979 por el IEA, supuso su vinculaci\u00f3n a nuestro Festival apostando por el arte cinematogr\u00e1fico, para premiar al mejor cortometraje espa\u00f1ol de cada edici\u00f3n. Posteriormente premian a la mejor \u00f3pera prima espa\u00f1ola presentada. El Instituto de Estudios Altoaragoneses fundado en el a\u00f1o 1949 como Instituto de Estudios Oscenses, es un organismo&hellip;","og_url":"https:\/\/gallant-agnesi.188-165-133-218.plesk.page\/en\/history\/jinete-iberico-award\/","og_site_name":"Festival Internacional de Cine de Huesca","article_modified_time":"2014-02-11T18:56:12+00:00","og_image":[{"width":300,"height":200,"url":"https:\/\/gallant-agnesi.188-165-133-218.plesk.page\/wp-content\/uploads\/2014\/02\/jinete-iberico.jpg","type":"image\/jpeg"}],"twitter_card":"summary_large_image","twitter_misc":{"Est. reading time":"1 minute"},"schema":{"@context":"https:\/\/schema.org","@graph":[{"@type":"WebPage","@id":"https:\/\/gallant-agnesi.188-165-133-218.plesk.page\/en\/history\/jinete-iberico-award\/","url":"https:\/\/gallant-agnesi.188-165-133-218.plesk.page\/en\/history\/jinete-iberico-award\/","name":"Jinete Ib\u00e9rico Award | Festival Internacional de Cine de Huesca","isPartOf":{"@id":"https:\/\/gallant-agnesi.188-165-133-218.plesk.page\/en\/#website"},"primaryImageOfPage":{"@id":"https:\/\/gallant-agnesi.188-165-133-218.plesk.page\/en\/history\/jinete-iberico-award\/#primaryimage"},"image":{"@id":"https:\/\/gallant-agnesi.188-165-133-218.plesk.page\/en\/history\/jinete-iberico-award\/#primaryimage"},"thumbnailUrl":"https:\/\/gallant-agnesi.188-165-133-218.plesk.page\/wp-content\/uploads\/2014\/02\/jinete-iberico.jpg","datePublished":"2014-02-10T15:38:56+00:00","dateModified":"2014-02-11T18:56:12+00:00","breadcrumb":{"@id":"https:\/\/gallant-agnesi.188-165-133-218.plesk.page\/en\/history\/jinete-iberico-award\/#breadcrumb"},"inLanguage":"en-US","potentialAction":[{"@type":"ReadAction","target":["https:\/\/gallant-agnesi.188-165-133-218.plesk.page\/en\/history\/jinete-iberico-award\/"]}]},{"@type":"ImageObject","inLanguage":"en-US","@id":"https:\/\/gallant-agnesi.188-165-133-218.plesk.page\/en\/history\/jinete-iberico-award\/#primaryimage","url":"https:\/\/gallant-agnesi.188-165-133-218.plesk.page\/wp-content\/uploads\/2014\/02\/jinete-iberico.jpg","contentUrl":"https:\/\/gallant-agnesi.188-165-133-218.plesk.page\/wp-content\/uploads\/2014\/02\/jinete-iberico.jpg","width":300,"height":200},{"@type":"BreadcrumbList","@id":"https:\/\/gallant-agnesi.188-165-133-218.plesk.page\/en\/history\/jinete-iberico-award\/#breadcrumb","itemListElement":[{"@type":"ListItem","position":1,"name":"Inicio","item":"https:\/\/gallant-agnesi.188-165-133-218.plesk.page\/en\/"},{"@type":"ListItem","position":2,"name":"Festival History","item":"https:\/\/gallant-agnesi.188-165-133-218.plesk.page\/en\/history\/"},{"@type":"ListItem","position":3,"name":"Jinete Ib\u00e9rico Award"}]},{"@type":"WebSite","@id":"https:\/\/gallant-agnesi.188-165-133-218.plesk.page\/en\/#website","url":"https:\/\/gallant-agnesi.188-165-133-218.plesk.page\/en\/","name":"Festival Internacional de Cine de Huesca","description":"From 11 to 19 june 2021","publisher":{"@id":"https:\/\/gallant-agnesi.188-165-133-218.plesk.page\/en\/#organization"},"potentialAction":[{"@type":"SearchAction","target":{"@type":"EntryPoint","urlTemplate":"https:\/\/gallant-agnesi.188-165-133-218.plesk.page\/en\/?s={search_term_string}"},"query-input":"required name=search_term_string"}],"inLanguage":"en-US"},{"@type":"Organization","@id":"https:\/\/gallant-agnesi.188-165-133-218.plesk.page\/en\/#organization","name":"Festival Internacional de Cine de Huesca","url":"https:\/\/gallant-agnesi.188-165-133-218.plesk.page\/en\/","logo":{"@type":"ImageObject","inLanguage":"en-US","@id":"https:\/\/gallant-agnesi.188-165-133-218.plesk.page\/en\/#\/schema\/logo\/image\/","url":"https:\/\/gallant-agnesi.188-165-133-218.plesk.page\/wp-content\/uploads\/2025\/01\/movil_teaser.jpg","contentUrl":"https:\/\/gallant-agnesi.188-165-133-218.plesk.page\/wp-content\/uploads\/2025\/01\/movil_teaser.jpg","width":779,"height":286,"caption":"Festival Internacional de Cine de Huesca"},"image":{"@id":"https:\/\/gallant-agnesi.188-165-133-218.plesk.page\/en\/#\/schema\/logo\/image\/"}}]}},"_links":{"self":[{"href":"https:\/\/gallant-agnesi.188-165-133-218.plesk.page\/en\/wp-json\/wp\/v2\/pages\/2082"}],"collection":[{"href":"https:\/\/gallant-agnesi.188-165-133-218.plesk.page\/en\/wp-json\/wp\/v2\/pages"}],"about":[{"href":"https:\/\/gallant-agnesi.188-165-133-218.plesk.page\/en\/wp-json\/wp\/v2\/types\/page"}],"author":[{"embeddable":true,"href":"https:\/\/gallant-agnesi.188-165-133-218.plesk.page\/en\/wp-json\/wp\/v2\/users\/1"}],"replies":[{"embeddable":true,"href":"https:\/\/gallant-agnesi.188-165-133-218.plesk.page\/en\/wp-json\/wp\/v2\/comments?post=2082"}],"version-history":[{"count":2,"href":"https:\/\/gallant-agnesi.188-165-133-218.plesk.page\/en\/wp-json\/wp\/v2\/pages\/2082\/revisions"}],"predecessor-version":[{"id":2085,"href":"https:\/\/gallant-agnesi.188-165-133-218.plesk.page\/en\/wp-json\/wp\/v2\/pages\/2082\/revisions\/2085"}],"up":[{"embeddable":true,"href":"https:\/\/gallant-agnesi.188-165-133-218.plesk.page\/en\/wp-json\/wp\/v2\/pages\/36779"}],"wp:featuredmedia":[{"embeddable":true,"href":"https:\/\/gallant-agnesi.188-165-133-218.plesk.page\/en\/wp-json\/wp\/v2\/media\/1822"}],"wp:attachment":[{"href":"https:\/\/gallant-agnesi.188-165-133-218.plesk.page\/en\/wp-json\/wp\/v2\/media?parent=2082"}],"curies":[{"name":"wp","href":"https:\/\/api.w.org\/{rel}","templated":true}]}}