{"id":2079,"date":"2014-03-07T18:43:21","date_gmt":"2014-03-07T17:43:21","guid":{"rendered":"https:\/\/gallant-agnesi.188-165-133-218.plesk.page\/?page_id=2079"},"modified":"2022-01-14T11:59:16","modified_gmt":"2022-01-14T10:59:16","slug":"francisco-garcia-de-paso-award","status":"publish","type":"page","link":"https:\/\/gallant-agnesi.188-165-133-218.plesk.page\/en\/history\/francisco-garcia-de-paso-award\/","title":{"rendered":"Francisco Garc\u00eda de Paso Award"},"content":{"rendered":"<div class=\"wpb-content-wrapper\"><p>[vc_row type=&#8221;vc_default&#8221; full_width=&#8221;stretch_row&#8221; bg_type=&#8221;bg_color&#8221; seperator_enable=&#8221;seperator_enable_value&#8221; seperator_type=&#8221;tilt_left_seperator&#8221; seperator_position=&#8221;bottom_seperator&#8221; seperator_svg_height=&#8221;80&#8243; seperator_shape_background=&#8221;#ffffff&#8221; bg_color_value=&#8221;#000000&#8243; css=&#8221;.vc_custom_1642157849683{margin-top: -50px !important;}&#8221;][vc_column width=&#8221;3\/4&#8243; css=&#8221;.vc_custom_1488278993139{padding-top: 50px !important;padding-bottom: 50px !important;}&#8221;][vc_custom_heading source=&#8221;post_title&#8221; font_container=&#8221;tag:h2|text_align:left|color:%23ffffff&#8221; use_theme_fonts=&#8221;yes&#8221;][vc_custom_heading text=&#8221;SECCI\u00d3N OFICIAL&#8221; font_container=&#8221;tag:h4|text_align:left|color:%23ffffff|line_height:150%25&#8243; use_theme_fonts=&#8221;yes&#8221;][\/vc_column][vc_column width=&#8221;1\/4&#8243; offset=&#8221;vc_hidden-sm vc_hidden-xs&#8221;]<style type=\"text\/css\" data-type=\"the7_shortcodes-inline-css\">.dt-breadcrumbs-id-18e1a6531b37468b1cb44de3dc05b919 .breadcrumbs {\n  display: inline-block;\n  margin: 0;\n  padding: 2px 10px 2px 10px;\n  border: 0px solid ;\n  border-radius: 0px;\n}\n.dt-breadcrumbs-id-18e1a6531b37468b1cb44de3dc05b919 .breadcrumbs * {\n  text-transform: uppercase;\n}\n<\/style><div class=\"dt-breadcrumbs-shortcode dt-breadcrumbs-id-18e1a6531b37468b1cb44de3dc05b919 align-right\"><div class=\"assistive-text\">You are here:<\/div><ol class=\"breadcrumbs text-small\" itemscope itemtype=\"https:\/\/schema.org\/BreadcrumbList\"><li itemprop=\"itemListElement\" itemscope itemtype=\"https:\/\/schema.org\/ListItem\"><a itemprop=\"item\" href=\"https:\/\/gallant-agnesi.188-165-133-218.plesk.page\/en\/\" title=\"Home\"><span itemprop=\"name\">Home<\/span><\/a><meta itemprop=\"position\" content=\"1\" \/><\/li><li class=\"current\" itemprop=\"itemListElement\" itemscope itemtype=\"https:\/\/schema.org\/ListItem\"><span itemprop=\"name\">Page<\/span><meta itemprop=\"position\" content=\"2\" \/><\/li><\/ol><\/div>[\/vc_column][\/vc_row][vc_row margin_top=&#8221;35&#8243;][vc_column width=&#8221;5\/6&#8243; offset=&#8221;vc_col-lg-offset-2&#8243;][vc_row_inner][vc_column_inner width=&#8221;3\/4&#8243;][vc_column_text]<strong>Francisco Garc\u00eda de Paso,<\/strong> Huesca (Espa\u00f1a), (1948-1994) Profesor de Bachillerato, humanista y un hombre de letras.<\/p>\n<p>Empez\u00f3 a colaborar con el Festival a finales de la d\u00e9cada de los setenta y en 1981 pas\u00f3 a formar parte del Comit\u00e9 Ejecutivo del Festival, desempe\u00f1ando los cargos de Jefe de Prensa y Publicaciones por lo que su principal misi\u00f3n fue cuidar de la imagen del Festival y llevar la relaci\u00f3n con los\u00a0 medios de comunicaci\u00f3n.<\/p>\n<p>Nos represent\u00f3 en algunos Festivales internacionales como en Mayo de 1986 que lo hizo en el de Cracovia (Polonia) y al mes siguiente en el XXIII Festival de Televisi\u00f3n Checoslovaco \u201cPrague d\u2019or\u201d, etc.<\/p>\n<p>En 1985 cre\u00f3 el primer peri\u00f3dico diario del Festival y lo dirigi\u00f3 hasta su fallecimiento el 27 de noviembre de 1994, a los 46 a\u00f1os de edad, tras una penosa enfermedad.<\/p>\n<p>Este premio lleva asociado un trofeo que nos realiz\u00f3 el escultor oscense Javier Sauras, es de bronce y m\u00f3vil. No tiene dotaci\u00f3n econ\u00f3mica.[\/vc_column_text][\/vc_column_inner][vc_column_inner width=&#8221;1\/4&#8243;][vc_single_image image=&#8221;1832&#8243; img_size=&#8221;full&#8221; alignment=&#8221;center&#8221;][\/vc_column_inner][\/vc_row_inner][\/vc_column][\/vc_row]<\/p>\n<\/div>","protected":false},"excerpt":{"rendered":"<p>[vc_row type=&#8221;vc_default&#8221; full_width=&#8221;stretch_row&#8221; bg_type=&#8221;bg_color&#8221; seperator_enable=&#8221;seperator_enable_value&#8221; seperator_type=&#8221;tilt_left_seperator&#8221; seperator_position=&#8221;bottom_seperator&#8221; seperator_svg_height=&#8221;80&#8243; seperator_shape_background=&#8221;#ffffff&#8221; bg_color_value=&#8221;#000000&#8243; css=&#8221;.vc_custom_1642157849683{margin-top: -50px !important;}&#8221;][vc_column width=&#8221;3\/4&#8243; css=&#8221;.vc_custom_1488278993139{padding-top: 50px !important;padding-bottom: 50px !important;}&#8221;][vc_custom_heading source=&#8221;post_title&#8221; font_container=&#8221;tag:h2|text_align:left|color:%23ffffff&#8221; use_theme_fonts=&#8221;yes&#8221;][vc_custom_heading text=&#8221;SECCI\u00d3N OFICIAL&#8221; font_container=&#8221;tag:h4|text_align:left|color:%23ffffff|line_height:150%25&#8243; use_theme_fonts=&#8221;yes&#8221;][\/vc_column][vc_column width=&#8221;1\/4&#8243; offset=&#8221;vc_hidden-sm vc_hidden-xs&#8221;][\/vc_column][\/vc_row][vc_row margin_top=&#8221;35&#8243;][vc_column width=&#8221;5\/6&#8243; offset=&#8221;vc_col-lg-offset-2&#8243;][vc_row_inner][vc_column_inner width=&#8221;3\/4&#8243;][vc_column_text]Francisco Garc\u00eda de Paso, Huesca (Espa\u00f1a), (1948-1994) Profesor de Bachillerato, humanista y un hombre de letras. Empez\u00f3 a colaborar con el Festival a&hellip;<\/p>\n","protected":false},"author":1,"featured_media":1833,"parent":36779,"menu_order":0,"comment_status":"closed","ping_status":"open","template":"","meta":{"footnotes":""},"yoast_head":"<!-- This site is optimized with the Yoast SEO plugin v22.8 - https:\/\/yoast.com\/wordpress\/plugins\/seo\/ -->\n<title>Francisco Garc\u00eda de Paso Award | Festival Internacional de Cine de Huesca<\/title>\n<meta name=\"robots\" content=\"index, follow, max-snippet:-1, max-image-preview:large, max-video-preview:-1\" \/>\n<link rel=\"canonical\" href=\"https:\/\/gallant-agnesi.188-165-133-218.plesk.page\/en\/history\/francisco-garcia-de-paso-award\/\" \/>\n<meta property=\"og:locale\" content=\"en_US\" \/>\n<meta property=\"og:type\" content=\"article\" \/>\n<meta property=\"og:title\" content=\"Francisco Garc\u00eda de Paso Award | Festival Internacional de Cine de Huesca\" \/>\n<meta property=\"og:description\" content=\"[vc_row type=&#8221;vc_default&#8221; full_width=&#8221;stretch_row&#8221; bg_type=&#8221;bg_color&#8221; seperator_enable=&#8221;seperator_enable_value&#8221; seperator_type=&#8221;tilt_left_seperator&#8221; seperator_position=&#8221;bottom_seperator&#8221; seperator_svg_height=&#8221;80&#8243; seperator_shape_background=&#8221;#ffffff&#8221; bg_color_value=&#8221;#000000&#8243; css=&#8221;.vc_custom_1642157849683{margin-top: -50px !important;}&#8221;][vc_column width=&#8221;3\/4&#8243; css=&#8221;.vc_custom_1488278993139{padding-top: 50px !important;padding-bottom: 50px !important;}&#8221;][vc_custom_heading source=&#8221;post_title&#8221; font_container=&#8221;tag:h2|text_align:left|color:%23ffffff&#8221; use_theme_fonts=&#8221;yes&#8221;][vc_custom_heading text=&#8221;SECCI\u00d3N OFICIAL&#8221; font_container=&#8221;tag:h4|text_align:left|color:%23ffffff|line_height:150%25&#8243; use_theme_fonts=&#8221;yes&#8221;][\/vc_column][vc_column width=&#8221;1\/4&#8243; offset=&#8221;vc_hidden-sm vc_hidden-xs&#8221;][\/vc_column][\/vc_row][vc_row margin_top=&#8221;35&#8243;][vc_column width=&#8221;5\/6&#8243; offset=&#8221;vc_col-lg-offset-2&#8243;][vc_row_inner][vc_column_inner width=&#8221;3\/4&#8243;][vc_column_text]Francisco Garc\u00eda de Paso, Huesca (Espa\u00f1a), (1948-1994) Profesor de Bachillerato, humanista y un hombre de letras. Empez\u00f3 a colaborar con el Festival a&hellip;\" \/>\n<meta property=\"og:url\" content=\"https:\/\/gallant-agnesi.188-165-133-218.plesk.page\/en\/history\/francisco-garcia-de-paso-award\/\" \/>\n<meta property=\"og:site_name\" content=\"Festival Internacional de Cine de Huesca\" \/>\n<meta property=\"article:modified_time\" content=\"2022-01-14T10:59:16+00:00\" \/>\n<meta property=\"og:image\" content=\"https:\/\/gallant-agnesi.188-165-133-218.plesk.page\/wp-content\/uploads\/2014\/02\/francisco-garcia-de-paso.jpg\" \/>\n\t<meta property=\"og:image:width\" content=\"116\" \/>\n\t<meta property=\"og:image:height\" content=\"197\" \/>\n\t<meta property=\"og:image:type\" content=\"image\/jpeg\" \/>\n<meta name=\"twitter:card\" content=\"summary_large_image\" \/>\n<meta name=\"twitter:label1\" content=\"Est. reading time\" \/>\n\t<meta name=\"twitter:data1\" content=\"-1371 minutes\" \/>\n<script type=\"application\/ld+json\" class=\"yoast-schema-graph\">{\"@context\":\"https:\/\/schema.org\",\"@graph\":[{\"@type\":\"WebPage\",\"@id\":\"https:\/\/gallant-agnesi.188-165-133-218.plesk.page\/en\/history\/francisco-garcia-de-paso-award\/\",\"url\":\"https:\/\/gallant-agnesi.188-165-133-218.plesk.page\/en\/history\/francisco-garcia-de-paso-award\/\",\"name\":\"Francisco Garc\u00eda de Paso Award | Festival Internacional de Cine de Huesca\",\"isPartOf\":{\"@id\":\"https:\/\/gallant-agnesi.188-165-133-218.plesk.page\/en\/#website\"},\"primaryImageOfPage\":{\"@id\":\"https:\/\/gallant-agnesi.188-165-133-218.plesk.page\/en\/history\/francisco-garcia-de-paso-award\/#primaryimage\"},\"image\":{\"@id\":\"https:\/\/gallant-agnesi.188-165-133-218.plesk.page\/en\/history\/francisco-garcia-de-paso-award\/#primaryimage\"},\"thumbnailUrl\":\"https:\/\/gallant-agnesi.188-165-133-218.plesk.page\/wp-content\/uploads\/2014\/02\/francisco-garcia-de-paso.jpg\",\"datePublished\":\"2014-03-07T17:43:21+00:00\",\"dateModified\":\"2022-01-14T10:59:16+00:00\",\"breadcrumb\":{\"@id\":\"https:\/\/gallant-agnesi.188-165-133-218.plesk.page\/en\/history\/francisco-garcia-de-paso-award\/#breadcrumb\"},\"inLanguage\":\"en-US\",\"potentialAction\":[{\"@type\":\"ReadAction\",\"target\":[\"https:\/\/gallant-agnesi.188-165-133-218.plesk.page\/en\/history\/francisco-garcia-de-paso-award\/\"]}]},{\"@type\":\"ImageObject\",\"inLanguage\":\"en-US\",\"@id\":\"https:\/\/gallant-agnesi.188-165-133-218.plesk.page\/en\/history\/francisco-garcia-de-paso-award\/#primaryimage\",\"url\":\"https:\/\/gallant-agnesi.188-165-133-218.plesk.page\/wp-content\/uploads\/2014\/02\/francisco-garcia-de-paso.jpg\",\"contentUrl\":\"https:\/\/gallant-agnesi.188-165-133-218.plesk.page\/wp-content\/uploads\/2014\/02\/francisco-garcia-de-paso.jpg\",\"width\":116,\"height\":197},{\"@type\":\"BreadcrumbList\",\"@id\":\"https:\/\/gallant-agnesi.188-165-133-218.plesk.page\/en\/history\/francisco-garcia-de-paso-award\/#breadcrumb\",\"itemListElement\":[{\"@type\":\"ListItem\",\"position\":1,\"name\":\"Inicio\",\"item\":\"https:\/\/gallant-agnesi.188-165-133-218.plesk.page\/en\/\"},{\"@type\":\"ListItem\",\"position\":2,\"name\":\"Festival History\",\"item\":\"https:\/\/gallant-agnesi.188-165-133-218.plesk.page\/en\/history\/\"},{\"@type\":\"ListItem\",\"position\":3,\"name\":\"Francisco Garc\u00eda de Paso Award\"}]},{\"@type\":\"WebSite\",\"@id\":\"https:\/\/gallant-agnesi.188-165-133-218.plesk.page\/en\/#website\",\"url\":\"https:\/\/gallant-agnesi.188-165-133-218.plesk.page\/en\/\",\"name\":\"Festival Internacional de Cine de Huesca\",\"description\":\"From 11 to 19 june 2021\",\"publisher\":{\"@id\":\"https:\/\/gallant-agnesi.188-165-133-218.plesk.page\/en\/#organization\"},\"potentialAction\":[{\"@type\":\"SearchAction\",\"target\":{\"@type\":\"EntryPoint\",\"urlTemplate\":\"https:\/\/gallant-agnesi.188-165-133-218.plesk.page\/en\/?s={search_term_string}\"},\"query-input\":\"required name=search_term_string\"}],\"inLanguage\":\"en-US\"},{\"@type\":\"Organization\",\"@id\":\"https:\/\/gallant-agnesi.188-165-133-218.plesk.page\/en\/#organization\",\"name\":\"Festival Internacional de Cine de Huesca\",\"url\":\"https:\/\/gallant-agnesi.188-165-133-218.plesk.page\/en\/\",\"logo\":{\"@type\":\"ImageObject\",\"inLanguage\":\"en-US\",\"@id\":\"https:\/\/gallant-agnesi.188-165-133-218.plesk.page\/en\/#\/schema\/logo\/image\/\",\"url\":\"https:\/\/gallant-agnesi.188-165-133-218.plesk.page\/wp-content\/uploads\/2025\/01\/movil_teaser.jpg\",\"contentUrl\":\"https:\/\/gallant-agnesi.188-165-133-218.plesk.page\/wp-content\/uploads\/2025\/01\/movil_teaser.jpg\",\"width\":779,\"height\":286,\"caption\":\"Festival Internacional de Cine de Huesca\"},\"image\":{\"@id\":\"https:\/\/gallant-agnesi.188-165-133-218.plesk.page\/en\/#\/schema\/logo\/image\/\"}}]}<\/script>\n<!-- \/ Yoast SEO plugin. -->","yoast_head_json":{"title":"Francisco Garc\u00eda de Paso Award | Festival Internacional de Cine de Huesca","robots":{"index":"index","follow":"follow","max-snippet":"max-snippet:-1","max-image-preview":"max-image-preview:large","max-video-preview":"max-video-preview:-1"},"canonical":"https:\/\/gallant-agnesi.188-165-133-218.plesk.page\/en\/history\/francisco-garcia-de-paso-award\/","og_locale":"en_US","og_type":"article","og_title":"Francisco Garc\u00eda de Paso Award | Festival Internacional de Cine de Huesca","og_description":"[vc_row type=&#8221;vc_default&#8221; full_width=&#8221;stretch_row&#8221; bg_type=&#8221;bg_color&#8221; seperator_enable=&#8221;seperator_enable_value&#8221; seperator_type=&#8221;tilt_left_seperator&#8221; seperator_position=&#8221;bottom_seperator&#8221; seperator_svg_height=&#8221;80&#8243; seperator_shape_background=&#8221;#ffffff&#8221; bg_color_value=&#8221;#000000&#8243; css=&#8221;.vc_custom_1642157849683{margin-top: -50px !important;}&#8221;][vc_column width=&#8221;3\/4&#8243; css=&#8221;.vc_custom_1488278993139{padding-top: 50px !important;padding-bottom: 50px !important;}&#8221;][vc_custom_heading source=&#8221;post_title&#8221; font_container=&#8221;tag:h2|text_align:left|color:%23ffffff&#8221; use_theme_fonts=&#8221;yes&#8221;][vc_custom_heading text=&#8221;SECCI\u00d3N OFICIAL&#8221; font_container=&#8221;tag:h4|text_align:left|color:%23ffffff|line_height:150%25&#8243; use_theme_fonts=&#8221;yes&#8221;][\/vc_column][vc_column width=&#8221;1\/4&#8243; offset=&#8221;vc_hidden-sm vc_hidden-xs&#8221;][\/vc_column][\/vc_row][vc_row margin_top=&#8221;35&#8243;][vc_column width=&#8221;5\/6&#8243; offset=&#8221;vc_col-lg-offset-2&#8243;][vc_row_inner][vc_column_inner width=&#8221;3\/4&#8243;][vc_column_text]Francisco Garc\u00eda de Paso, Huesca (Espa\u00f1a), (1948-1994) Profesor de Bachillerato, humanista y un hombre de letras. Empez\u00f3 a colaborar con el Festival a&hellip;","og_url":"https:\/\/gallant-agnesi.188-165-133-218.plesk.page\/en\/history\/francisco-garcia-de-paso-award\/","og_site_name":"Festival Internacional de Cine de Huesca","article_modified_time":"2022-01-14T10:59:16+00:00","og_image":[{"width":116,"height":197,"url":"https:\/\/gallant-agnesi.188-165-133-218.plesk.page\/wp-content\/uploads\/2014\/02\/francisco-garcia-de-paso.jpg","type":"image\/jpeg"}],"twitter_card":"summary_large_image","twitter_misc":{"Est. reading time":"-1371 minutes"},"schema":{"@context":"https:\/\/schema.org","@graph":[{"@type":"WebPage","@id":"https:\/\/gallant-agnesi.188-165-133-218.plesk.page\/en\/history\/francisco-garcia-de-paso-award\/","url":"https:\/\/gallant-agnesi.188-165-133-218.plesk.page\/en\/history\/francisco-garcia-de-paso-award\/","name":"Francisco Garc\u00eda de Paso Award | Festival Internacional de Cine de Huesca","isPartOf":{"@id":"https:\/\/gallant-agnesi.188-165-133-218.plesk.page\/en\/#website"},"primaryImageOfPage":{"@id":"https:\/\/gallant-agnesi.188-165-133-218.plesk.page\/en\/history\/francisco-garcia-de-paso-award\/#primaryimage"},"image":{"@id":"https:\/\/gallant-agnesi.188-165-133-218.plesk.page\/en\/history\/francisco-garcia-de-paso-award\/#primaryimage"},"thumbnailUrl":"https:\/\/gallant-agnesi.188-165-133-218.plesk.page\/wp-content\/uploads\/2014\/02\/francisco-garcia-de-paso.jpg","datePublished":"2014-03-07T17:43:21+00:00","dateModified":"2022-01-14T10:59:16+00:00","breadcrumb":{"@id":"https:\/\/gallant-agnesi.188-165-133-218.plesk.page\/en\/history\/francisco-garcia-de-paso-award\/#breadcrumb"},"inLanguage":"en-US","potentialAction":[{"@type":"ReadAction","target":["https:\/\/gallant-agnesi.188-165-133-218.plesk.page\/en\/history\/francisco-garcia-de-paso-award\/"]}]},{"@type":"ImageObject","inLanguage":"en-US","@id":"https:\/\/gallant-agnesi.188-165-133-218.plesk.page\/en\/history\/francisco-garcia-de-paso-award\/#primaryimage","url":"https:\/\/gallant-agnesi.188-165-133-218.plesk.page\/wp-content\/uploads\/2014\/02\/francisco-garcia-de-paso.jpg","contentUrl":"https:\/\/gallant-agnesi.188-165-133-218.plesk.page\/wp-content\/uploads\/2014\/02\/francisco-garcia-de-paso.jpg","width":116,"height":197},{"@type":"BreadcrumbList","@id":"https:\/\/gallant-agnesi.188-165-133-218.plesk.page\/en\/history\/francisco-garcia-de-paso-award\/#breadcrumb","itemListElement":[{"@type":"ListItem","position":1,"name":"Inicio","item":"https:\/\/gallant-agnesi.188-165-133-218.plesk.page\/en\/"},{"@type":"ListItem","position":2,"name":"Festival History","item":"https:\/\/gallant-agnesi.188-165-133-218.plesk.page\/en\/history\/"},{"@type":"ListItem","position":3,"name":"Francisco Garc\u00eda de Paso Award"}]},{"@type":"WebSite","@id":"https:\/\/gallant-agnesi.188-165-133-218.plesk.page\/en\/#website","url":"https:\/\/gallant-agnesi.188-165-133-218.plesk.page\/en\/","name":"Festival Internacional de Cine de Huesca","description":"From 11 to 19 june 2021","publisher":{"@id":"https:\/\/gallant-agnesi.188-165-133-218.plesk.page\/en\/#organization"},"potentialAction":[{"@type":"SearchAction","target":{"@type":"EntryPoint","urlTemplate":"https:\/\/gallant-agnesi.188-165-133-218.plesk.page\/en\/?s={search_term_string}"},"query-input":"required name=search_term_string"}],"inLanguage":"en-US"},{"@type":"Organization","@id":"https:\/\/gallant-agnesi.188-165-133-218.plesk.page\/en\/#organization","name":"Festival Internacional de Cine de Huesca","url":"https:\/\/gallant-agnesi.188-165-133-218.plesk.page\/en\/","logo":{"@type":"ImageObject","inLanguage":"en-US","@id":"https:\/\/gallant-agnesi.188-165-133-218.plesk.page\/en\/#\/schema\/logo\/image\/","url":"https:\/\/gallant-agnesi.188-165-133-218.plesk.page\/wp-content\/uploads\/2025\/01\/movil_teaser.jpg","contentUrl":"https:\/\/gallant-agnesi.188-165-133-218.plesk.page\/wp-content\/uploads\/2025\/01\/movil_teaser.jpg","width":779,"height":286,"caption":"Festival Internacional de Cine de Huesca"},"image":{"@id":"https:\/\/gallant-agnesi.188-165-133-218.plesk.page\/en\/#\/schema\/logo\/image\/"}}]}},"_links":{"self":[{"href":"https:\/\/gallant-agnesi.188-165-133-218.plesk.page\/en\/wp-json\/wp\/v2\/pages\/2079"}],"collection":[{"href":"https:\/\/gallant-agnesi.188-165-133-218.plesk.page\/en\/wp-json\/wp\/v2\/pages"}],"about":[{"href":"https:\/\/gallant-agnesi.188-165-133-218.plesk.page\/en\/wp-json\/wp\/v2\/types\/page"}],"author":[{"embeddable":true,"href":"https:\/\/gallant-agnesi.188-165-133-218.plesk.page\/en\/wp-json\/wp\/v2\/users\/1"}],"replies":[{"embeddable":true,"href":"https:\/\/gallant-agnesi.188-165-133-218.plesk.page\/en\/wp-json\/wp\/v2\/comments?post=2079"}],"version-history":[{"count":6,"href":"https:\/\/gallant-agnesi.188-165-133-218.plesk.page\/en\/wp-json\/wp\/v2\/pages\/2079\/revisions"}],"predecessor-version":[{"id":37167,"href":"https:\/\/gallant-agnesi.188-165-133-218.plesk.page\/en\/wp-json\/wp\/v2\/pages\/2079\/revisions\/37167"}],"up":[{"embeddable":true,"href":"https:\/\/gallant-agnesi.188-165-133-218.plesk.page\/en\/wp-json\/wp\/v2\/pages\/36779"}],"wp:featuredmedia":[{"embeddable":true,"href":"https:\/\/gallant-agnesi.188-165-133-218.plesk.page\/en\/wp-json\/wp\/v2\/media\/1833"}],"wp:attachment":[{"href":"https:\/\/gallant-agnesi.188-165-133-218.plesk.page\/en\/wp-json\/wp\/v2\/media?parent=2079"}],"curies":[{"name":"wp","href":"https:\/\/api.w.org\/{rel}","templated":true}]}}