{"id":2077,"date":"2014-02-10T16:43:54","date_gmt":"2014-02-10T15:43:54","guid":{"rendered":"https:\/\/gallant-agnesi.188-165-133-218.plesk.page\/?page_id=2077"},"modified":"2018-01-29T11:43:04","modified_gmt":"2018-01-29T10:43:04","slug":"cacho-pallero-award","status":"publish","type":"page","link":"https:\/\/gallant-agnesi.188-165-133-218.plesk.page\/en\/history\/cacho-pallero-award\/","title":{"rendered":"Cacho Pallero Award"},"content":{"rendered":"<div class=\"wpb-content-wrapper\"><p>[vc_row][vc_column width=&#8221;2\/3&#8243;][vc_column_text]<\/p>\n<div id=\"gt-res-content\">\n<div id=\"gt-res-dir-ctr\" class=\"trans-verified-button-small\" dir=\"ltr\">\n<p><span id=\"result_box\" class=\"\" lang=\"en\"><span title=\"En recuerdo de Edgardo Cacho Pallero.\">In memory of <strong>Edgardo Cacho Pallero<\/strong>. <\/span><span title=\"Argentina (1935-1992).\">Argentina (1935-1992). <\/span><span title=\"Productor y director de documentales.\">Producer and director of documentaries. <\/span><span title=\"Historiador. \">Historian.<\/span><\/span><\/p>\n<p><span title=\"Perteneci\u00f3 al grupo fundador del Instituto de Cinematograf\u00eda de la Universidad Nacional del Litoral (Santa Fe) en el a\u00f1o 1956, colaborando con Birri en la organizaci\u00f3n y estructuraci\u00f3n de la mencionada escuela que se convierte en la primera escuela de cine de Am\u00e9rica Latina.\">He belonged to the founding group of the Institute of Cinematography of the National University of the Coast (Santa Fe) in 1956, collaborating with Birri in the organization and structuring of the mentioned school that becomes the first school of cinema of Latin America. <\/span><span title=\"Fue cofundador de la Escuela Internacional de Cine y Televisi\u00f3n de San Antonio de los Ba\u00f1os (EICTV) en 1976. \">He was cofounder of the International School of Cinema and Television of San Antonio de los Ba\u00f1os (EICTV) in 1976.<\/span><\/p>\n<p><span title=\"Miembro Fundador por Argentina, del Comit\u00e9 de Cineastas del Nuevo Cine Latinoamericano, dirigida por Gabriel Garc\u00eda M\u00e1rquez. \">Founding Member for Argentina, of the Committee of Filmmakers of the New Latin American Cinema, directed by Gabriel Garc\u00eda M\u00e1rquez.<\/span><\/p>\n<p><span title=\"Jefe General de Taller Experimental y Encargado del Departamento de Producci\u00f3n del Instituto de Cinematograf\u00eda de la U.N.L.\">General Manager of Experimental Workshop and in charge of the Production Department of the Institute of Cinematography of the U.N.L. <\/span><span title=\"supervis\u00f3 desde 1959 hasta 1962 su producci\u00f3n de documentales.\">Supervised from 1959 to 1962 his documentary production. <\/span><span title=\"Colabor\u00f3 con Fernando Birri en algunos de sus documentales. \">He collaborated with Fernando Birri on some of his documentaries.<\/span><\/p>\n<p><span title=\"En diciembre de 1963 viaja a Brasil, invitado por la Cinemateca de Sao Paulo.\">In December of 1963 travels to Brazil, invited by the Cinemateca of Sao Paulo. <\/span><span title=\"Se integr\u00f3 en el movimiento CINEMA NOVO colaborando en varios documentales como productor ejecutivo. \">He joined the CINEMA NOVO movement collaborating on several documentaries as an executive producer.<\/span><\/p>\n<p><span title=\"En enero de 1967 es designado Delegado Coordinador del 5\u00ba Festival de Cine de Vi\u00f1a del Mar, que en este a\u00f1o se plantea como el Primer Encuentro de Cineastas Latinoamericanos.\">In January 1967 he was appointed Coordinating Delegate of the 5th Vi\u00f1a del Mar Film Festival, which this year is considered the First Meeting of Latin American Filmmakers. <\/span><span title=\"Se le nombr\u00f3 Secretario General del Centro latinoamericano del Nuevo Cine, organismo creado en ese Festival de Vi\u00f1a del mar. \">He was appointed Secretary General of the Latin American Center of New Cinema, organism created in that Festival of Vi\u00f1a del Mar.<\/span><\/p>\n<p><span title=\"Durante el gobierno de Isabel Mart\u00ednez de Per\u00f3n, la Triple A, amenaza su vida y la de su familia.\">During the government of Isabel Mart\u00ednez de Per\u00f3n, the Triple A, threatens his life and that of his family. <\/span><span title=\"Llegada la democracia, establece contacto con P\u00e9rez Estremera.\">When democracy arrives, it establishes contact with P\u00e9rez Estremera. <\/span><span title=\"A partir de esta vinculaci\u00f3n, Cacho trabaja para conseguir co-producciones entre Espa\u00f1a y Am\u00e9rica Latina.\">From this link, Cacho works to get co-productions between Spain and Latin America. <\/span><span title=\"Se establecen relaciones muy productivas entre los dos pa\u00edses.\">Very productive relations are established between the two countries. <\/span><span title=\"Cacho apoy\u00f3 y contribuy\u00f3 de manera activa al cine latinoamericano, viajando a festivales internacionales promovi\u00e9ndolo tanto el corto como el largometraje. \">Cacho supported and contributed actively to the Latin American cinema, traveling to international festivals promoting both the short film and the feature film.<\/span><\/p>\n<p><span title=\"Un gran hombre y entra\u00f1able amigo del Festival desde su contacto con nosotros y se afianz\u00f3 a trav\u00e9s de su intervenci\u00f3n como Jurado Internacional en la 19\u00aa edici\u00f3n de 1991. Lo sinti\u00f3 como suyo y as\u00ed lo hizo patente en cuantos Festivales o Convenciones cinematogr\u00e1ficas asist\u00eda.\">A great man and dear friend of the Festival since his contact with us and was strengthened through his intervention as International Jury in the 19th edition of 1991. He felt it as his and so made it clear in how many Festivals or Cinematographic Conventions attended.<\/span><\/p>\n<\/div>\n<\/div>\n<p>[\/vc_column_text][\/vc_column][vc_column width=&#8221;1\/3&#8243;][vc_single_image image=&#8221;1827&#8243; img_size=&#8221;full&#8221;][\/vc_column][\/vc_row]<\/p>\n<\/div>","protected":false},"excerpt":{"rendered":"<p>[vc_row][vc_column width=&#8221;2\/3&#8243;][vc_column_text] In memory of Edgardo Cacho Pallero. Argentina (1935-1992). Producer and director of documentaries. Historian. He belonged to the founding group of the Institute of Cinematography of the National University of the Coast (Santa Fe) in 1956, collaborating with Birri in the organization and structuring of the mentioned school that becomes the first school&hellip;<\/p>\n","protected":false},"author":1,"featured_media":1827,"parent":36779,"menu_order":0,"comment_status":"closed","ping_status":"open","template":"","meta":{"footnotes":""},"yoast_head":"<!-- This site is optimized with the Yoast SEO plugin v22.8 - https:\/\/yoast.com\/wordpress\/plugins\/seo\/ -->\n<title>Cacho Pallero Award | Festival Internacional de Cine de Huesca<\/title>\n<meta name=\"robots\" content=\"index, follow, max-snippet:-1, max-image-preview:large, max-video-preview:-1\" \/>\n<link rel=\"canonical\" href=\"https:\/\/gallant-agnesi.188-165-133-218.plesk.page\/en\/history\/cacho-pallero-award\/\" \/>\n<meta property=\"og:locale\" content=\"en_US\" \/>\n<meta property=\"og:type\" content=\"article\" \/>\n<meta property=\"og:title\" content=\"Cacho Pallero Award | Festival Internacional de Cine de Huesca\" \/>\n<meta property=\"og:description\" content=\"[vc_row][vc_column width=&#8221;2\/3&#8243;][vc_column_text] In memory of Edgardo Cacho Pallero. Argentina (1935-1992). Producer and director of documentaries. Historian. He belonged to the founding group of the Institute of Cinematography of the National University of the Coast (Santa Fe) in 1956, collaborating with Birri in the organization and structuring of the mentioned school that becomes the first school&hellip;\" \/>\n<meta property=\"og:url\" content=\"https:\/\/gallant-agnesi.188-165-133-218.plesk.page\/en\/history\/cacho-pallero-award\/\" \/>\n<meta property=\"og:site_name\" content=\"Festival Internacional de Cine de Huesca\" \/>\n<meta property=\"article:modified_time\" content=\"2018-01-29T10:43:04+00:00\" \/>\n<meta property=\"og:image\" content=\"https:\/\/gallant-agnesi.188-165-133-218.plesk.page\/wp-content\/uploads\/2014\/02\/cacho-pallero.jpg\" \/>\n\t<meta property=\"og:image:width\" content=\"600\" \/>\n\t<meta property=\"og:image:height\" content=\"400\" \/>\n\t<meta property=\"og:image:type\" content=\"image\/jpeg\" \/>\n<meta name=\"twitter:card\" content=\"summary_large_image\" \/>\n<meta name=\"twitter:label1\" content=\"Est. reading time\" \/>\n\t<meta name=\"twitter:data1\" content=\"2 minutes\" \/>\n<script type=\"application\/ld+json\" class=\"yoast-schema-graph\">{\"@context\":\"https:\/\/schema.org\",\"@graph\":[{\"@type\":\"WebPage\",\"@id\":\"https:\/\/gallant-agnesi.188-165-133-218.plesk.page\/en\/history\/cacho-pallero-award\/\",\"url\":\"https:\/\/gallant-agnesi.188-165-133-218.plesk.page\/en\/history\/cacho-pallero-award\/\",\"name\":\"Cacho Pallero Award | Festival Internacional de Cine de Huesca\",\"isPartOf\":{\"@id\":\"https:\/\/gallant-agnesi.188-165-133-218.plesk.page\/en\/#website\"},\"primaryImageOfPage\":{\"@id\":\"https:\/\/gallant-agnesi.188-165-133-218.plesk.page\/en\/history\/cacho-pallero-award\/#primaryimage\"},\"image\":{\"@id\":\"https:\/\/gallant-agnesi.188-165-133-218.plesk.page\/en\/history\/cacho-pallero-award\/#primaryimage\"},\"thumbnailUrl\":\"https:\/\/gallant-agnesi.188-165-133-218.plesk.page\/wp-content\/uploads\/2014\/02\/cacho-pallero.jpg\",\"datePublished\":\"2014-02-10T15:43:54+00:00\",\"dateModified\":\"2018-01-29T10:43:04+00:00\",\"breadcrumb\":{\"@id\":\"https:\/\/gallant-agnesi.188-165-133-218.plesk.page\/en\/history\/cacho-pallero-award\/#breadcrumb\"},\"inLanguage\":\"en-US\",\"potentialAction\":[{\"@type\":\"ReadAction\",\"target\":[\"https:\/\/gallant-agnesi.188-165-133-218.plesk.page\/en\/history\/cacho-pallero-award\/\"]}]},{\"@type\":\"ImageObject\",\"inLanguage\":\"en-US\",\"@id\":\"https:\/\/gallant-agnesi.188-165-133-218.plesk.page\/en\/history\/cacho-pallero-award\/#primaryimage\",\"url\":\"https:\/\/gallant-agnesi.188-165-133-218.plesk.page\/wp-content\/uploads\/2014\/02\/cacho-pallero.jpg\",\"contentUrl\":\"https:\/\/gallant-agnesi.188-165-133-218.plesk.page\/wp-content\/uploads\/2014\/02\/cacho-pallero.jpg\",\"width\":600,\"height\":400},{\"@type\":\"BreadcrumbList\",\"@id\":\"https:\/\/gallant-agnesi.188-165-133-218.plesk.page\/en\/history\/cacho-pallero-award\/#breadcrumb\",\"itemListElement\":[{\"@type\":\"ListItem\",\"position\":1,\"name\":\"Inicio\",\"item\":\"https:\/\/gallant-agnesi.188-165-133-218.plesk.page\/en\/\"},{\"@type\":\"ListItem\",\"position\":2,\"name\":\"Festival History\",\"item\":\"https:\/\/gallant-agnesi.188-165-133-218.plesk.page\/en\/history\/\"},{\"@type\":\"ListItem\",\"position\":3,\"name\":\"Cacho Pallero Award\"}]},{\"@type\":\"WebSite\",\"@id\":\"https:\/\/gallant-agnesi.188-165-133-218.plesk.page\/en\/#website\",\"url\":\"https:\/\/gallant-agnesi.188-165-133-218.plesk.page\/en\/\",\"name\":\"Festival Internacional de Cine de Huesca\",\"description\":\"From 11 to 19 june 2021\",\"publisher\":{\"@id\":\"https:\/\/gallant-agnesi.188-165-133-218.plesk.page\/en\/#organization\"},\"potentialAction\":[{\"@type\":\"SearchAction\",\"target\":{\"@type\":\"EntryPoint\",\"urlTemplate\":\"https:\/\/gallant-agnesi.188-165-133-218.plesk.page\/en\/?s={search_term_string}\"},\"query-input\":\"required name=search_term_string\"}],\"inLanguage\":\"en-US\"},{\"@type\":\"Organization\",\"@id\":\"https:\/\/gallant-agnesi.188-165-133-218.plesk.page\/en\/#organization\",\"name\":\"Festival Internacional de Cine de Huesca\",\"url\":\"https:\/\/gallant-agnesi.188-165-133-218.plesk.page\/en\/\",\"logo\":{\"@type\":\"ImageObject\",\"inLanguage\":\"en-US\",\"@id\":\"https:\/\/gallant-agnesi.188-165-133-218.plesk.page\/en\/#\/schema\/logo\/image\/\",\"url\":\"https:\/\/gallant-agnesi.188-165-133-218.plesk.page\/wp-content\/uploads\/2025\/01\/movil_teaser.jpg\",\"contentUrl\":\"https:\/\/gallant-agnesi.188-165-133-218.plesk.page\/wp-content\/uploads\/2025\/01\/movil_teaser.jpg\",\"width\":779,\"height\":286,\"caption\":\"Festival Internacional de Cine de Huesca\"},\"image\":{\"@id\":\"https:\/\/gallant-agnesi.188-165-133-218.plesk.page\/en\/#\/schema\/logo\/image\/\"}}]}<\/script>\n<!-- \/ Yoast SEO plugin. -->","yoast_head_json":{"title":"Cacho Pallero Award | Festival Internacional de Cine de Huesca","robots":{"index":"index","follow":"follow","max-snippet":"max-snippet:-1","max-image-preview":"max-image-preview:large","max-video-preview":"max-video-preview:-1"},"canonical":"https:\/\/gallant-agnesi.188-165-133-218.plesk.page\/en\/history\/cacho-pallero-award\/","og_locale":"en_US","og_type":"article","og_title":"Cacho Pallero Award | Festival Internacional de Cine de Huesca","og_description":"[vc_row][vc_column width=&#8221;2\/3&#8243;][vc_column_text] In memory of Edgardo Cacho Pallero. Argentina (1935-1992). Producer and director of documentaries. Historian. He belonged to the founding group of the Institute of Cinematography of the National University of the Coast (Santa Fe) in 1956, collaborating with Birri in the organization and structuring of the mentioned school that becomes the first school&hellip;","og_url":"https:\/\/gallant-agnesi.188-165-133-218.plesk.page\/en\/history\/cacho-pallero-award\/","og_site_name":"Festival Internacional de Cine de Huesca","article_modified_time":"2018-01-29T10:43:04+00:00","og_image":[{"width":600,"height":400,"url":"https:\/\/gallant-agnesi.188-165-133-218.plesk.page\/wp-content\/uploads\/2014\/02\/cacho-pallero.jpg","type":"image\/jpeg"}],"twitter_card":"summary_large_image","twitter_misc":{"Est. reading time":"2 minutes"},"schema":{"@context":"https:\/\/schema.org","@graph":[{"@type":"WebPage","@id":"https:\/\/gallant-agnesi.188-165-133-218.plesk.page\/en\/history\/cacho-pallero-award\/","url":"https:\/\/gallant-agnesi.188-165-133-218.plesk.page\/en\/history\/cacho-pallero-award\/","name":"Cacho Pallero Award | Festival Internacional de Cine de Huesca","isPartOf":{"@id":"https:\/\/gallant-agnesi.188-165-133-218.plesk.page\/en\/#website"},"primaryImageOfPage":{"@id":"https:\/\/gallant-agnesi.188-165-133-218.plesk.page\/en\/history\/cacho-pallero-award\/#primaryimage"},"image":{"@id":"https:\/\/gallant-agnesi.188-165-133-218.plesk.page\/en\/history\/cacho-pallero-award\/#primaryimage"},"thumbnailUrl":"https:\/\/gallant-agnesi.188-165-133-218.plesk.page\/wp-content\/uploads\/2014\/02\/cacho-pallero.jpg","datePublished":"2014-02-10T15:43:54+00:00","dateModified":"2018-01-29T10:43:04+00:00","breadcrumb":{"@id":"https:\/\/gallant-agnesi.188-165-133-218.plesk.page\/en\/history\/cacho-pallero-award\/#breadcrumb"},"inLanguage":"en-US","potentialAction":[{"@type":"ReadAction","target":["https:\/\/gallant-agnesi.188-165-133-218.plesk.page\/en\/history\/cacho-pallero-award\/"]}]},{"@type":"ImageObject","inLanguage":"en-US","@id":"https:\/\/gallant-agnesi.188-165-133-218.plesk.page\/en\/history\/cacho-pallero-award\/#primaryimage","url":"https:\/\/gallant-agnesi.188-165-133-218.plesk.page\/wp-content\/uploads\/2014\/02\/cacho-pallero.jpg","contentUrl":"https:\/\/gallant-agnesi.188-165-133-218.plesk.page\/wp-content\/uploads\/2014\/02\/cacho-pallero.jpg","width":600,"height":400},{"@type":"BreadcrumbList","@id":"https:\/\/gallant-agnesi.188-165-133-218.plesk.page\/en\/history\/cacho-pallero-award\/#breadcrumb","itemListElement":[{"@type":"ListItem","position":1,"name":"Inicio","item":"https:\/\/gallant-agnesi.188-165-133-218.plesk.page\/en\/"},{"@type":"ListItem","position":2,"name":"Festival History","item":"https:\/\/gallant-agnesi.188-165-133-218.plesk.page\/en\/history\/"},{"@type":"ListItem","position":3,"name":"Cacho Pallero Award"}]},{"@type":"WebSite","@id":"https:\/\/gallant-agnesi.188-165-133-218.plesk.page\/en\/#website","url":"https:\/\/gallant-agnesi.188-165-133-218.plesk.page\/en\/","name":"Festival Internacional de Cine de Huesca","description":"From 11 to 19 june 2021","publisher":{"@id":"https:\/\/gallant-agnesi.188-165-133-218.plesk.page\/en\/#organization"},"potentialAction":[{"@type":"SearchAction","target":{"@type":"EntryPoint","urlTemplate":"https:\/\/gallant-agnesi.188-165-133-218.plesk.page\/en\/?s={search_term_string}"},"query-input":"required name=search_term_string"}],"inLanguage":"en-US"},{"@type":"Organization","@id":"https:\/\/gallant-agnesi.188-165-133-218.plesk.page\/en\/#organization","name":"Festival Internacional de Cine de Huesca","url":"https:\/\/gallant-agnesi.188-165-133-218.plesk.page\/en\/","logo":{"@type":"ImageObject","inLanguage":"en-US","@id":"https:\/\/gallant-agnesi.188-165-133-218.plesk.page\/en\/#\/schema\/logo\/image\/","url":"https:\/\/gallant-agnesi.188-165-133-218.plesk.page\/wp-content\/uploads\/2025\/01\/movil_teaser.jpg","contentUrl":"https:\/\/gallant-agnesi.188-165-133-218.plesk.page\/wp-content\/uploads\/2025\/01\/movil_teaser.jpg","width":779,"height":286,"caption":"Festival Internacional de Cine de Huesca"},"image":{"@id":"https:\/\/gallant-agnesi.188-165-133-218.plesk.page\/en\/#\/schema\/logo\/image\/"}}]}},"_links":{"self":[{"href":"https:\/\/gallant-agnesi.188-165-133-218.plesk.page\/en\/wp-json\/wp\/v2\/pages\/2077"}],"collection":[{"href":"https:\/\/gallant-agnesi.188-165-133-218.plesk.page\/en\/wp-json\/wp\/v2\/pages"}],"about":[{"href":"https:\/\/gallant-agnesi.188-165-133-218.plesk.page\/en\/wp-json\/wp\/v2\/types\/page"}],"author":[{"embeddable":true,"href":"https:\/\/gallant-agnesi.188-165-133-218.plesk.page\/en\/wp-json\/wp\/v2\/users\/1"}],"replies":[{"embeddable":true,"href":"https:\/\/gallant-agnesi.188-165-133-218.plesk.page\/en\/wp-json\/wp\/v2\/comments?post=2077"}],"version-history":[{"count":4,"href":"https:\/\/gallant-agnesi.188-165-133-218.plesk.page\/en\/wp-json\/wp\/v2\/pages\/2077\/revisions"}],"predecessor-version":[{"id":37158,"href":"https:\/\/gallant-agnesi.188-165-133-218.plesk.page\/en\/wp-json\/wp\/v2\/pages\/2077\/revisions\/37158"}],"up":[{"embeddable":true,"href":"https:\/\/gallant-agnesi.188-165-133-218.plesk.page\/en\/wp-json\/wp\/v2\/pages\/36779"}],"wp:featuredmedia":[{"embeddable":true,"href":"https:\/\/gallant-agnesi.188-165-133-218.plesk.page\/en\/wp-json\/wp\/v2\/media\/1827"}],"wp:attachment":[{"href":"https:\/\/gallant-agnesi.188-165-133-218.plesk.page\/en\/wp-json\/wp\/v2\/media?parent=2077"}],"curies":[{"name":"wp","href":"https:\/\/api.w.org\/{rel}","templated":true}]}}